{"id":2144,"date":"2025-10-11T02:41:50","date_gmt":"2025-10-11T02:41:50","guid":{"rendered":"https:\/\/uhmwpemanufacture.com\/?post_type=product&#038;p=2144"},"modified":"2025-10-11T02:41:50","modified_gmt":"2025-10-11T02:41:50","slug":"uhmwpe-pom-hdpe-nylon-polyethylene-floor-ball-dasher-boards","status":"publish","type":"product","link":"https:\/\/uhmwpemanufacture.com\/fr\/uhmwpe-pom-hdpe-nylon-polyethylene-floor-ball-dasher-boards\/","title":{"rendered":"Uhmwpe Pom Hdpe Nylon Polyethylene Floor ball dasher boards"},"content":{"rendered":"<h2 id=\"uhmwpe-pom-hdpe-nylon-polyethylene-floorball-dasher-boards\">UHMWPE, POM, HDPE, Nylon Poly\u00e9thyl\u00e8ne Floorball Dasher Boards<\/h2>\n<p>Nous fournissons des feuilles de plastique de qualit\u00e9 sup\u00e9rieure fabriqu\u00e9es \u00e0 partir de poly\u00e9thyl\u00e8ne UHMWPE, POM, HDPE et Nylon, sp\u00e9cialement con\u00e7ues pour des panneaux de dashers de floorball robustes et performants. Ces produits offrent une remarquable r\u00e9sistance aux effets, un frottement r\u00e9duit et des propri\u00e9t\u00e9s d'usure exceptionnelles, garantissant une atmosph\u00e8re de jeu robuste et sans risque. L'image montre un choix de ces feuilles de haute qualit\u00e9 en blanc et en noir, mettant en \u00e9vidence leur construction solide et leur rev\u00eatement lisse. Nos plaques de dames de floorball sont disponibles dans de nombreuses \u00e9paisseurs et peuvent \u00eatre personnalis\u00e9es pour r\u00e9pondre \u00e0 certaines dimensions de patinoire et exigences d'agencement. Parfaites pour les terrains professionnels et les centres de loisirs, ces feuilles de plastique polyvalentes garantissent une efficacit\u00e9 durable, une maintenance marginale et une int\u00e9grit\u00e9 structurelle sup\u00e9rieure pour toute configuration de floorball.<\/p>","protected":false},"excerpt":{"rendered":"<p>Nos feuilles de poly\u00e9thyl\u00e8ne UHMWPE, POM, HDPE et Nylon sont id\u00e9ales pour la fabrication de panneaux d'affichage durables pour le floorball. Ces feuilles de plastique de haute qualit\u00e9 offrent une excellente r\u00e9sistance aux chocs et une faible friction, garantissant un environnement de jeu s\u00fbr et robuste. Disponibles en blanc et en noir, elles sont parfaites pour toute installation de floorball.<\/p>","protected":false},"featured_media":2147,"template":"","meta":{"_gspb_post_css":""},"product_brand":[],"product_cat":[29,33,23],"product_tag":[248,411,408],"class_list":{"0":"post-2144","1":"product","2":"type-product","3":"status-publish","4":"has-post-thumbnail","6":"product_cat-ice-rink-products","7":"product_cat-floor-ball-dasher-boards","8":"product_cat-nylon-sheets","9":"product_tag-floorball-dasher-boards","10":"product_tag-hdpe-plastic","11":"product_tag-uhmwpe-sheets","13":"first","14":"instock","15":"shipping-taxable","16":"product-type-simple"},"_links":{"self":[{"href":"https:\/\/uhmwpemanufacture.com\/fr\/wp-json\/wp\/v2\/product\/2144","targetHints":{"allow":["GET"]}}],"collection":[{"href":"https:\/\/uhmwpemanufacture.com\/fr\/wp-json\/wp\/v2\/product"}],"about":[{"href":"https:\/\/uhmwpemanufacture.com\/fr\/wp-json\/wp\/v2\/types\/product"}],"wp:featuredmedia":[{"embeddable":true,"href":"https:\/\/uhmwpemanufacture.com\/fr\/wp-json\/wp\/v2\/media\/2147"}],"wp:attachment":[{"href":"https:\/\/uhmwpemanufacture.com\/fr\/wp-json\/wp\/v2\/media?parent=2144"}],"wp:term":[{"taxonomy":"product_brand","embeddable":true,"href":"https:\/\/uhmwpemanufacture.com\/fr\/wp-json\/wp\/v2\/product_brand?post=2144"},{"taxonomy":"product_cat","embeddable":true,"href":"https:\/\/uhmwpemanufacture.com\/fr\/wp-json\/wp\/v2\/product_cat?post=2144"},{"taxonomy":"product_tag","embeddable":true,"href":"https:\/\/uhmwpemanufacture.com\/fr\/wp-json\/wp\/v2\/product_tag?post=2144"}],"curies":[{"name":"wp","href":"https:\/\/api.w.org\/{rel}","templated":true}]}}