{"id":2149,"date":"2025-10-11T02:46:25","date_gmt":"2025-10-11T02:46:25","guid":{"rendered":"https:\/\/uhmwpemanufacture.com\/?post_type=product&#038;p=2149"},"modified":"2025-10-11T02:46:25","modified_gmt":"2025-10-11T02:46:25","slug":"custom-paving-slabs-ground-protection-road-dura-mat-dealer","status":"publish","type":"product","link":"https:\/\/uhmwpemanufacture.com\/fr\/custom-paving-slabs-ground-protection-road-dura-mat-dealer\/","title":{"rendered":"Dalles de pavage sur mesure Protection du sol Route Dura Mat Concessionnaire"},"content":{"rendered":"<h2 id=\"custom-paving-slabs-ground-protection-road-dura-floor-covering-supplier\">Dalles de pavage sur mesure Protection du sol Route Dura Floor Covering Supplier<\/h2>\n<p>Nous sommes un fournisseur de premier plan de dalles de pavage personnalis\u00e9es et de tapis de protection des sols road dura, con\u00e7us pour fournir une accessibilit\u00e9 momentan\u00e9e robuste et une s\u00e9curit\u00e9 de surface dans des environnements difficiles. Comme le montrent les photos, nos tapis robustes sont dot\u00e9s d'un motif unique en forme de plaque de diamant pour une meilleure traction, ce qui les rend parfaits pour les chantiers de construction, les occasions et tout autre endroit n\u00e9cessitant une couverture de sol stable et antid\u00e9rapante. Nous proposons de grandes quantit\u00e9s de ces tapis, joliment empil\u00e9s sur des palettes dans notre entrep\u00f4t, pr\u00eats \u00e0 \u00eatre distribu\u00e9s. La deuxi\u00e8me photo montre leur application utile, offrant un chemin solide sur un terrain boueux. Fabriqu\u00e9s \u00e0 partir de produits r\u00e9sistants et de haute densit\u00e9, nos rev\u00eatements de sol de d\u00e9fense des sols emp\u00eachent les dommages caus\u00e9s aux paysages d\u00e9licats, am\u00e9liorent l'accessibilit\u00e9 des camions et des pi\u00e9tons, et distribuent efficacement de grandes quantit\u00e9s. Nous fournissons des dimensions et des sp\u00e9cifications personnalis\u00e9es pour r\u00e9pondre aux diverses exigences des projets, garantissant une performance fiable dans diff\u00e9rents probl\u00e8mes.<\/p>","protected":false},"excerpt":{"rendered":"<p>Nous sommes l'un des principaux distributeurs de dalles de pavage personnalis\u00e9es et de tapis de protection des sols Road Dura. Nos tapis robustes sont dot\u00e9s d'une plaque de diamant pour une traction sup\u00e9rieure, id\u00e9ale pour les chantiers de construction, les \u00e9v\u00e9nements et les acc\u00e8s temporaires sur des terrains difficiles comme la boue.<\/p>","protected":false},"featured_media":2154,"template":"","meta":{"_gspb_post_css":""},"product_brand":[],"product_cat":[24,26,27],"product_tag":[72,412,278],"class_list":{"0":"post-2149","1":"product","2":"type-product","3":"status-publish","4":"has-post-thumbnail","6":"product_cat-ground-protection-road-mats","7":"product_cat-base-mats","8":"product_cat-dura-mats","9":"product_tag-ground-protection-mats","10":"product_tag-paving-slabs","11":"product_tag-road-mats","13":"first","14":"instock","15":"shipping-taxable","16":"product-type-simple"},"_links":{"self":[{"href":"https:\/\/uhmwpemanufacture.com\/fr\/wp-json\/wp\/v2\/product\/2149","targetHints":{"allow":["GET"]}}],"collection":[{"href":"https:\/\/uhmwpemanufacture.com\/fr\/wp-json\/wp\/v2\/product"}],"about":[{"href":"https:\/\/uhmwpemanufacture.com\/fr\/wp-json\/wp\/v2\/types\/product"}],"wp:featuredmedia":[{"embeddable":true,"href":"https:\/\/uhmwpemanufacture.com\/fr\/wp-json\/wp\/v2\/media\/2154"}],"wp:attachment":[{"href":"https:\/\/uhmwpemanufacture.com\/fr\/wp-json\/wp\/v2\/media?parent=2149"}],"wp:term":[{"taxonomy":"product_brand","embeddable":true,"href":"https:\/\/uhmwpemanufacture.com\/fr\/wp-json\/wp\/v2\/product_brand?post=2149"},{"taxonomy":"product_cat","embeddable":true,"href":"https:\/\/uhmwpemanufacture.com\/fr\/wp-json\/wp\/v2\/product_cat?post=2149"},{"taxonomy":"product_tag","embeddable":true,"href":"https:\/\/uhmwpemanufacture.com\/fr\/wp-json\/wp\/v2\/product_tag?post=2149"}],"curies":[{"name":"wp","href":"https:\/\/api.w.org\/{rel}","templated":true}]}}