{"id":2156,"date":"2025-10-11T02:50:57","date_gmt":"2025-10-11T02:50:57","guid":{"rendered":"https:\/\/uhmwpemanufacture.com\/?post_type=product&#038;p=2156"},"modified":"2025-10-11T02:50:57","modified_gmt":"2025-10-11T02:50:57","slug":"outrigger-pad-ultra-high-molecular-weight-polyethylene-hdpe","status":"publish","type":"product","link":"https:\/\/uhmwpemanufacture.com\/fr\/outrigger-pad-ultra-high-molecular-weight-polyethylene-hdpe\/","title":{"rendered":"Coussin de d\u00e9clenchement Poly\u00e9thyl\u00e8ne de tr\u00e8s haut poids mol\u00e9culaire HDPE"},"content":{"rendered":"<h2 id=\"outrigger-pad-ultra-high-molecular-weight-polyethylene-hdpe\">Coussin de d\u00e9clenchement : Poly\u00e9thyl\u00e8ne de tr\u00e8s haut poids mol\u00e9culaire HDPE<\/h2>\n<p>Nos tampons sont fabriqu\u00e9s \u00e0 partir de poly\u00e9thyl\u00e8ne \u00e0 tr\u00e8s haut poids mol\u00e9culaire (UHMWPE) et de PEHD, ce qui leur conf\u00e8re une r\u00e9sistance et une s\u00e9curit\u00e9 remarquables pour les outils lourds. Ces tampons r\u00e9silients r\u00e9partissent efficacement les charges, prot\u00e9geant les surfaces contre les dommages et renfor\u00e7ant la s\u00e9curit\u00e9 pendant les proc\u00e9dures de formation. La toute premi\u00e8re image montre un tampon d'appui carr\u00e9 unique avec un centre arrondi distinctif pour une meilleure tenue et une poign\u00e9e verte pratique pour un transport ais\u00e9. La deuxi\u00e8me image montre son application pratique, soutenant le pied d'un stabilisateur sur un terrain irr\u00e9gulier, mettant en \u00e9vidence ses capacit\u00e9s de charge robustes et ses avantages en mati\u00e8re de protection du sol. Adapt\u00e9s aux grues, aux plates-formes de travail a\u00e9roport\u00e9es et \u00e0 d'autres \u00e9quipements n\u00e9cessitant une assistance stable, nos patins de stabilisateurs en UHMWPE et en PEHD sont insensibles \u00e0 l'eau, aux produits chimiques et aux temp\u00e9ratures \u00e9lev\u00e9es. Ils constituent un service fiable et durable pour les secteurs de la construction, de l'\u00e9nergie et de l'am\u00e9nagement paysager, garantissant la stabilit\u00e9 de l'\u00e9quipement et la s\u00e9curit\u00e9 du conducteur sur n'importe quel chantier.<\/p>","protected":false},"excerpt":{"rendered":"<p>Nos plaques d'appui en UHMWPE et HDPE offrent une r\u00e9sistance et une stabilit\u00e9 sup\u00e9rieures pour les \u00e9quipements lourds. Ces tampons durables r\u00e9partissent efficacement les charges, \u00e9vitant ainsi d'endommager les surfaces et renfor\u00e7ant la s\u00e9curit\u00e9 lors des op\u00e9rations de levage. Dot\u00e9s d'une poign\u00e9e pratique, ils sont id\u00e9aux pour les grues et les plates-formes a\u00e9riennes.<\/p>","protected":false},"featured_media":2162,"template":"","meta":{"_gspb_post_css":""},"product_brand":[],"product_cat":[15,20],"product_tag":[397,256,396],"class_list":{"0":"post-2156","1":"product","2":"type-product","3":"status-publish","4":"has-post-thumbnail","6":"product_cat-uhmwpe-hdpe-sheets-plates","7":"product_cat-crane-outrigger-pads","8":"product_tag-hdpe","9":"product_tag-outrigger-pads","10":"product_tag-uhmwpe","12":"first","13":"instock","14":"shipping-taxable","15":"product-type-simple"},"_links":{"self":[{"href":"https:\/\/uhmwpemanufacture.com\/fr\/wp-json\/wp\/v2\/product\/2156","targetHints":{"allow":["GET"]}}],"collection":[{"href":"https:\/\/uhmwpemanufacture.com\/fr\/wp-json\/wp\/v2\/product"}],"about":[{"href":"https:\/\/uhmwpemanufacture.com\/fr\/wp-json\/wp\/v2\/types\/product"}],"wp:featuredmedia":[{"embeddable":true,"href":"https:\/\/uhmwpemanufacture.com\/fr\/wp-json\/wp\/v2\/media\/2162"}],"wp:attachment":[{"href":"https:\/\/uhmwpemanufacture.com\/fr\/wp-json\/wp\/v2\/media?parent=2156"}],"wp:term":[{"taxonomy":"product_brand","embeddable":true,"href":"https:\/\/uhmwpemanufacture.com\/fr\/wp-json\/wp\/v2\/product_brand?post=2156"},{"taxonomy":"product_cat","embeddable":true,"href":"https:\/\/uhmwpemanufacture.com\/fr\/wp-json\/wp\/v2\/product_cat?post=2156"},{"taxonomy":"product_tag","embeddable":true,"href":"https:\/\/uhmwpemanufacture.com\/fr\/wp-json\/wp\/v2\/product_tag?post=2156"}],"curies":[{"name":"wp","href":"https:\/\/api.w.org\/{rel}","templated":true}]}}