{"id":2163,"date":"2025-10-11T02:55:32","date_gmt":"2025-10-11T02:55:32","guid":{"rendered":"https:\/\/uhmwpemanufacture.com\/?post_type=product&#038;p=2163"},"modified":"2025-10-11T02:55:32","modified_gmt":"2025-10-11T02:55:32","slug":"custom-high-quality-coal-bunker-limit-plate-manufacturer","status":"publish","type":"product","link":"https:\/\/uhmwpemanufacture.com\/fr\/custom-high-quality-coal-bunker-limit-plate-manufacturer\/","title":{"rendered":"Plaque de limite de soute \u00e0 charbon de haute qualit\u00e9 fabriqu\u00e9e sur mesure"},"content":{"rendered":"<h2 id=\"personalized-high-quality-coal-shelter-restriction-plate-manufacturer\">Plaque de restriction de l'abri \u00e0 charbon personnalis\u00e9e de haute qualit\u00e9 Fabricant<\/h2>\n<p>Nous sommes un fournisseur de premier plan de plaques de restriction de soutes \u00e0 charbon sur mesure et de qualit\u00e9 sup\u00e9rieure, con\u00e7ues pour des performances sup\u00e9rieures et une durabilit\u00e9 recherch\u00e9e dans les environnements industriels. Nos plaques sont fabriqu\u00e9es \u00e0 partir de mat\u00e9riaux durables pour r\u00e9sister \u00e0 la nature rugueuse du charbon et \u00e0 une utilisation intensive constante, garantissant ainsi une proc\u00e9dure efficace et s\u00fbre pour les soutes \u00e0 charbon. Comme le montre la photo, nos plaques de restriction noires et carr\u00e9es sont empil\u00e9es proprement sur des palettes en bois, ce qui t\u00e9moigne de notre capacit\u00e9 \u00e0 fabriquer des produits en vrac et \u00e0 les fournir de mani\u00e8re organis\u00e9e. Chaque plaque est produite avec pr\u00e9cision, offrant une superbe r\u00e9sistance \u00e0 l'usure et une surface lisse pour faciliter la circulation du charbon tout en prot\u00e9geant la structure de l'abri. Nous fournissons des dimensions ajustables et des compositions de produits pour s'adapter parfaitement \u00e0 vos syst\u00e8mes de prise en charge du charbon, en r\u00e9duisant les co\u00fbts d'entretien et en augmentant l'efficacit\u00e9 fonctionnelle. Faites confiance \u00e0 notre savoir-faire pour obtenir des plaques de restriction de soutes \u00e0 charbon fiables et performantes qui r\u00e9pondent aux crit\u00e8res rigoureux du secteur.<\/p>","protected":false},"excerpt":{"rendered":"<p>Nous fabriquons sur mesure des plaques de limitation de la tr\u00e9mie \u00e0 charbon de haute qualit\u00e9. Fabriqu\u00e9es \u00e0 partir de mat\u00e9riaux robustes et r\u00e9sistants \u00e0 l'usure, ces plaques garantissent un \u00e9coulement efficace du charbon et prot\u00e8gent les structures des tr\u00e9mies. Disponibles en vrac, nos plaques de pr\u00e9cision offrent des performances durables dans des environnements industriels exigeants.<\/p>","protected":false},"featured_media":2164,"template":"","meta":{"_gspb_post_css":""},"product_brand":[],"product_cat":[15,22],"product_tag":[413,415,414],"class_list":{"0":"post-2163","1":"product","2":"type-product","3":"status-publish","4":"has-post-thumbnail","6":"product_cat-uhmwpe-hdpe-sheets-plates","7":"product_cat-coal-bunker-limit-plates","8":"product_tag-coal-bunker-plates","9":"product_tag-industrial-plastics","10":"product_tag-limit-plates","12":"first","13":"instock","14":"shipping-taxable","15":"product-type-simple"},"_links":{"self":[{"href":"https:\/\/uhmwpemanufacture.com\/fr\/wp-json\/wp\/v2\/product\/2163","targetHints":{"allow":["GET"]}}],"collection":[{"href":"https:\/\/uhmwpemanufacture.com\/fr\/wp-json\/wp\/v2\/product"}],"about":[{"href":"https:\/\/uhmwpemanufacture.com\/fr\/wp-json\/wp\/v2\/types\/product"}],"wp:featuredmedia":[{"embeddable":true,"href":"https:\/\/uhmwpemanufacture.com\/fr\/wp-json\/wp\/v2\/media\/2164"}],"wp:attachment":[{"href":"https:\/\/uhmwpemanufacture.com\/fr\/wp-json\/wp\/v2\/media?parent=2163"}],"wp:term":[{"taxonomy":"product_brand","embeddable":true,"href":"https:\/\/uhmwpemanufacture.com\/fr\/wp-json\/wp\/v2\/product_brand?post=2163"},{"taxonomy":"product_cat","embeddable":true,"href":"https:\/\/uhmwpemanufacture.com\/fr\/wp-json\/wp\/v2\/product_cat?post=2163"},{"taxonomy":"product_tag","embeddable":true,"href":"https:\/\/uhmwpemanufacture.com\/fr\/wp-json\/wp\/v2\/product_tag?post=2163"}],"curies":[{"name":"wp","href":"https:\/\/api.w.org\/{rel}","templated":true}]}}