{"id":2167,"date":"2025-10-11T03:00:32","date_gmt":"2025-10-11T03:00:32","guid":{"rendered":"https:\/\/uhmwpemanufacture.com\/?post_type=product&#038;p=2167"},"modified":"2025-10-11T03:00:32","modified_gmt":"2025-10-11T03:00:32","slug":"composite-ground-mat-amphi-mat-plastic-road-ground-mat","status":"publish","type":"product","link":"https:\/\/uhmwpemanufacture.com\/fr\/composite-ground-mat-amphi-mat-plastic-road-ground-mat\/","title":{"rendered":"Tapis de sol composite Amphi Mat Tapis de sol routier en plastique"},"content":{"rendered":"<h2 id=\"composite-ground-mat-amphi-mat-plastic-roadway-ground-floor-covering\">Tapis de sol composite, Amphi Mat Rev\u00eatement de sol routier en plastique<\/h2>\n<p>Nous fournissons des rev\u00eatements de sol composites de qualit\u00e9 sup\u00e9rieure, \u00e9galement appel\u00e9s rev\u00eatements de sol en plastique Amphi Mat, cr\u00e9\u00e9s pour un acc\u00e8s remarquable et de courte dur\u00e9e et pour la s\u00e9curit\u00e9 du sol. Ces tapis durables sont id\u00e9aux pour cr\u00e9er des chemins stables, des syst\u00e8mes de travail et des voies d'acc\u00e8s sur des terrains difficiles tels que la boue, le sable ou des surfaces in\u00e9gales. L'image montre une pile de nos rev\u00eatements de sol durables, solidement attach\u00e9s avec des bandes jaunes, transport\u00e9s par un chariot \u00e9l\u00e9vateur \u00e0 fourche, soulignant leur pr\u00e9paration pour un d\u00e9ploiement \u00e0 grande \u00e9chelle et leur facilit\u00e9 de manipulation. Chaque rev\u00eatement de sol comporte une surface textur\u00e9e qui offre une excellente adh\u00e9rence aux voitures et aux pi\u00e9tons, emp\u00eachant ainsi les glissades et garantissant la s\u00e9curit\u00e9. Fabriqu\u00e9s \u00e0 partir de mat\u00e9riaux composites haute densit\u00e9 r\u00e9sistants, nos rev\u00eatements de sol sont insensibles aux charges lourdes, aux produits chimiques et aux conditions m\u00e9t\u00e9orologiques extr\u00eames, ce qui en fait un choix r\u00e9put\u00e9 pour les chantiers, les \u00e9v\u00e9nements en plein air, les travaux d'utilit\u00e9 publique et bien plus encore. Nous fournissons des tailles personnalis\u00e9es pour r\u00e9pondre \u00e0 des demandes de travaux vari\u00e9es, garantissant une d\u00e9fense efficace du sol et une accessibilit\u00e9 fiable au site.<\/p>","protected":false},"excerpt":{"rendered":"<p>Nos tapis de sol composites, \u00e9galement connus sous le nom de tapis de sol Amphi Mat pour routes en plastique, offrent un acc\u00e8s temporaire sup\u00e9rieur et une protection du sol. Id\u00e9aux pour les terrains difficiles, ces tapis durables offrent une excellente traction pour les v\u00e9hicules et les pi\u00e9tons, garantissant ainsi la s\u00e9curit\u00e9 et l'efficacit\u00e9 sur n'importe quel site.<\/p>","protected":false},"featured_media":2170,"template":"","meta":{"_gspb_post_css":""},"product_brand":[],"product_cat":[24,28,26],"product_tag":[417,392,416],"class_list":{"0":"post-2167","1":"product","2":"type-product","3":"status-publish","4":"has-post-thumbnail","6":"product_cat-ground-protection-road-mats","7":"product_cat-amphi-mats","8":"product_cat-base-mats","9":"product_tag-composite-mats","10":"product_tag-ground-mats","11":"product_tag-plastic-road-mats","13":"first","14":"instock","15":"shipping-taxable","16":"product-type-simple"},"_links":{"self":[{"href":"https:\/\/uhmwpemanufacture.com\/fr\/wp-json\/wp\/v2\/product\/2167","targetHints":{"allow":["GET"]}}],"collection":[{"href":"https:\/\/uhmwpemanufacture.com\/fr\/wp-json\/wp\/v2\/product"}],"about":[{"href":"https:\/\/uhmwpemanufacture.com\/fr\/wp-json\/wp\/v2\/types\/product"}],"wp:featuredmedia":[{"embeddable":true,"href":"https:\/\/uhmwpemanufacture.com\/fr\/wp-json\/wp\/v2\/media\/2170"}],"wp:attachment":[{"href":"https:\/\/uhmwpemanufacture.com\/fr\/wp-json\/wp\/v2\/media?parent=2167"}],"wp:term":[{"taxonomy":"product_brand","embeddable":true,"href":"https:\/\/uhmwpemanufacture.com\/fr\/wp-json\/wp\/v2\/product_brand?post=2167"},{"taxonomy":"product_cat","embeddable":true,"href":"https:\/\/uhmwpemanufacture.com\/fr\/wp-json\/wp\/v2\/product_cat?post=2167"},{"taxonomy":"product_tag","embeddable":true,"href":"https:\/\/uhmwpemanufacture.com\/fr\/wp-json\/wp\/v2\/product_tag?post=2167"}],"curies":[{"name":"wp","href":"https:\/\/api.w.org\/{rel}","templated":true}]}}