{"id":2171,"date":"2025-10-11T03:22:40","date_gmt":"2025-10-11T03:22:40","guid":{"rendered":"https:\/\/uhmwpemanufacture.com\/?post_type=product&#038;p=2171"},"modified":"2025-10-11T03:22:40","modified_gmt":"2025-10-11T03:22:40","slug":"injection-molding-plastic-products-uhmwpe-sheets-suppliers","status":"publish","type":"product","link":"https:\/\/uhmwpemanufacture.com\/fr\/injection-molding-plastic-products-uhmwpe-sheets-suppliers\/","title":{"rendered":"Produits plastiques pour le moulage par injection Feuilles UHMWPE Fournisseurs"},"content":{"rendered":"<h2 id=\"uhmwpe-sheets-rods\">Feuilles et barres en UHMWPE<\/h2>\n<p>Ces feuilles et poteaux en UHMWPE (poly\u00e9thyl\u00e8ne de poids mol\u00e9culaire ultra-\u00e9lev\u00e9) haute performance sont parfaits pour de nombreuses applications industrielles. Propos\u00e9s en plusieurs teintes (noir, blanc et bleu), ces produits en plastique r\u00e9silient offrent une r\u00e9sistance \u00e0 l'usure exceptionnelle, un frottement r\u00e9duit et une grande force d'action. Ils sont fr\u00e9quemment utilis\u00e9s comme produits plastiques de moulage par injection et r\u00e9pondent \u00e0 diff\u00e9rents besoins de fabrication de produits robustes et durables. L'image montre une pile de feuilles rectangulaires de diff\u00e9rentes teintes et de nombreux poteaux cylindriques, illustrant la commodit\u00e9 et les types de produits.<\/p>","protected":false},"excerpt":{"rendered":"<p>Des feuilles et des barres durables en UHMWPE de diff\u00e9rentes couleurs (noir, blanc, bleu, rouge, jaune, vert) sont pr\u00e9sent\u00e9es. Ces produits en plastique haute performance offrent une excellente r\u00e9sistance \u00e0 l'usure et une grande r\u00e9sistance aux chocs. Ils sont id\u00e9aux pour le moulage par injection et les applications industrielles n\u00e9cessitant des mat\u00e9riaux robustes.<\/p>","protected":false},"featured_media":2174,"template":"","meta":{"_gspb_post_css":""},"product_brand":[],"product_cat":[15,17],"product_tag":[415,395,396],"class_list":{"0":"post-2171","1":"product","2":"type-product","3":"status-publish","4":"has-post-thumbnail","6":"product_cat-uhmwpe-hdpe-sheets-plates","7":"product_cat-uhmwpe-sheets","8":"product_tag-industrial-plastics","9":"product_tag-plastic-sheets","10":"product_tag-uhmwpe","12":"first","13":"instock","14":"shipping-taxable","15":"product-type-simple"},"_links":{"self":[{"href":"https:\/\/uhmwpemanufacture.com\/fr\/wp-json\/wp\/v2\/product\/2171","targetHints":{"allow":["GET"]}}],"collection":[{"href":"https:\/\/uhmwpemanufacture.com\/fr\/wp-json\/wp\/v2\/product"}],"about":[{"href":"https:\/\/uhmwpemanufacture.com\/fr\/wp-json\/wp\/v2\/types\/product"}],"wp:featuredmedia":[{"embeddable":true,"href":"https:\/\/uhmwpemanufacture.com\/fr\/wp-json\/wp\/v2\/media\/2174"}],"wp:attachment":[{"href":"https:\/\/uhmwpemanufacture.com\/fr\/wp-json\/wp\/v2\/media?parent=2171"}],"wp:term":[{"taxonomy":"product_brand","embeddable":true,"href":"https:\/\/uhmwpemanufacture.com\/fr\/wp-json\/wp\/v2\/product_brand?post=2171"},{"taxonomy":"product_cat","embeddable":true,"href":"https:\/\/uhmwpemanufacture.com\/fr\/wp-json\/wp\/v2\/product_cat?post=2171"},{"taxonomy":"product_tag","embeddable":true,"href":"https:\/\/uhmwpemanufacture.com\/fr\/wp-json\/wp\/v2\/product_tag?post=2171"}],"curies":[{"name":"wp","href":"https:\/\/api.w.org\/{rel}","templated":true}]}}