{"id":2176,"date":"2025-10-11T03:30:50","date_gmt":"2025-10-11T03:30:50","guid":{"rendered":"https:\/\/uhmwpemanufacture.com\/?post_type=product&#038;p=2176"},"modified":"2025-10-11T03:30:50","modified_gmt":"2025-10-11T03:30:50","slug":"heavy-duty-uhmwpe-pe-plastic-outrigger-pad-wholesaler","status":"publish","type":"product","link":"https:\/\/uhmwpemanufacture.com\/fr\/heavy-duty-uhmwpe-pe-plastic-outrigger-pad-wholesaler\/","title":{"rendered":"Grossiste en coussins d'appui en plastique UHMWPE PE pour charges lourdes"},"content":{"rendered":"<h2 id=\"sturdy-uhmwpe-outrigger-pads\">Coussinets de d\u00e9clenchement robustes en UHMWPE<\/h2>\n<p>Ces tampons robustes en UHMWPE (poly\u00e9thyl\u00e8ne de poids mol\u00e9culaire ultra-\u00e9lev\u00e9) sont con\u00e7us pour offrir un soutien et une s\u00e9curit\u00e9 exceptionnels dans diff\u00e9rentes applications commerciales. Fabriqu\u00e9s en plastique PE de haute qualit\u00e9, ils offrent une solidit\u00e9, une r\u00e9silience et une r\u00e9sistance \u00e0 la d\u00e9t\u00e9rioration extraordinaires. La toute premi\u00e8re image montre deux collections de plaques noires empil\u00e9es, de forme rectangulaire, avec des surfaces textur\u00e9es et des cordes \u00e0 poign\u00e9e rouge pour une manipulation facile, accompagn\u00e9es d'une grue design pour mettre en \u00e9vidence leur utilisation. La deuxi\u00e8me photo montre plusieurs tas de tampons noirs, carr\u00e9s, certains avec des impressions circulaires, sur une palette bleue dans un atelier, pr\u00eats \u00e0 \u00eatre distribu\u00e9s en gros. Ces tampons sont un article de gros essentiel pour garantir la s\u00e9curit\u00e9 et la protection contre les dommages au sol lors de l'utilisation de machines lourdes.<\/p>","protected":false},"excerpt":{"rendered":"<p>Ces tampons robustes en plastique UHMWPE offrent un support stable aux machines lourdes, \u00e9vitant ainsi d'endommager le sol. Disponibles en gros, ils sont tr\u00e8s durables, r\u00e9sistants \u00e0 l'usure et essentiels \u00e0 la s\u00e9curit\u00e9 des op\u00e9rations industrielles.<\/p>","protected":false},"featured_media":2179,"template":"","meta":{"_gspb_post_css":""},"product_brand":[],"product_cat":[15,21],"product_tag":[418,256,396],"class_list":{"0":"post-2176","1":"product","2":"type-product","3":"status-publish","4":"has-post-thumbnail","6":"product_cat-uhmwpe-hdpe-sheets-plates","7":"product_cat-uhmwpe-fender-pads","8":"product_tag-heavy-duty","9":"product_tag-outrigger-pads","10":"product_tag-uhmwpe","12":"first","13":"instock","14":"shipping-taxable","15":"product-type-simple"},"_links":{"self":[{"href":"https:\/\/uhmwpemanufacture.com\/fr\/wp-json\/wp\/v2\/product\/2176","targetHints":{"allow":["GET"]}}],"collection":[{"href":"https:\/\/uhmwpemanufacture.com\/fr\/wp-json\/wp\/v2\/product"}],"about":[{"href":"https:\/\/uhmwpemanufacture.com\/fr\/wp-json\/wp\/v2\/types\/product"}],"wp:featuredmedia":[{"embeddable":true,"href":"https:\/\/uhmwpemanufacture.com\/fr\/wp-json\/wp\/v2\/media\/2179"}],"wp:attachment":[{"href":"https:\/\/uhmwpemanufacture.com\/fr\/wp-json\/wp\/v2\/media?parent=2176"}],"wp:term":[{"taxonomy":"product_brand","embeddable":true,"href":"https:\/\/uhmwpemanufacture.com\/fr\/wp-json\/wp\/v2\/product_brand?post=2176"},{"taxonomy":"product_cat","embeddable":true,"href":"https:\/\/uhmwpemanufacture.com\/fr\/wp-json\/wp\/v2\/product_cat?post=2176"},{"taxonomy":"product_tag","embeddable":true,"href":"https:\/\/uhmwpemanufacture.com\/fr\/wp-json\/wp\/v2\/product_tag?post=2176"}],"curies":[{"name":"wp","href":"https:\/\/api.w.org\/{rel}","templated":true}]}}