{"id":2180,"date":"2025-10-11T03:34:56","date_gmt":"2025-10-11T03:34:56","guid":{"rendered":"https:\/\/uhmwpemanufacture.com\/?post_type=product&#038;p=2180"},"modified":"2025-10-11T03:34:56","modified_gmt":"2025-10-11T03:34:56","slug":"nylon-materials-pp-pe-transmission-helical-gears-distributor","status":"publish","type":"product","link":"https:\/\/uhmwpemanufacture.com\/fr\/nylon-materials-pp-pe-transmission-helical-gears-distributor\/","title":{"rendered":"Nylon Materials PP PE Transmission Helical Gears Distributor"},"content":{"rendered":"<h2 id=\"nylon-pp-and-pe-transmission-helical-gears\">Engrenages h\u00e9lico\u00efdaux de transmission en nylon, PP et PE<\/h2>\n<p>Ces engrenages h\u00e9lico\u00efdaux sont fabriqu\u00e9s \u00e0 partir de produits en nylon, PP (polypropyl\u00e8ne) et PE (poly\u00e9thyl\u00e8ne) de premi\u00e8re qualit\u00e9, ce qui les rend excellents pour diverses applications de transmission. Con\u00e7us pour un transfert de puissance efficace et sans \u00e0-coups, ces engrenages offrent une excellente robustesse, une r\u00e9duction du bruit et une r\u00e9sistance \u00e0 l'usure et \u00e0 la d\u00e9t\u00e9rioration. Les photos montrent une collection de ces \u00e9quipements en plastique, principalement en bleu, avec quelques blancs visibles sur la premi\u00e8re image, dispos\u00e9s en rond. La deuxi\u00e8me image montre de plus pr\u00e8s la disposition d\u00e9taill\u00e9e des dents h\u00e9lico\u00efdales des engrenages c\u00e9lestes. En tant que fournisseur, nous assurons un approvisionnement r\u00e9put\u00e9 de ces composants n\u00e9cessaires pour une vari\u00e9t\u00e9 de machines et d'outils.<\/p>","protected":false},"excerpt":{"rendered":"<p>En tant que distributeur, nous proposons des engrenages h\u00e9lico\u00efdaux en nylon, PP et PE de haute qualit\u00e9. Ces composants de transmission en plastique assurent un fonctionnement souple, durable et silencieux pour diverses machines. Disponibles en bleu et en blanc, ils offrent une excellente r\u00e9sistance \u00e0 l'usure et \u00e0 la corrosion.<\/p>","protected":false},"featured_media":2181,"template":"","meta":{"_gspb_post_css":""},"product_brand":[],"product_cat":[23,35],"product_tag":[419,420,421],"class_list":{"0":"post-2180","1":"product","2":"type-product","3":"status-publish","4":"has-post-thumbnail","6":"product_cat-nylon-sheets","7":"product_cat-pp-pe-products","8":"product_tag-helical-gears","9":"product_tag-plastic-gears","10":"product_tag-transmission-gears","12":"first","13":"instock","14":"shipping-taxable","15":"product-type-simple"},"_links":{"self":[{"href":"https:\/\/uhmwpemanufacture.com\/fr\/wp-json\/wp\/v2\/product\/2180","targetHints":{"allow":["GET"]}}],"collection":[{"href":"https:\/\/uhmwpemanufacture.com\/fr\/wp-json\/wp\/v2\/product"}],"about":[{"href":"https:\/\/uhmwpemanufacture.com\/fr\/wp-json\/wp\/v2\/types\/product"}],"wp:featuredmedia":[{"embeddable":true,"href":"https:\/\/uhmwpemanufacture.com\/fr\/wp-json\/wp\/v2\/media\/2181"}],"wp:attachment":[{"href":"https:\/\/uhmwpemanufacture.com\/fr\/wp-json\/wp\/v2\/media?parent=2180"}],"wp:term":[{"taxonomy":"product_brand","embeddable":true,"href":"https:\/\/uhmwpemanufacture.com\/fr\/wp-json\/wp\/v2\/product_brand?post=2180"},{"taxonomy":"product_cat","embeddable":true,"href":"https:\/\/uhmwpemanufacture.com\/fr\/wp-json\/wp\/v2\/product_cat?post=2180"},{"taxonomy":"product_tag","embeddable":true,"href":"https:\/\/uhmwpemanufacture.com\/fr\/wp-json\/wp\/v2\/product_tag?post=2180"}],"curies":[{"name":"wp","href":"https:\/\/api.w.org\/{rel}","templated":true}]}}