{"id":2186,"date":"2025-10-11T03:44:54","date_gmt":"2025-10-11T03:44:54","guid":{"rendered":"https:\/\/uhmwpemanufacture.com\/?post_type=product&#038;p=2186"},"modified":"2025-10-11T03:44:54","modified_gmt":"2025-10-11T03:44:54","slug":"customizable-mg-engineering-plastic-sheets-manufacturer","status":"publish","type":"product","link":"https:\/\/uhmwpemanufacture.com\/fr\/customizable-mg-engineering-plastic-sheets-manufacturer\/","title":{"rendered":"Feuilles plastiques d'ing\u00e9nierie MG personnalisables"},"content":{"rendered":"<h2 id=\"adjustable-mg-engineering-plastic-parts\">Pi\u00e8ces d'ing\u00e9nierie en plastique MG ajustables<\/h2>\n<p>Nous sommes un fabricant qui se concentre sur les \u00e9l\u00e9ments en plastique de conception personnalisable. Alors que le titre du produit mentionne des \u201cfeuilles\u201d, les photos pr\u00e9sentent des composants en plastique fabriqu\u00e9s avec pr\u00e9cision, en particulier une s\u00e9lection de petits articles \u00e9labor\u00e9s convenant \u00e0 de nombreuses applications m\u00e9caniques. Ces \u00e9l\u00e9ments, dont certains sont rouges et respectueux de l'environnement et d'autres comportent des composants noirs ressemblant \u00e0 du caoutchouc et un ressort, montrent notre capacit\u00e9 \u00e0 cr\u00e9er des articles sur mesure. Nous utilisons des plastiques techniques robustes pour garantir la long\u00e9vit\u00e9, des performances \u00e9lev\u00e9es et des sp\u00e9cifications pr\u00e9cises pour diverses industries. Nos comp\u00e9tences s'\u00e9tendent \u00e0 la r\u00e9alisation de formes et de r\u00e9glages compliqu\u00e9s, en fournissant des services sur mesure pour satisfaire les besoins d\u00e9taill\u00e9s des clients en mati\u00e8re de pi\u00e8ces en plastique de haute qualit\u00e9 et de bonne r\u00e9putation.<\/p>","protected":false},"excerpt":{"rendered":"<p>En tant que fabricant, nous proposons des composants en plastique technique personnalisables. Les images pr\u00e9sentent des pi\u00e8ces moul\u00e9es avec pr\u00e9cision (vertes, rouges, noires, avec un ressort), soulignant notre capacit\u00e9 \u00e0 produire des articles complexes \u00e0 partir de plastiques techniques durables pour r\u00e9pondre \u00e0 divers besoins industriels.<\/p>","protected":false},"featured_media":2191,"template":"","meta":{"_gspb_post_css":""},"product_brand":[],"product_cat":[34],"product_tag":[422,71,97],"class_list":{"0":"post-2186","1":"product","2":"type-product","3":"status-publish","4":"has-post-thumbnail","6":"product_cat-mg-engineering-plastic-sheets","7":"product_tag-custom-molding","8":"product_tag-engineering-plastic","9":"product_tag-plastic-components","11":"first","12":"instock","13":"shipping-taxable","14":"product-type-simple"},"_links":{"self":[{"href":"https:\/\/uhmwpemanufacture.com\/fr\/wp-json\/wp\/v2\/product\/2186","targetHints":{"allow":["GET"]}}],"collection":[{"href":"https:\/\/uhmwpemanufacture.com\/fr\/wp-json\/wp\/v2\/product"}],"about":[{"href":"https:\/\/uhmwpemanufacture.com\/fr\/wp-json\/wp\/v2\/types\/product"}],"wp:featuredmedia":[{"embeddable":true,"href":"https:\/\/uhmwpemanufacture.com\/fr\/wp-json\/wp\/v2\/media\/2191"}],"wp:attachment":[{"href":"https:\/\/uhmwpemanufacture.com\/fr\/wp-json\/wp\/v2\/media?parent=2186"}],"wp:term":[{"taxonomy":"product_brand","embeddable":true,"href":"https:\/\/uhmwpemanufacture.com\/fr\/wp-json\/wp\/v2\/product_brand?post=2186"},{"taxonomy":"product_cat","embeddable":true,"href":"https:\/\/uhmwpemanufacture.com\/fr\/wp-json\/wp\/v2\/product_cat?post=2186"},{"taxonomy":"product_tag","embeddable":true,"href":"https:\/\/uhmwpemanufacture.com\/fr\/wp-json\/wp\/v2\/product_tag?post=2186"}],"curies":[{"name":"wp","href":"https:\/\/api.w.org\/{rel}","templated":true}]}}