{"id":2192,"date":"2025-10-11T03:49:12","date_gmt":"2025-10-11T03:49:12","guid":{"rendered":"https:\/\/uhmwpemanufacture.com\/?post_type=product&#038;p=2192"},"modified":"2025-10-11T03:49:12","modified_gmt":"2025-10-11T03:49:12","slug":"customizable-premium-mc-bar-cast-nylon-board-manufacturing","status":"publish","type":"product","link":"https:\/\/uhmwpemanufacture.com\/fr\/customizable-premium-mc-bar-cast-nylon-board-manufacturing\/","title":{"rendered":"Fabrication de panneaux en nylon moul\u00e9 \u00e0 barres MC personnalisables de premi\u00e8re qualit\u00e9"},"content":{"rendered":"<h2 id=\"customizable-premium-mc-cast-nylon-boards\">Planches personnalisables en nylon moul\u00e9 MC Premium<\/h2>\n<p>Nous nous concentrons sur la production de planches et de barres de nylon MC (Monomer Cast) personnalisables de premi\u00e8re qualit\u00e9. Ces produits en plastique haute performance sont reconnus pour leur remarquable t\u00e9nacit\u00e9, leur r\u00e9sistance \u00e0 l'usage et leur faible friction, ce qui les rend id\u00e9aux pour une large gamme d'applications commerciales. La premi\u00e8re photo montre une pile de planches carr\u00e9es color\u00e9es (rouge, \u00e9cologique, jaune, blanc, noir, bleu), mettant en \u00e9vidence la s\u00e9lection disponible. La deuxi\u00e8me image montre d'\u00e9normes piles de panneaux plus \u00e9pais en naturel (cr\u00e8me\/beige), blanc et noir, sugg\u00e9rant notre capacit\u00e9 \u00e0 produire des quantit\u00e9s substantielles dans diff\u00e9rentes dimensions. Nos articles en nylon moul\u00e9 MC sont parfaits pour les pi\u00e8ces n\u00e9cessitant des propri\u00e9t\u00e9s m\u00e9caniques exceptionnelles et une longue dur\u00e9e de vie, adapt\u00e9es \u00e0 vos besoins en mati\u00e8re d'ing\u00e9nierie de d\u00e9tail.<\/p>","protected":false},"excerpt":{"rendered":"<p class=\"ng-star-inserted\"><span class=\"ng-star-inserted\">Nous fabriquons des planches et des barres en nylon moul\u00e9 MC de premi\u00e8re qualit\u00e9. Ces plastiques hautes performances offrent une solidit\u00e9 sup\u00e9rieure, une r\u00e9sistance \u00e0 l'usure et une faible friction. Disponibles en diff\u00e9rentes couleurs et tailles, elles sont id\u00e9ales pour diverses applications industrielles et peuvent \u00eatre personnalis\u00e9es en fonction de vos sp\u00e9cifications exactes.<\/span><\/p>","protected":false},"featured_media":2196,"template":"","meta":{"_gspb_post_css":""},"product_brand":[],"product_cat":[23],"product_tag":[423,425,424],"class_list":{"0":"post-2192","1":"product","2":"type-product","3":"status-publish","4":"has-post-thumbnail","6":"product_cat-nylon-sheets","7":"product_tag-cast-nylon","8":"product_tag-mc-nylon","9":"product_tag-plastic-boards","11":"first","12":"instock","13":"shipping-taxable","14":"product-type-simple"},"_links":{"self":[{"href":"https:\/\/uhmwpemanufacture.com\/fr\/wp-json\/wp\/v2\/product\/2192","targetHints":{"allow":["GET"]}}],"collection":[{"href":"https:\/\/uhmwpemanufacture.com\/fr\/wp-json\/wp\/v2\/product"}],"about":[{"href":"https:\/\/uhmwpemanufacture.com\/fr\/wp-json\/wp\/v2\/types\/product"}],"wp:featuredmedia":[{"embeddable":true,"href":"https:\/\/uhmwpemanufacture.com\/fr\/wp-json\/wp\/v2\/media\/2196"}],"wp:attachment":[{"href":"https:\/\/uhmwpemanufacture.com\/fr\/wp-json\/wp\/v2\/media?parent=2192"}],"wp:term":[{"taxonomy":"product_brand","embeddable":true,"href":"https:\/\/uhmwpemanufacture.com\/fr\/wp-json\/wp\/v2\/product_brand?post=2192"},{"taxonomy":"product_cat","embeddable":true,"href":"https:\/\/uhmwpemanufacture.com\/fr\/wp-json\/wp\/v2\/product_cat?post=2192"},{"taxonomy":"product_tag","embeddable":true,"href":"https:\/\/uhmwpemanufacture.com\/fr\/wp-json\/wp\/v2\/product_tag?post=2192"}],"curies":[{"name":"wp","href":"https:\/\/api.w.org\/{rel}","templated":true}]}}