{"id":2199,"date":"2025-10-11T06:03:00","date_gmt":"2025-10-11T06:03:00","guid":{"rendered":"https:\/\/uhmwpemanufacture.com\/?post_type=product&#038;p=2199"},"modified":"2025-10-11T06:03:00","modified_gmt":"2025-10-11T06:03:00","slug":"manufacturer-custom-pp-pe-products-nylon-plastic-wholesaler","status":"publish","type":"product","link":"https:\/\/uhmwpemanufacture.com\/fr\/manufacturer-custom-pp-pe-products-nylon-plastic-wholesaler\/","title":{"rendered":"Fabricant PP PE Produits Nylon Plastique Grossiste"},"content":{"rendered":"<h2 id=\"custom-plastic-components\">Composants en plastique sur mesure<\/h2>\n<p>Vous cherchez des composants en plastique de qualit\u00e9 sup\u00e9rieure fabriqu\u00e9s sur mesure ? Nous sommes un revendeur de premier plan sp\u00e9cialis\u00e9 dans les produits en plastique PP, PE et Nylon fabriqu\u00e9s sur mesure. Notre grande vari\u00e9t\u00e9 de comp\u00e9tences nous permet de produire un large \u00e9ventail de pi\u00e8ces, comprenant des \u00e9quipements, des rouleaux, des guides, des douilles et des comptes sp\u00e9cialis\u00e9s, comme on peut le voir sur les photos. Nous offrons des solutions de moulage et d'usinage de pr\u00e9cision pour r\u00e9pondre \u00e0 vos besoins sp\u00e9cifiques, qu'il s'agisse de composants pour des \u00e9quipements industriels, des biens durables ou d'autres applications. Notre engagement en faveur de la qualit\u00e9 garantit des options plastiques durables et r\u00e9put\u00e9es, adapt\u00e9es \u00e0 vos besoins. Contactez-nous d\u00e8s aujourd'hui pour \u00e9tudier vos demandes de production de plastique sur mesure.<\/p>","protected":false},"excerpt":{"rendered":"<p>Nous sommes l'un des principaux grossistes de produits en plastique PP, PE et Nylon sur mesure. Notre gamme vari\u00e9e comprend des engrenages, des rouleaux, des guides et des pi\u00e8ces sp\u00e9cialis\u00e9es moul\u00e9s avec pr\u00e9cision, tous fabriqu\u00e9s selon vos sp\u00e9cifications exactes pour diverses applications industrielles et grand public.<\/p>","protected":false},"featured_media":2200,"template":"","meta":{"_gspb_post_css":""},"product_brand":[],"product_cat":[23,35],"product_tag":[125,97,426],"class_list":{"0":"post-2199","1":"product","2":"type-product","3":"status-publish","4":"has-post-thumbnail","6":"product_cat-nylon-sheets","7":"product_cat-pp-pe-products","8":"product_tag-custom-plastic-parts","9":"product_tag-plastic-components","10":"product_tag-pp-pe-nylon","12":"first","13":"instock","14":"shipping-taxable","15":"product-type-simple"},"_links":{"self":[{"href":"https:\/\/uhmwpemanufacture.com\/fr\/wp-json\/wp\/v2\/product\/2199","targetHints":{"allow":["GET"]}}],"collection":[{"href":"https:\/\/uhmwpemanufacture.com\/fr\/wp-json\/wp\/v2\/product"}],"about":[{"href":"https:\/\/uhmwpemanufacture.com\/fr\/wp-json\/wp\/v2\/types\/product"}],"wp:featuredmedia":[{"embeddable":true,"href":"https:\/\/uhmwpemanufacture.com\/fr\/wp-json\/wp\/v2\/media\/2200"}],"wp:attachment":[{"href":"https:\/\/uhmwpemanufacture.com\/fr\/wp-json\/wp\/v2\/media?parent=2199"}],"wp:term":[{"taxonomy":"product_brand","embeddable":true,"href":"https:\/\/uhmwpemanufacture.com\/fr\/wp-json\/wp\/v2\/product_brand?post=2199"},{"taxonomy":"product_cat","embeddable":true,"href":"https:\/\/uhmwpemanufacture.com\/fr\/wp-json\/wp\/v2\/product_cat?post=2199"},{"taxonomy":"product_tag","embeddable":true,"href":"https:\/\/uhmwpemanufacture.com\/fr\/wp-json\/wp\/v2\/product_tag?post=2199"}],"curies":[{"name":"wp","href":"https:\/\/api.w.org\/{rel}","templated":true}]}}