{"id":2205,"date":"2025-10-11T06:08:24","date_gmt":"2025-10-11T06:08:24","guid":{"rendered":"https:\/\/uhmwpemanufacture.com\/?post_type=product&#038;p=2205"},"modified":"2025-10-11T06:10:03","modified_gmt":"2025-10-11T06:10:03","slug":"engineering-machinery-uhmwpe-plate-crane-foot-support-pad","status":"publish","type":"product","link":"https:\/\/uhmwpemanufacture.com\/fr\/engineering-machinery-uhmwpe-plate-crane-foot-support-pad\/","title":{"rendered":"Plaque de support de pied de grue en UHMWPE pour machines d'ing\u00e9nierie"},"content":{"rendered":"<h2 id=\"heavy-duty-crane-foot-support-pads\">Supports de pied de grue \u00e0 usage intensif<\/h2>\n<p>Ces coussinets de pied de grue en UHMWPE (poly\u00e9thyl\u00e8ne \u00e0 poids mol\u00e9culaire ultra \u00e9lev\u00e9) sont con\u00e7us pour offrir des performances exceptionnelles et une r\u00e9silience recherch\u00e9e dans les applications d'\u00e9quipement d'ing\u00e9nierie. D\u00e9velopp\u00e9s pour offrir une assistance stable et fiable, ces coussins r\u00e9partissent uniform\u00e9ment les charges lourdes, prot\u00e9geant ainsi les surfaces contre les dommages et garantissant une meilleure s\u00e9curit\u00e9 pendant les proc\u00e9dures de grue et de balancier. Les images montrent des coussins ronds individuels et plusieurs coussins rectangulaires empil\u00e9s, mettant en \u00e9vidence leur construction robuste et leur style utile. Chaque coussin est dot\u00e9 d'un syst\u00e8me de fixation facile \u00e0 utiliser pour une mise en place et une r\u00e9cup\u00e9ration ais\u00e9es. Fabriqu\u00e9es en UHMWPE de haute qualit\u00e9, ces plaques sont r\u00e9sistantes aux effets, \u00e0 l'usure et aux produits chimiques, ce qui les rend excellentes pour les chantiers difficiles et de nombreux terrains. Choisissez ces plaques de support de confiance pour prot\u00e9ger vos outils et assurer la stabilit\u00e9 de vos op\u00e9rations.<\/p>","protected":false},"excerpt":{"rendered":"<p>Nos patins de pied de grue en UHMWPE offrent une stabilit\u00e9 et une r\u00e9partition de la charge sup\u00e9rieures pour les machines d'ing\u00e9nierie. Con\u00e7us pour durer, ces coussins robustes \u00e9vitent les dommages de surface et am\u00e9liorent la s\u00e9curit\u00e9 sur le site. Dot\u00e9s de poign\u00e9es pratiques pour une manipulation ais\u00e9e, ils sont r\u00e9sistants aux chocs, \u00e0 l'usure et aux produits chimiques, ce qui garantit des performances fiables dans n'importe quel environnement.<\/p>","protected":false},"featured_media":2211,"template":"","meta":{"_gspb_post_css":""},"product_brand":[],"product_cat":[15,21],"product_tag":[427,256,396],"class_list":{"0":"post-2205","1":"product","2":"type-product","3":"status-publish","4":"has-post-thumbnail","6":"product_cat-uhmwpe-hdpe-sheets-plates","7":"product_cat-uhmwpe-fender-pads","8":"product_tag-crane-pads","9":"product_tag-outrigger-pads","10":"product_tag-uhmwpe","12":"first","13":"instock","14":"shipping-taxable","15":"product-type-simple"},"_links":{"self":[{"href":"https:\/\/uhmwpemanufacture.com\/fr\/wp-json\/wp\/v2\/product\/2205","targetHints":{"allow":["GET"]}}],"collection":[{"href":"https:\/\/uhmwpemanufacture.com\/fr\/wp-json\/wp\/v2\/product"}],"about":[{"href":"https:\/\/uhmwpemanufacture.com\/fr\/wp-json\/wp\/v2\/types\/product"}],"wp:featuredmedia":[{"embeddable":true,"href":"https:\/\/uhmwpemanufacture.com\/fr\/wp-json\/wp\/v2\/media\/2211"}],"wp:attachment":[{"href":"https:\/\/uhmwpemanufacture.com\/fr\/wp-json\/wp\/v2\/media?parent=2205"}],"wp:term":[{"taxonomy":"product_brand","embeddable":true,"href":"https:\/\/uhmwpemanufacture.com\/fr\/wp-json\/wp\/v2\/product_brand?post=2205"},{"taxonomy":"product_cat","embeddable":true,"href":"https:\/\/uhmwpemanufacture.com\/fr\/wp-json\/wp\/v2\/product_cat?post=2205"},{"taxonomy":"product_tag","embeddable":true,"href":"https:\/\/uhmwpemanufacture.com\/fr\/wp-json\/wp\/v2\/product_tag?post=2205"}],"curies":[{"name":"wp","href":"https:\/\/api.w.org\/{rel}","templated":true}]}}