{"id":2212,"date":"2025-10-11T06:11:44","date_gmt":"2025-10-11T06:11:44","guid":{"rendered":"https:\/\/uhmwpemanufacture.com\/?post_type=product&#038;p=2212"},"modified":"2025-10-11T06:11:44","modified_gmt":"2025-10-11T06:11:44","slug":"customizable-plastic-polyethylene-uhmwpe-sheets-exporter","status":"publish","type":"product","link":"https:\/\/uhmwpemanufacture.com\/fr\/customizable-plastic-polyethylene-uhmwpe-sheets-exporter\/","title":{"rendered":"Plastique personnalisable Poly\u00e9thyl\u00e8ne Feuilles UHMWPE Exportateur"},"content":{"rendered":"<h2 id=\"adjustable-uhmwpe-sheets\">Feuilles d'UHMWPE r\u00e9glables<\/h2>\n<p>Nous sommes l'un des principaux exportateurs de feuilles de poly\u00e9thyl\u00e8ne \u00e0 poids mol\u00e9culaire ultra \u00e9lev\u00e9 (UHMWPE), comme le montre la pile dynamique de feuilles rouges, blanches, bleues, jaunes et \u00e9cologiques de l'image. Nos feuilles de poly\u00e9thyl\u00e8ne \u00e0 poids mol\u00e9culaire ultra \u00e9lev\u00e9 (UHMWPE) de haute qualit\u00e9 sont r\u00e9put\u00e9es pour leur remarquable t\u00e9nacit\u00e9, leur faible friction et leur grande r\u00e9sistance aux effets, ce qui les rend adapt\u00e9es \u00e0 une large gamme d'applications commerciales et industrielles.<\/p>\n<p>Ces feuilles flexibles peuvent \u00eatre d\u00e9coup\u00e9es et fabriqu\u00e9es sur mesure pour r\u00e9pondre \u00e0 vos besoins particuliers. Elles offrent une excellente r\u00e9sistance \u00e0 l'abrasion, aux produits chimiques et \u00e0 l'humidit\u00e9. Qu'il s'agisse de planches \u00e0 d\u00e9couper, de bandes \u00e0 poser, de protections d'\u00e9quipement ou d'autres utilisations requises, nos feuilles UHMWPE offrent une efficacit\u00e9 remarquable et une longue dur\u00e9e de vie. En tant que marchand de confiance, nous nous assurons que nos articles r\u00e9pondent \u00e0 des normes de qualit\u00e9 rigoureuses, vous offrant ainsi des solutions fiables et abordables pour vos t\u00e2ches.<\/p>","protected":false},"excerpt":{"rendered":"<p>Nous sommes un exportateur de premier plan de feuilles de poly\u00e9thyl\u00e8ne UHMWPE personnalisables. Ces feuilles de haute qualit\u00e9 offrent une durabilit\u00e9 exceptionnelle, une faible friction et une grande r\u00e9sistance aux chocs, ce qui les rend parfaites pour diverses utilisations industrielles et commerciales. Disponibles en plusieurs couleurs et dans des tailles personnalis\u00e9es, elles offrent une r\u00e9sistance sup\u00e9rieure \u00e0 l'abrasion et aux produits chimiques.<\/p>","protected":false},"featured_media":2215,"template":"","meta":{"_gspb_post_css":""},"product_brand":[],"product_cat":[15,17],"product_tag":[429,428,408],"class_list":{"0":"post-2212","1":"product","2":"type-product","3":"status-publish","4":"has-post-thumbnail","6":"product_cat-uhmwpe-hdpe-sheets-plates","7":"product_cat-uhmwpe-sheets","8":"product_tag-customizable-plastic","9":"product_tag-plastic-polyethylene","10":"product_tag-uhmwpe-sheets","12":"first","13":"instock","14":"shipping-taxable","15":"product-type-simple"},"_links":{"self":[{"href":"https:\/\/uhmwpemanufacture.com\/fr\/wp-json\/wp\/v2\/product\/2212","targetHints":{"allow":["GET"]}}],"collection":[{"href":"https:\/\/uhmwpemanufacture.com\/fr\/wp-json\/wp\/v2\/product"}],"about":[{"href":"https:\/\/uhmwpemanufacture.com\/fr\/wp-json\/wp\/v2\/types\/product"}],"wp:featuredmedia":[{"embeddable":true,"href":"https:\/\/uhmwpemanufacture.com\/fr\/wp-json\/wp\/v2\/media\/2215"}],"wp:attachment":[{"href":"https:\/\/uhmwpemanufacture.com\/fr\/wp-json\/wp\/v2\/media?parent=2212"}],"wp:term":[{"taxonomy":"product_brand","embeddable":true,"href":"https:\/\/uhmwpemanufacture.com\/fr\/wp-json\/wp\/v2\/product_brand?post=2212"},{"taxonomy":"product_cat","embeddable":true,"href":"https:\/\/uhmwpemanufacture.com\/fr\/wp-json\/wp\/v2\/product_cat?post=2212"},{"taxonomy":"product_tag","embeddable":true,"href":"https:\/\/uhmwpemanufacture.com\/fr\/wp-json\/wp\/v2\/product_tag?post=2212"}],"curies":[{"name":"wp","href":"https:\/\/api.w.org\/{rel}","templated":true}]}}