{"id":2216,"date":"2025-10-11T06:15:18","date_gmt":"2025-10-11T06:15:18","guid":{"rendered":"https:\/\/uhmwpemanufacture.com\/?post_type=product&#038;p=2216"},"modified":"2025-10-11T06:15:19","modified_gmt":"2025-10-11T06:15:19","slug":"composite-plastic-mat-heavy-equipment-amphi-mat-wholesaler","status":"publish","type":"product","link":"https:\/\/uhmwpemanufacture.com\/fr\/composite-plastic-mat-heavy-equipment-amphi-mat-wholesaler\/","title":{"rendered":"Composite Plastic Mat Heavy Equipment Amphi Mat Wholesaler"},"content":{"rendered":"<h2 id=\"heavy-duty-compound-plastic-mats\">Tapis en plastique compos\u00e9 ultra-r\u00e9sistant<\/h2>\n<p>En tant que grossiste de premier plan, nous proposons des tapis en plastique composite durables, con\u00e7us pour les appareils lourds et les terrains difficiles, \u00e9galement appel\u00e9s rev\u00eatements de sol amphi. Les images pr\u00e9sentent des tapis de grande taille et de longue dur\u00e9e avec un motif de plaque rubis distinct, offrant une adh\u00e9rence et une stabilit\u00e9 exceptionnelles. Ces tapis sont con\u00e7us pour r\u00e9partir les charges lourdes, prot\u00e9ger les surfaces sensibles et cr\u00e9er des routes ou des syst\u00e8mes de travail de courte dur\u00e9e.<\/p>\n<p>Id\u00e9aux pour les sites de construction, les \u00e9v\u00e9nements ou tout type d'application n\u00e9cessitant la d\u00e9fense du sol et l'acc\u00e8s d'\u00e9quipements lourds, nos rev\u00eatements de sol en plastique composite sont un rem\u00e8de essentiel. Ils sont l\u00e9gers mais exceptionnellement solides, r\u00e9sistants aux produits chimiques et capables de r\u00e9sister \u00e0 des conditions climatiques extr\u00eames sans se fendre ni se d\u00e9former. Faciles \u00e0 monter et \u00e0 d\u00e9monter, ces tapis minimisent les frais de r\u00e9paration des sites et am\u00e9liorent les performances fonctionnelles. Achetez nos tapis amphi robustes pour b\u00e9n\u00e9ficier d'une s\u00e9curit\u00e9 au sol fiable et de performances sup\u00e9rieures.<\/p>","protected":false},"excerpt":{"rendered":"<p>Nous sommes un grossiste de tapis en plastique composite tr\u00e8s r\u00e9sistants, \u00e9galement connus sous le nom de tapis amphi, pour les \u00e9quipements lourds. Ces tapis durables sont dot\u00e9s d'un motif de plaque de diamant pour une traction sup\u00e9rieure, r\u00e9partissant les charges et prot\u00e9geant les surfaces. Id\u00e9aux pour les routes temporaires et la protection des sols, ils sont l\u00e9gers, r\u00e9sistants aux produits chimiques et aux conditions m\u00e9t\u00e9orologiques extr\u00eames.<\/p>","protected":false},"featured_media":2220,"template":"","meta":{"_gspb_post_css":""},"product_brand":[],"product_cat":[24,28,26],"product_tag":[78,417,139],"class_list":{"0":"post-2216","1":"product","2":"type-product","3":"status-publish","4":"has-post-thumbnail","6":"product_cat-ground-protection-road-mats","7":"product_cat-amphi-mats","8":"product_cat-base-mats","9":"product_tag-amphi-mat","10":"product_tag-composite-mats","11":"product_tag-ground-protection","13":"first","14":"instock","15":"shipping-taxable","16":"product-type-simple"},"_links":{"self":[{"href":"https:\/\/uhmwpemanufacture.com\/fr\/wp-json\/wp\/v2\/product\/2216","targetHints":{"allow":["GET"]}}],"collection":[{"href":"https:\/\/uhmwpemanufacture.com\/fr\/wp-json\/wp\/v2\/product"}],"about":[{"href":"https:\/\/uhmwpemanufacture.com\/fr\/wp-json\/wp\/v2\/types\/product"}],"wp:featuredmedia":[{"embeddable":true,"href":"https:\/\/uhmwpemanufacture.com\/fr\/wp-json\/wp\/v2\/media\/2220"}],"wp:attachment":[{"href":"https:\/\/uhmwpemanufacture.com\/fr\/wp-json\/wp\/v2\/media?parent=2216"}],"wp:term":[{"taxonomy":"product_brand","embeddable":true,"href":"https:\/\/uhmwpemanufacture.com\/fr\/wp-json\/wp\/v2\/product_brand?post=2216"},{"taxonomy":"product_cat","embeddable":true,"href":"https:\/\/uhmwpemanufacture.com\/fr\/wp-json\/wp\/v2\/product_cat?post=2216"},{"taxonomy":"product_tag","embeddable":true,"href":"https:\/\/uhmwpemanufacture.com\/fr\/wp-json\/wp\/v2\/product_tag?post=2216"}],"curies":[{"name":"wp","href":"https:\/\/api.w.org\/{rel}","templated":true}]}}