{"id":2221,"date":"2025-10-11T06:22:11","date_gmt":"2025-10-11T06:22:11","guid":{"rendered":"https:\/\/uhmwpemanufacture.com\/?post_type=product&#038;p=2221"},"modified":"2025-10-11T06:22:12","modified_gmt":"2025-10-11T06:22:12","slug":"temporary-paving-slabs-base-mat-temporary-road-mat-supplier","status":"publish","type":"product","link":"https:\/\/uhmwpemanufacture.com\/fr\/temporary-paving-slabs-base-mat-temporary-road-mat-supplier\/","title":{"rendered":"Dalles de pavage temporaires Tapis de base Tapis routiers temporaires Fournisseur"},"content":{"rendered":"<h2 id=\"temporary-road-and-base-mats\">Tapis de route et de base temporaires<\/h2>\n<p>Nous sommes un fournisseur fiable de pi\u00e8ces de pavage \u00e0 court terme et de rev\u00eatements de sol de base, excellents pour d\u00e9velopper des autoroutes temporaires et des bases stables. Les photos montrent nos rev\u00eatements de sol r\u00e9silients, disponibles en bleu fonc\u00e9 et en bleu vif, avec un motif de plaque de rubis pour une meilleure adh\u00e9rence et une plus grande s\u00e9curit\u00e9. Ces tapis sont con\u00e7us pour offrir une s\u00e9curit\u00e9 et une accessibilit\u00e9 fiables sur les sols mous, la boue ou les surfaces sensibles.<\/p>\n<p>Nos tapis routiers temporaires sont excellents pour les chantiers de construction, les \u00e9v\u00e9nements ext\u00e9rieurs, l'acc\u00e8s aux \u00e9quipements lourds et les espaces de travail \u00e9loign\u00e9s o\u00f9 la stabilit\u00e9 du sol est importante. Fabriqu\u00e9s \u00e0 partir de mat\u00e9riaux composites de haute qualit\u00e9, ils sont durables, l\u00e9gers et r\u00e9sistants aux produits chimiques, aux rayons UV et aux conditions m\u00e9t\u00e9orologiques extr\u00eames. Faciles \u00e0 installer et \u00e0 entrelacer, ces rev\u00eatements de sol r\u00e9duisent les dommages caus\u00e9s aux sites, minimisent les frais de nettoyage et garantissent l'efficacit\u00e9 des op\u00e9rations. Choisissez nos pi\u00e8ces de pavage \u00e0 court terme pour une option fiable, rentable et respectueuse de l'environnement pour tous vos besoins en mati\u00e8re de protection des sols.<\/p>","protected":false},"excerpt":{"rendered":"<p>Nous fournissons des dalles de pavage et des tapis routiers temporaires durables, id\u00e9aux pour la protection des sols et la cr\u00e9ation de voies d'acc\u00e8s temporaires. Dot\u00e9s d'un motif en losange antid\u00e9rapant, ces tapis assurent la stabilit\u00e9 des \u00e9quipements lourds sur des surfaces molles ou sensibles. L\u00e9gers, r\u00e9sistants aux intemp\u00e9ries et faciles \u00e0 installer, ils r\u00e9duisent les dommages caus\u00e9s au site et am\u00e9liorent l'efficacit\u00e9 op\u00e9rationnelle.<\/p>","protected":false},"featured_media":2223,"template":"","meta":{"_gspb_post_css":""},"product_brand":[],"product_cat":[24,26,25],"product_tag":[139,412,76],"class_list":{"0":"post-2221","1":"product","2":"type-product","3":"status-publish","4":"has-post-thumbnail","6":"product_cat-ground-protection-road-mats","7":"product_cat-base-mats","8":"product_cat-quick-mats","9":"product_tag-ground-protection","10":"product_tag-paving-slabs","11":"product_tag-temporary-road-mats","13":"first","14":"instock","15":"shipping-taxable","16":"product-type-simple"},"_links":{"self":[{"href":"https:\/\/uhmwpemanufacture.com\/fr\/wp-json\/wp\/v2\/product\/2221","targetHints":{"allow":["GET"]}}],"collection":[{"href":"https:\/\/uhmwpemanufacture.com\/fr\/wp-json\/wp\/v2\/product"}],"about":[{"href":"https:\/\/uhmwpemanufacture.com\/fr\/wp-json\/wp\/v2\/types\/product"}],"wp:featuredmedia":[{"embeddable":true,"href":"https:\/\/uhmwpemanufacture.com\/fr\/wp-json\/wp\/v2\/media\/2223"}],"wp:attachment":[{"href":"https:\/\/uhmwpemanufacture.com\/fr\/wp-json\/wp\/v2\/media?parent=2221"}],"wp:term":[{"taxonomy":"product_brand","embeddable":true,"href":"https:\/\/uhmwpemanufacture.com\/fr\/wp-json\/wp\/v2\/product_brand?post=2221"},{"taxonomy":"product_cat","embeddable":true,"href":"https:\/\/uhmwpemanufacture.com\/fr\/wp-json\/wp\/v2\/product_cat?post=2221"},{"taxonomy":"product_tag","embeddable":true,"href":"https:\/\/uhmwpemanufacture.com\/fr\/wp-json\/wp\/v2\/product_tag?post=2221"}],"curies":[{"name":"wp","href":"https:\/\/api.w.org\/{rel}","templated":true}]}}