{"id":2227,"date":"2025-10-11T06:25:58","date_gmt":"2025-10-11T06:25:58","guid":{"rendered":"https:\/\/uhmwpemanufacture.com\/?post_type=product&#038;p=2227"},"modified":"2025-10-11T06:30:11","modified_gmt":"2025-10-11T06:30:11","slug":"high-quality-custom-coal-bunker-limit-plate-hdpe-sheet-dealer","status":"publish","type":"product","link":"https:\/\/uhmwpemanufacture.com\/fr\/high-quality-custom-coal-bunker-limit-plate-hdpe-sheet-dealer\/","title":{"rendered":"Plaque de limite de soute \u00e0 charbon de haute qualit\u00e9 Plaque HDPE sur mesure Concessionnaire"},"content":{"rendered":"<h2 id=\"item-description\">Description de l'article<\/h2>\n<p>Ces feuilles personnalis\u00e9es de premi\u00e8re qualit\u00e9 sont durables et id\u00e9ales pour les applications commerciales \u00e0 usage intensif. En tant que fournisseur, nous proposons des solutions sur mesure pour r\u00e9pondre \u00e0 de nombreux besoins. La surface lisse et la structure robuste de ces feuilles HDPE garantissent des performances durables dans des atmosph\u00e8res recherch\u00e9es telles que les soutes \u00e0 charbon, r\u00e9duisant l'usure et prolongeant la dur\u00e9e de vie de votre \u00e9quipement.<\/p>\n<p>Caract\u00e9ristiques :<\/p>\n<ul>\n<li>Produit HDPE de qualit\u00e9 sup\u00e9rieure<\/li>\n<li>Dimensions personnalis\u00e9es<\/li>\n<li>R\u00e9sistant et durable<\/li>\n<li>Parfait pour les couches de limitation des abris \u00e0 charbon<\/li>\n<li>Superbe r\u00e9sistance \u00e0 l'usure<\/li>\n<li>Surface lisse, \u00e0 faible frottement<\/li>\n<li>Efficacit\u00e9 fiable en milieu industriel<\/li>\n<\/ul>\n<p>Prenez contact avec nous pour en savoir plus sur nos offres de feuilles HDPE et sur les avantages qu'elles peuvent apporter \u00e0 vos activit\u00e9s.<\/p>","protected":false},"excerpt":{"rendered":"<p>Cette pile de feuilles HDPE noires personnalis\u00e9es de haute qualit\u00e9 est parfaite pour les plaques de limite des soutes \u00e0 charbon. En tant que distributeur de premier plan, nous proposons des solutions durables et r\u00e9sistantes \u00e0 l'usure, con\u00e7ues pour un usage industriel. Ces feuilles offrent une excellente protection et prolongent la dur\u00e9e de vie des \u00e9quipements dans des environnements exigeants.<\/p>","protected":false},"featured_media":2230,"template":"","meta":{"_gspb_post_css":""},"product_brand":[],"product_cat":[15,22],"product_tag":[389,59,390],"class_list":{"0":"post-2227","1":"product","2":"type-product","3":"status-publish","4":"has-post-thumbnail","6":"product_cat-uhmwpe-hdpe-sheets-plates","7":"product_cat-coal-bunker-limit-plates","8":"product_tag-coal-bunker","9":"product_tag-hdpe-sheet","10":"product_tag-limit-plate","12":"first","13":"instock","14":"shipping-taxable","15":"product-type-simple"},"_links":{"self":[{"href":"https:\/\/uhmwpemanufacture.com\/fr\/wp-json\/wp\/v2\/product\/2227","targetHints":{"allow":["GET"]}}],"collection":[{"href":"https:\/\/uhmwpemanufacture.com\/fr\/wp-json\/wp\/v2\/product"}],"about":[{"href":"https:\/\/uhmwpemanufacture.com\/fr\/wp-json\/wp\/v2\/types\/product"}],"wp:featuredmedia":[{"embeddable":true,"href":"https:\/\/uhmwpemanufacture.com\/fr\/wp-json\/wp\/v2\/media\/2230"}],"wp:attachment":[{"href":"https:\/\/uhmwpemanufacture.com\/fr\/wp-json\/wp\/v2\/media?parent=2227"}],"wp:term":[{"taxonomy":"product_brand","embeddable":true,"href":"https:\/\/uhmwpemanufacture.com\/fr\/wp-json\/wp\/v2\/product_brand?post=2227"},{"taxonomy":"product_cat","embeddable":true,"href":"https:\/\/uhmwpemanufacture.com\/fr\/wp-json\/wp\/v2\/product_cat?post=2227"},{"taxonomy":"product_tag","embeddable":true,"href":"https:\/\/uhmwpemanufacture.com\/fr\/wp-json\/wp\/v2\/product_tag?post=2227"}],"curies":[{"name":"wp","href":"https:\/\/api.w.org\/{rel}","templated":true}]}}