{"id":2233,"date":"2025-10-11T06:29:35","date_gmt":"2025-10-11T06:29:35","guid":{"rendered":"https:\/\/uhmwpemanufacture.com\/?post_type=product&#038;p=2233"},"modified":"2025-10-11T06:29:57","modified_gmt":"2025-10-11T06:29:57","slug":"crane-outrigger-pads-stable-support-heavy-loads-wholesaler","status":"publish","type":"product","link":"https:\/\/uhmwpemanufacture.com\/fr\/crane-outrigger-pads-stable-support-heavy-loads-wholesaler\/","title":{"rendered":"Supports de grue pour outrigger Support stable pour charges lourdes Grossiste"},"content":{"rendered":"<p>Nos patins de grue sont essentiels \u00e0 la s\u00e9curit\u00e9 et \u00e0 l'efficacit\u00e9 sur les chantiers de construction, les pelouses industrielles et diverses autres applications exigeantes. Ils sont con\u00e7us pour r\u00e9sister \u00e0 de fortes pressions et constituent une structure fiable pour les grues et autres \u00e9quipements lourds. Les tampons pr\u00e9sent\u00e9s montrent leur efficacit\u00e9 \u00e0 fournir une base s\u00fbre, avec une photo mettant en \u00e9vidence une gestion int\u00e9gr\u00e9e pour faciliter le transport et le positionnement.<\/p>\n<p>Fonctions :<\/p>\n<ul>\n<li>Mat\u00e9riau de haute qualit\u00e9 et durable<\/li>\n<li>Excellente circulation du poids<\/li>\n<li>Pr\u00e9vient les dommages de surface<\/li>\n<li>Renforce la s\u00e9curit\u00e9 des appareils<\/li>\n<li>R\u00e9siste aux tonnes et au stress<\/li>\n<li>Convient \u00e0 de nombreuses applications commerciales<\/li>\n<li>Disponible avec des fonctions de manipulation sans probl\u00e8me<\/li>\n<\/ul>","protected":false},"excerpt":{"rendered":"<p>Ces patins de grue fournissent un support stable pour les charges lourdes, comme on peut le voir sous les machines sur les deux images. En tant que grossiste, nous fournissons des coussins durables qui r\u00e9partissent le poids, \u00e9vitent d'endommager la surface et am\u00e9liorent la s\u00e9curit\u00e9 pour toutes les op\u00e9rations de levage de charges lourdes. Indispensables pour tout site industriel.<\/p>","protected":false},"featured_media":2236,"template":"","meta":{"_gspb_post_css":""},"product_brand":[],"product_cat":[15,20],"product_tag":[427,431,430],"class_list":{"0":"post-2233","1":"product","2":"type-product","3":"status-publish","4":"has-post-thumbnail","6":"product_cat-uhmwpe-hdpe-sheets-plates","7":"product_cat-crane-outrigger-pads","8":"product_tag-crane-pads","9":"product_tag-heavy-equipment","10":"product_tag-outrigger","12":"first","13":"instock","14":"shipping-taxable","15":"product-type-simple"},"_links":{"self":[{"href":"https:\/\/uhmwpemanufacture.com\/fr\/wp-json\/wp\/v2\/product\/2233","targetHints":{"allow":["GET"]}}],"collection":[{"href":"https:\/\/uhmwpemanufacture.com\/fr\/wp-json\/wp\/v2\/product"}],"about":[{"href":"https:\/\/uhmwpemanufacture.com\/fr\/wp-json\/wp\/v2\/types\/product"}],"wp:featuredmedia":[{"embeddable":true,"href":"https:\/\/uhmwpemanufacture.com\/fr\/wp-json\/wp\/v2\/media\/2236"}],"wp:attachment":[{"href":"https:\/\/uhmwpemanufacture.com\/fr\/wp-json\/wp\/v2\/media?parent=2233"}],"wp:term":[{"taxonomy":"product_brand","embeddable":true,"href":"https:\/\/uhmwpemanufacture.com\/fr\/wp-json\/wp\/v2\/product_brand?post=2233"},{"taxonomy":"product_cat","embeddable":true,"href":"https:\/\/uhmwpemanufacture.com\/fr\/wp-json\/wp\/v2\/product_cat?post=2233"},{"taxonomy":"product_tag","embeddable":true,"href":"https:\/\/uhmwpemanufacture.com\/fr\/wp-json\/wp\/v2\/product_tag?post=2233"}],"curies":[{"name":"wp","href":"https:\/\/api.w.org\/{rel}","templated":true}]}}