{"id":2244,"date":"2025-10-11T06:43:39","date_gmt":"2025-10-11T06:43:39","guid":{"rendered":"https:\/\/uhmwpemanufacture.com\/?post_type=product&#038;p=2244"},"modified":"2025-10-11T06:43:39","modified_gmt":"2025-10-11T06:43:39","slug":"custom-hdpe-sheet-hockey-practice-shooting-pads-supplier","status":"publish","type":"product","link":"https:\/\/uhmwpemanufacture.com\/fr\/custom-hdpe-sheet-hockey-practice-shooting-pads-supplier\/","title":{"rendered":"Feuille HDPE Custom Hockey Practice Shooting Pads Supplier (en anglais seulement)"},"content":{"rendered":"<h2 id=\"custom-made-hdpe-sheet-hockey-method-capturing-pads\">Plaques de capture de m\u00e9thode de hockey en feuille HDPE sur mesure<\/h2>\n<p>Nous sommes l'un des principaux fournisseurs de feuilles de PEHD personnalis\u00e9es, id\u00e9ales pour produire des tampons de tir r\u00e9sistants et brillants pour les m\u00e9thodes de hockey. Nos feuilles de poly\u00e9thyl\u00e8ne haute densit\u00e9 offrent une excellente r\u00e9sistance aux effets et une surface \u00e0 faible frottement, imitant les conditions r\u00e9elles de la glace pour un entra\u00eenement hors glace efficace. Disponibles en diff\u00e9rentes \u00e9paisseurs et dimensions, ces plaques sont parfaites pour am\u00e9liorer le maniement du palet, la pr\u00e9cision du tir et les comp\u00e9tences g\u00e9n\u00e9rales en hockey. Nos feuilles de PEHD sont r\u00e9sistantes aux intemp\u00e9ries et durables, ce qui en fait une option fiable et rentable pour les joueurs priv\u00e9s et les centres d'entra\u00eenement. Adaptez facilement votre zone technique gr\u00e2ce \u00e0 nos feuilles PEHD de haute qualit\u00e9.<\/p>","protected":false},"excerpt":{"rendered":"<p>Fournisseur de feuilles de PEHD sur mesure pour les coussins de tir pour l'entra\u00eenement au hockey. La surface durable et \u00e0 faible friction imite la glace pour l'entra\u00eenement hors glace. Am\u00e9liorez le maniement du palet et les comp\u00e9tences de tir avec nos feuilles r\u00e9sistantes aux intemp\u00e9ries et durables. Disponibles en diff\u00e9rentes tailles pour des configurations d'entra\u00eenement personnalis\u00e9es.<\/p>","protected":false},"featured_media":2248,"template":"","meta":{"_gspb_post_css":""},"product_brand":[],"product_cat":[29,31],"product_tag":[59,435,436],"class_list":{"0":"post-2244","1":"product","2":"type-product","3":"status-publish","4":"has-post-thumbnail","6":"product_cat-ice-rink-products","7":"product_cat-hockey-practice-shooting-pads","8":"product_tag-hdpe-sheet","9":"product_tag-hockey","10":"product_tag-shooting-pad","12":"first","13":"instock","14":"shipping-taxable","15":"product-type-simple"},"_links":{"self":[{"href":"https:\/\/uhmwpemanufacture.com\/fr\/wp-json\/wp\/v2\/product\/2244","targetHints":{"allow":["GET"]}}],"collection":[{"href":"https:\/\/uhmwpemanufacture.com\/fr\/wp-json\/wp\/v2\/product"}],"about":[{"href":"https:\/\/uhmwpemanufacture.com\/fr\/wp-json\/wp\/v2\/types\/product"}],"wp:featuredmedia":[{"embeddable":true,"href":"https:\/\/uhmwpemanufacture.com\/fr\/wp-json\/wp\/v2\/media\/2248"}],"wp:attachment":[{"href":"https:\/\/uhmwpemanufacture.com\/fr\/wp-json\/wp\/v2\/media?parent=2244"}],"wp:term":[{"taxonomy":"product_brand","embeddable":true,"href":"https:\/\/uhmwpemanufacture.com\/fr\/wp-json\/wp\/v2\/product_brand?post=2244"},{"taxonomy":"product_cat","embeddable":true,"href":"https:\/\/uhmwpemanufacture.com\/fr\/wp-json\/wp\/v2\/product_cat?post=2244"},{"taxonomy":"product_tag","embeddable":true,"href":"https:\/\/uhmwpemanufacture.com\/fr\/wp-json\/wp\/v2\/product_tag?post=2244"}],"curies":[{"name":"wp","href":"https:\/\/api.w.org\/{rel}","templated":true}]}}