{"id":2249,"date":"2025-10-11T06:47:20","date_gmt":"2025-10-11T06:47:20","guid":{"rendered":"https:\/\/uhmwpemanufacture.com\/?post_type=product&#038;p=2249"},"modified":"2025-10-11T06:47:21","modified_gmt":"2025-10-11T06:47:21","slug":"hockeyicerink-dasher-boards-environmental-protection-board","status":"publish","type":"product","link":"https:\/\/uhmwpemanufacture.com\/fr\/hockeyicerink-dasher-boards-environmental-protection-board\/","title":{"rendered":"Hockey(Ice)rink Dasher Boards Environmental Protection Board (Office de protection de l'environnement)"},"content":{"rendered":"<h2 id=\"hockey-ice-rink-dasher-boards-environmental-protection-board\">Hockey (Ice) Rink Dasher Boards Environmental Protection Board (Office de protection de l'environnement)<\/h2>\n<p>Nous fournissons des panneaux de gestion environnementale de premi\u00e8re qualit\u00e9, sp\u00e9cialement con\u00e7us pour le hockey et les panneaux d'affichage des patinoires. Fabriqu\u00e9s \u00e0 partir de produits r\u00e9sistants, ces panneaux offrent une r\u00e9sistance exceptionnelle aux chocs et une longue dur\u00e9e de vie, essentielles pour l'environnement exigeant du hockey sur glace. Notre structure respectueuse de l'environnement garantit un choix durable sans compromettre l'efficacit\u00e9 ou la s\u00e9curit\u00e9. Ces bandes offrent une surface lisse et r\u00e9guli\u00e8re pour le jeu du palet et la communication avec les joueurs, tout en pr\u00e9servant la stabilit\u00e9 structurelle de la patinoire. Elles sont simples \u00e0 installer et \u00e0 entretenir, et sont insensibles \u00e0 l'humidit\u00e9 et aux variations de temp\u00e9rature, ce qui les rend id\u00e9ales pour les installations de glace int\u00e9rieures et ext\u00e9rieures.<\/p>","protected":false},"excerpt":{"rendered":"<p>Panneaux durables et respectueux de l'environnement pour les syst\u00e8mes de dames de hockey et de patinoires. Offre une r\u00e9sistance \u00e9lev\u00e9e aux chocs et une grande long\u00e9vit\u00e9. Un choix durable pour un environnement de patinoire lisse et s\u00fbr. Facile \u00e0 installer et \u00e0 entretenir pour toutes les installations de glace.<\/p>","protected":false},"featured_media":2250,"template":"","meta":{"_gspb_post_css":""},"product_brand":[],"product_cat":[29,30],"product_tag":[433,438,437],"class_list":{"0":"post-2249","1":"product","2":"type-product","3":"status-publish","4":"has-post-thumbnail","6":"product_cat-ice-rink-products","7":"product_cat-hockey-ice-rink-dasher-boards","8":"product_tag-dasher-boards","9":"product_tag-environmental-board","10":"product_tag-hockey-rink","12":"first","13":"instock","14":"shipping-taxable","15":"product-type-simple"},"_links":{"self":[{"href":"https:\/\/uhmwpemanufacture.com\/fr\/wp-json\/wp\/v2\/product\/2249","targetHints":{"allow":["GET"]}}],"collection":[{"href":"https:\/\/uhmwpemanufacture.com\/fr\/wp-json\/wp\/v2\/product"}],"about":[{"href":"https:\/\/uhmwpemanufacture.com\/fr\/wp-json\/wp\/v2\/types\/product"}],"wp:featuredmedia":[{"embeddable":true,"href":"https:\/\/uhmwpemanufacture.com\/fr\/wp-json\/wp\/v2\/media\/2250"}],"wp:attachment":[{"href":"https:\/\/uhmwpemanufacture.com\/fr\/wp-json\/wp\/v2\/media?parent=2249"}],"wp:term":[{"taxonomy":"product_brand","embeddable":true,"href":"https:\/\/uhmwpemanufacture.com\/fr\/wp-json\/wp\/v2\/product_brand?post=2249"},{"taxonomy":"product_cat","embeddable":true,"href":"https:\/\/uhmwpemanufacture.com\/fr\/wp-json\/wp\/v2\/product_cat?post=2249"},{"taxonomy":"product_tag","embeddable":true,"href":"https:\/\/uhmwpemanufacture.com\/fr\/wp-json\/wp\/v2\/product_tag?post=2249"}],"curies":[{"name":"wp","href":"https:\/\/api.w.org\/{rel}","templated":true}]}}