{"id":2258,"date":"2025-10-11T06:54:20","date_gmt":"2025-10-11T06:54:20","guid":{"rendered":"https:\/\/uhmwpemanufacture.com\/?post_type=product&#038;p=2258"},"modified":"2025-10-11T06:54:20","modified_gmt":"2025-10-11T06:54:20","slug":"high-quality-lead-boron-polyethylene-plate-manufacturer","status":"publish","type":"product","link":"https:\/\/uhmwpemanufacture.com\/fr\/high-quality-lead-boron-polyethylene-plate-manufacturer\/","title":{"rendered":"Fabricant de plaques de poly\u00e9thyl\u00e8ne plomb-bore de haute qualit\u00e9"},"content":{"rendered":"<h2 id=\"excellent-quality-lead-boron-polyethylene-plate-manufacturer\">Fabricant de plaques de poly\u00e9thyl\u00e8ne plomb-bore d'excellente qualit\u00e9<\/h2>\n<p>En tant que fabricant de premier plan, nous fournissons des plaques de poly\u00e9thyl\u00e8ne plomb-bore de qualit\u00e9 sup\u00e9rieure, con\u00e7ues de mani\u00e8re experte pour des applications de protection contre les rayonnements remarquables. Ces plaques sp\u00e9cialis\u00e9es int\u00e8grent les remarquables propri\u00e9t\u00e9s d'att\u00e9nuation des neutrons du bore et les capacit\u00e9s de protection contre les rayonnements gamma du plomb, le tout dans une matrice de poly\u00e9thyl\u00e8ne durable. Elles sont parfaites pour les centres nucl\u00e9aires, les espaces d'imagerie m\u00e9dicale et les environnements industriels qui ont besoin d'une protection durable contre les rayonnements. Nos plaques sont l\u00e9g\u00e8res, faciles \u00e0 installer et immunis\u00e9es contre les produits chimiques, ce qui en fait une option durable et fiable. Nous garantissons une fabrication pr\u00e9cise afin de r\u00e9pondre aux crit\u00e8res rigoureux de s\u00e9curit\u00e9 et d'efficacit\u00e9 pour les besoins importants de s\u00e9curisation.<\/p>","protected":false},"excerpt":{"rendered":"<p>Fabricant de plaques de poly\u00e9thyl\u00e8ne plomb-bore pour un blindage sup\u00e9rieur contre les rayonnements. Combine l'att\u00e9nuation neutronique du bore avec le blindage gamma du plomb dans un poly\u00e9thyl\u00e8ne durable. Id\u00e9al pour les applications nucl\u00e9aires\/m\u00e9dicales. L\u00e9g\u00e8res, faciles \u00e0 usiner, r\u00e9sistantes aux produits chimiques.<\/p>","protected":false},"featured_media":2264,"template":"","meta":{"_gspb_post_css":""},"product_brand":[],"product_cat":[15,19],"product_tag":[307,403,260],"class_list":{"0":"post-2258","1":"product","2":"type-product","3":"status-publish","4":"has-post-thumbnail","6":"product_cat-uhmwpe-hdpe-sheets-plates","7":"product_cat-lead-boron-polyethylene-plates","8":"product_tag-lead-boron-plate","9":"product_tag-polyethylene","10":"product_tag-radiation-shielding","12":"first","13":"instock","14":"shipping-taxable","15":"product-type-simple"},"_links":{"self":[{"href":"https:\/\/uhmwpemanufacture.com\/fr\/wp-json\/wp\/v2\/product\/2258","targetHints":{"allow":["GET"]}}],"collection":[{"href":"https:\/\/uhmwpemanufacture.com\/fr\/wp-json\/wp\/v2\/product"}],"about":[{"href":"https:\/\/uhmwpemanufacture.com\/fr\/wp-json\/wp\/v2\/types\/product"}],"wp:featuredmedia":[{"embeddable":true,"href":"https:\/\/uhmwpemanufacture.com\/fr\/wp-json\/wp\/v2\/media\/2264"}],"wp:attachment":[{"href":"https:\/\/uhmwpemanufacture.com\/fr\/wp-json\/wp\/v2\/media?parent=2258"}],"wp:term":[{"taxonomy":"product_brand","embeddable":true,"href":"https:\/\/uhmwpemanufacture.com\/fr\/wp-json\/wp\/v2\/product_brand?post=2258"},{"taxonomy":"product_cat","embeddable":true,"href":"https:\/\/uhmwpemanufacture.com\/fr\/wp-json\/wp\/v2\/product_cat?post=2258"},{"taxonomy":"product_tag","embeddable":true,"href":"https:\/\/uhmwpemanufacture.com\/fr\/wp-json\/wp\/v2\/product_tag?post=2258"}],"curies":[{"name":"wp","href":"https:\/\/api.w.org\/{rel}","templated":true}]}}