{"id":2265,"date":"2025-10-11T06:58:15","date_gmt":"2025-10-11T06:58:15","guid":{"rendered":"https:\/\/uhmwpemanufacture.com\/?post_type=product&#038;p=2265"},"modified":"2025-10-11T06:58:15","modified_gmt":"2025-10-11T06:58:15","slug":"nylon-plastic-sleeve-ming-engineering-plastic-sheets-vendor","status":"publish","type":"product","link":"https:\/\/uhmwpemanufacture.com\/fr\/nylon-plastic-sleeve-ming-engineering-plastic-sheets-vendor\/","title":{"rendered":"Manchon en plastique Nylon MING Engineering Plastique Feuilles Vendeur"},"content":{"rendered":"<h2 id=\"nylon-plastic-sleeve-ming-engineering-plastic-sheets-vendor\">Manchon en plastique Nylon MING Engineering Plastique Feuilles Vendeur<\/h2>\n<p>En tant que fournisseur d\u00e9vou\u00e9, nous proposons une gamme vari\u00e9e de manchons en plastique nylon et de feuilles en plastique technique MING, comme l'illustrent les nombreux rouleaux et pi\u00e8ces. Nos produits sont fabriqu\u00e9s \u00e0 partir de plastiques de qualit\u00e9 sup\u00e9rieure, reconnus pour leur remarquable r\u00e9sistance \u00e0 l'usure, leur frottement r\u00e9duit et leurs excellentes propri\u00e9t\u00e9s m\u00e9caniques. Ces composants polyvalents conviennent \u00e0 d'innombrables applications industrielles, notamment les bagues, les rouleaux, les \u00e9quipements et les tampons d'utilisation o\u00f9 la durabilit\u00e9 et la performance sont essentielles. Nous offrons des services personnalis\u00e9s pour r\u00e9pondre aux exigences particuli\u00e8res en mati\u00e8re de dimensions et de mat\u00e9riaux, garantissant ainsi un ajustement et un fonctionnement id\u00e9aux pour vos machines. Comptez sur nous pour des pi\u00e8ces en plastique durables et de bonne r\u00e9putation.<\/p>","protected":false},"excerpt":{"rendered":"<p>Vendeur de manchons en plastique nylon de haute qualit\u00e9 et de feuilles de plastique technique MING. Ils se caract\u00e9risent par une excellente r\u00e9sistance \u00e0 l'usure, un faible frottement et une grande robustesse m\u00e9canique. Id\u00e9ales pour les bagues industrielles, les rouleaux et les composants sur mesure. Solutions fiables et durables.<\/p>","protected":false},"featured_media":2270,"template":"","meta":{"_gspb_post_css":""},"product_brand":[],"product_cat":[34,23],"product_tag":[71,264,440],"class_list":{"0":"post-2265","1":"product","2":"type-product","3":"status-publish","4":"has-post-thumbnail","6":"product_cat-mg-engineering-plastic-sheets","7":"product_cat-nylon-sheets","8":"product_tag-engineering-plastic","9":"product_tag-nylon-plastic","10":"product_tag-plastic-sleeves","12":"first","13":"instock","14":"shipping-taxable","15":"product-type-simple"},"_links":{"self":[{"href":"https:\/\/uhmwpemanufacture.com\/fr\/wp-json\/wp\/v2\/product\/2265","targetHints":{"allow":["GET"]}}],"collection":[{"href":"https:\/\/uhmwpemanufacture.com\/fr\/wp-json\/wp\/v2\/product"}],"about":[{"href":"https:\/\/uhmwpemanufacture.com\/fr\/wp-json\/wp\/v2\/types\/product"}],"wp:featuredmedia":[{"embeddable":true,"href":"https:\/\/uhmwpemanufacture.com\/fr\/wp-json\/wp\/v2\/media\/2270"}],"wp:attachment":[{"href":"https:\/\/uhmwpemanufacture.com\/fr\/wp-json\/wp\/v2\/media?parent=2265"}],"wp:term":[{"taxonomy":"product_brand","embeddable":true,"href":"https:\/\/uhmwpemanufacture.com\/fr\/wp-json\/wp\/v2\/product_brand?post=2265"},{"taxonomy":"product_cat","embeddable":true,"href":"https:\/\/uhmwpemanufacture.com\/fr\/wp-json\/wp\/v2\/product_cat?post=2265"},{"taxonomy":"product_tag","embeddable":true,"href":"https:\/\/uhmwpemanufacture.com\/fr\/wp-json\/wp\/v2\/product_tag?post=2265"}],"curies":[{"name":"wp","href":"https:\/\/api.w.org\/{rel}","templated":true}]}}