{"id":2271,"date":"2025-10-11T07:02:00","date_gmt":"2025-10-11T07:02:00","guid":{"rendered":"https:\/\/uhmwpemanufacture.com\/?post_type=product&#038;p=2271"},"modified":"2025-10-11T07:02:00","modified_gmt":"2025-10-11T07:02:00","slug":"nylon-sheet-wear-resisting-uhmwpe-board-sheet-wholesale","status":"publish","type":"product","link":"https:\/\/uhmwpemanufacture.com\/fr\/nylon-sheet-wear-resisting-uhmwpe-board-sheet-wholesale\/","title":{"rendered":"Feuille de nylon Feuille de panneau Uhmwpe r\u00e9sistant \u00e0 l'usure Commerce de gros"},"content":{"rendered":"<h2 id=\"nylon-sheet-wear-resisting-uhmwpe-board-sheet-wholesale\">Feuille de nylon Feuille de panneau UHMWPE r\u00e9sistant \u00e0 l'usure Commerce de gros<\/h2>\n<p>Nous sommes un fournisseur en gros de feuilles de nylon de haute performance et de feuilles de carton UHMWPE (poly\u00e9thyl\u00e8ne de poids mol\u00e9culaire tr\u00e8s \u00e9lev\u00e9) r\u00e9sistantes \u00e0 l'usure, disponibles dans de nombreuses teintes telles que l'\u00e9cologique et le bleu illustr\u00e9s. Nos feuilles de nylon offrent une r\u00e9sistance m\u00e9canique, une rigidit\u00e9 et une duret\u00e9 exceptionnelles, ce qui les rend adapt\u00e9es aux applications techniques exigeantes. Les feuilles d'UHMWPE offrent une r\u00e9sistance \u00e0 l'abrasion in\u00e9gal\u00e9e, un coefficient de frottement tr\u00e8s faible et une t\u00e9nacit\u00e9 de premier ordre, ce qui les rend parfaites pour les rev\u00eatements, les coussinets et les pi\u00e8ces de convoyeur. Les deux mat\u00e9riaux sont l\u00e9gers, durables et insensibles aux produits chimiques et \u00e0 l'humidit\u00e9, ce qui garantit des performances durables dans divers environnements industriels. Nous proposons des tarifs de gros abordables pour les commandes de masse.<\/p>","protected":false},"excerpt":{"rendered":"<p>Fournisseur en gros de feuilles de nylon et de feuilles de carton UHMWPE r\u00e9sistant \u00e0 l'usure. Excellente r\u00e9sistance m\u00e9canique, faible friction et r\u00e9sistance sup\u00e9rieure \u00e0 l'abrasion pour les applications industrielles exigeantes. Durables, l\u00e9g\u00e8res et r\u00e9sistantes aux produits chimiques.<\/p>","protected":false},"featured_media":2277,"template":"","meta":{"_gspb_post_css":""},"product_brand":[],"product_cat":[23],"product_tag":[69,303,441],"class_list":{"0":"post-2271","1":"product","2":"type-product","3":"status-publish","4":"has-post-thumbnail","6":"product_cat-nylon-sheets","7":"product_tag-nylon-sheet","8":"product_tag-uhmwpe-board","9":"product_tag-wear-resisting-plastic","11":"first","12":"instock","13":"shipping-taxable","14":"product-type-simple"},"_links":{"self":[{"href":"https:\/\/uhmwpemanufacture.com\/fr\/wp-json\/wp\/v2\/product\/2271","targetHints":{"allow":["GET"]}}],"collection":[{"href":"https:\/\/uhmwpemanufacture.com\/fr\/wp-json\/wp\/v2\/product"}],"about":[{"href":"https:\/\/uhmwpemanufacture.com\/fr\/wp-json\/wp\/v2\/types\/product"}],"wp:featuredmedia":[{"embeddable":true,"href":"https:\/\/uhmwpemanufacture.com\/fr\/wp-json\/wp\/v2\/media\/2277"}],"wp:attachment":[{"href":"https:\/\/uhmwpemanufacture.com\/fr\/wp-json\/wp\/v2\/media?parent=2271"}],"wp:term":[{"taxonomy":"product_brand","embeddable":true,"href":"https:\/\/uhmwpemanufacture.com\/fr\/wp-json\/wp\/v2\/product_brand?post=2271"},{"taxonomy":"product_cat","embeddable":true,"href":"https:\/\/uhmwpemanufacture.com\/fr\/wp-json\/wp\/v2\/product_cat?post=2271"},{"taxonomy":"product_tag","embeddable":true,"href":"https:\/\/uhmwpemanufacture.com\/fr\/wp-json\/wp\/v2\/product_tag?post=2271"}],"curies":[{"name":"wp","href":"https:\/\/api.w.org\/{rel}","templated":true}]}}