{"id":2278,"date":"2025-10-11T07:05:39","date_gmt":"2025-10-11T07:05:39","guid":{"rendered":"https:\/\/uhmwpemanufacture.com\/?post_type=product&#038;p=2278"},"modified":"2025-10-11T07:05:39","modified_gmt":"2025-10-11T07:05:39","slug":"pp-pe-u-shaped-plastic-high-molecular-polyethylene-exporter","status":"publish","type":"product","link":"https:\/\/uhmwpemanufacture.com\/fr\/pp-pe-u-shaped-plastic-high-molecular-polyethylene-exporter\/","title":{"rendered":"PP PE U Shaped Plastic High Molecular Polyethylene Exporter"},"content":{"rendered":"<h2 id=\"pp-pe-u-shaped-plastic-high-molecular-polyethylene-merchant\">PP PE Plastique en forme de U Poly\u00e9thyl\u00e8ne \u00e0 haut poids mol\u00e9culaire Marchand<\/h2>\n<p>En tant que n\u00e9gociant de premier plan, nous nous concentrons sur les profil\u00e9s en plastique PP, PE et en U de haute qualit\u00e9 fabriqu\u00e9s \u00e0 partir de poly\u00e9thyl\u00e8ne \u00e0 haut poids mol\u00e9culaire (HMWPE). Ces \u00e9l\u00e9ments flexibles, compos\u00e9s de voies arrondies et droites, sont con\u00e7us pour une r\u00e9sistance extraordinaire \u00e0 l'usure, une friction r\u00e9duite et une grande force d'influence, comme le montrent les guides de cha\u00eene de convoyeur. Id\u00e9aux pour diverses applications industrielles telles que les syst\u00e8mes de convoyage, les aper\u00e7us de cha\u00eenes et les bandes de pose, nos articles r\u00e9duisent consid\u00e9rablement les frottements et prolongent la dur\u00e9e de vie des machines. Nous fournissons des agencements sur mesure et une production pr\u00e9cise pour satisfaire les sp\u00e9cifications vari\u00e9es des clients, garantissant une efficacit\u00e9 id\u00e9ale et des param\u00e8tres populaires de robustesse.<\/p>","protected":false},"excerpt":{"rendered":"<p>Exportateur de profil\u00e9s en plastique PP, PE et en forme de U en HMWPE. Ils pr\u00e9sentent une excellente r\u00e9sistance \u00e0 l'usure, un faible frottement et une grande r\u00e9sistance aux chocs. Id\u00e9al pour les syst\u00e8mes de convoyage, les guides de cha\u00eene et les bandes d'usure. Des conceptions personnalis\u00e9es sont disponibles pour r\u00e9pondre \u00e0 divers besoins industriels.<\/p>","protected":false},"featured_media":2284,"template":"","meta":{"_gspb_post_css":""},"product_brand":[],"product_cat":[35],"product_tag":[443,442,403],"class_list":{"0":"post-2278","1":"product","2":"type-product","3":"status-publish","4":"has-post-thumbnail","6":"product_cat-pp-pe-products","7":"product_tag-chain-guide","8":"product_tag-plastic-profiles","9":"product_tag-polyethylene","11":"first","12":"instock","13":"shipping-taxable","14":"product-type-simple"},"_links":{"self":[{"href":"https:\/\/uhmwpemanufacture.com\/fr\/wp-json\/wp\/v2\/product\/2278","targetHints":{"allow":["GET"]}}],"collection":[{"href":"https:\/\/uhmwpemanufacture.com\/fr\/wp-json\/wp\/v2\/product"}],"about":[{"href":"https:\/\/uhmwpemanufacture.com\/fr\/wp-json\/wp\/v2\/types\/product"}],"wp:featuredmedia":[{"embeddable":true,"href":"https:\/\/uhmwpemanufacture.com\/fr\/wp-json\/wp\/v2\/media\/2284"}],"wp:attachment":[{"href":"https:\/\/uhmwpemanufacture.com\/fr\/wp-json\/wp\/v2\/media?parent=2278"}],"wp:term":[{"taxonomy":"product_brand","embeddable":true,"href":"https:\/\/uhmwpemanufacture.com\/fr\/wp-json\/wp\/v2\/product_brand?post=2278"},{"taxonomy":"product_cat","embeddable":true,"href":"https:\/\/uhmwpemanufacture.com\/fr\/wp-json\/wp\/v2\/product_cat?post=2278"},{"taxonomy":"product_tag","embeddable":true,"href":"https:\/\/uhmwpemanufacture.com\/fr\/wp-json\/wp\/v2\/product_tag?post=2278"}],"curies":[{"name":"wp","href":"https:\/\/api.w.org\/{rel}","templated":true}]}}