{"id":2285,"date":"2025-10-11T07:09:05","date_gmt":"2025-10-11T07:09:05","guid":{"rendered":"https:\/\/uhmwpemanufacture.com\/?post_type=product&#038;p=2285"},"modified":"2025-10-11T07:09:05","modified_gmt":"2025-10-11T07:09:05","slug":"equipment-safety-pe-interlocking-cribbing-blocks-vendor","status":"publish","type":"product","link":"https:\/\/uhmwpemanufacture.com\/fr\/equipment-safety-pe-interlocking-cribbing-blocks-vendor\/","title":{"rendered":"S\u00e9curit\u00e9 de l'\u00e9quipement Blocs d'encastrement en PE Vendeur"},"content":{"rendered":"<h2 id=\"devices-safety-pe-interlocking-cribbing-blocks-supplier\">Dispositifs S\u00e9curit\u00e9 PE Interlocking Cribbing Blocks Supplier<\/h2>\n<p>En tant que vendeur engag\u00e9, nous fournissons des blocs de s\u00e9curit\u00e9 pour \u00e9quipements en PE (poly\u00e9thyl\u00e8ne) \u00e0 embo\u00eetement de haute qualit\u00e9, comme indiqu\u00e9 sur les photos. Ces blocs robustes et solides sont essentiels pour maintenir les \u00e9quipements lourds, les automobiles et les structures pendant les op\u00e9rations de levage, d'entretien ou d'urgence. Fabriqu\u00e9s en poly\u00e9thyl\u00e8ne durable, nos blocs de criblage sont r\u00e9sistants aux \u00e9chardes, \u00e0 l'huile, aux produits chimiques et \u00e0 l'eau, et beaucoup plus l\u00e9gers que les blocs de criblage en bois traditionnels. Le syst\u00e8me d'embo\u00eetement garantit une s\u00e9curit\u00e9 optimale et permet un empilage s\u00fbr et efficace. Disponibles en diff\u00e9rentes tailles et configurations, ils constituent une solution fiable et r\u00e9sistante pour renforcer la s\u00e9curit\u00e9 sur le lieu de travail dans tous les secteurs d'activit\u00e9.<\/p>","protected":false},"excerpt":{"rendered":"<p>Vendeur de blocs de criblage \u00e0 embo\u00eetement en PE de haute qualit\u00e9 pour la s\u00e9curit\u00e9 des \u00e9quipements. Durables, r\u00e9sistants aux \u00e9chardes et aux produits chimiques. Id\u00e9al pour stabiliser les charges lourdes pendant le levage et la maintenance. L\u00e9gers, s\u00fbrs et efficaces.<\/p>","protected":false},"featured_media":2287,"template":"","meta":{"_gspb_post_css":""},"product_brand":[],"product_cat":[15,21],"product_tag":[65,444,403],"class_list":{"0":"post-2285","1":"product","2":"type-product","3":"status-publish","4":"has-post-thumbnail","6":"product_cat-uhmwpe-hdpe-sheets-plates","7":"product_cat-uhmwpe-fender-pads","8":"product_tag-cribbing-blocks","9":"product_tag-equipment-safety","10":"product_tag-polyethylene","12":"first","13":"instock","14":"shipping-taxable","15":"product-type-simple"},"_links":{"self":[{"href":"https:\/\/uhmwpemanufacture.com\/fr\/wp-json\/wp\/v2\/product\/2285","targetHints":{"allow":["GET"]}}],"collection":[{"href":"https:\/\/uhmwpemanufacture.com\/fr\/wp-json\/wp\/v2\/product"}],"about":[{"href":"https:\/\/uhmwpemanufacture.com\/fr\/wp-json\/wp\/v2\/types\/product"}],"wp:featuredmedia":[{"embeddable":true,"href":"https:\/\/uhmwpemanufacture.com\/fr\/wp-json\/wp\/v2\/media\/2287"}],"wp:attachment":[{"href":"https:\/\/uhmwpemanufacture.com\/fr\/wp-json\/wp\/v2\/media?parent=2285"}],"wp:term":[{"taxonomy":"product_brand","embeddable":true,"href":"https:\/\/uhmwpemanufacture.com\/fr\/wp-json\/wp\/v2\/product_brand?post=2285"},{"taxonomy":"product_cat","embeddable":true,"href":"https:\/\/uhmwpemanufacture.com\/fr\/wp-json\/wp\/v2\/product_cat?post=2285"},{"taxonomy":"product_tag","embeddable":true,"href":"https:\/\/uhmwpemanufacture.com\/fr\/wp-json\/wp\/v2\/product_tag?post=2285"}],"curies":[{"name":"wp","href":"https:\/\/api.w.org\/{rel}","templated":true}]}}