{"id":2291,"date":"2025-10-11T07:12:51","date_gmt":"2025-10-11T07:12:51","guid":{"rendered":"https:\/\/uhmwpemanufacture.com\/?post_type=product&#038;p=2291"},"modified":"2025-10-11T07:12:52","modified_gmt":"2025-10-11T07:12:52","slug":"uhmwpe-plate-sheet-uhmw-polyethylene-cast-plate-suppliers","status":"publish","type":"product","link":"https:\/\/uhmwpemanufacture.com\/fr\/uhmwpe-plate-sheet-uhmw-polyethylene-cast-plate-suppliers\/","title":{"rendered":"Plaques UHMWPE Plaques coul\u00e9es en poly\u00e9thyl\u00e8ne UHMW Fournisseurs de plaques coul\u00e9es en poly\u00e9thyl\u00e8ne UHMW"},"content":{"rendered":"<h2 id=\"uhmwpe-plate-sheet\">Plaque d'UHMWPE<\/h2>\n<p>Ces plaques en UHMWPE (poly\u00e9thyl\u00e8ne \u00e0 poids mol\u00e9culaire ultra \u00e9lev\u00e9) offrent une efficacit\u00e9 ph\u00e9nom\u00e9nale pour toute une s\u00e9rie d'applications commerciales. Connues pour leur grande r\u00e9sistance aux chocs, leur superbe r\u00e9sistance \u00e0 l'abrasion et leur tr\u00e8s faible coefficient de frottement, ces plaques moul\u00e9es conviennent aux applications d'usure, aux rev\u00eatements cellulaires des goulottes et aux rails de survol.<\/p>\n<p>Disponibles dans une gamme de couleurs dynamiques, comme le montrent les images, ces feuilles sont \u00e9galement r\u00e9sistantes \u00e0 de nombreux produits chimiques et offrent une excellente protection \u00e9lectrique aux b\u00e2timents. Leur l\u00e9g\u00e8ret\u00e9 et leur facilit\u00e9 d'usinage en font un mat\u00e9riau fonctionnel pour des composants et des \u00e9l\u00e9ments personnalis\u00e9s. En tant que distributeur de premier plan, nous fournissons des feuilles de poly\u00e9thyl\u00e8ne UHMW de haute qualit\u00e9 qui garantissent une r\u00e9silience et une efficacit\u00e9 durable dans des environnements populaires. Qu'elles soient destin\u00e9es \u00e0 la production, \u00e0 la manutention ou aux loisirs, ces plaques sont con\u00e7ues pour r\u00e9pondre \u00e0 des exigences rigoureuses.<\/p>","protected":false},"excerpt":{"rendered":"<p>Nos plaques en UHMWPE (poly\u00e9thyl\u00e8ne \u00e0 poids mol\u00e9culaire ultra \u00e9lev\u00e9) offrent une r\u00e9sistance sup\u00e9rieure aux chocs et \u00e0 l'abrasion, ainsi qu'un faible coefficient de frottement. Disponibles en plusieurs couleurs, ces plaques moul\u00e9es sont parfaites pour les applications d'usure industrielle, les rev\u00eatements de goulotte et les pi\u00e8ces sur mesure, car elles offrent une durabilit\u00e9 et une r\u00e9sistance aux produits chimiques.<\/p>","protected":false},"featured_media":2295,"template":"","meta":{"_gspb_post_css":""},"product_brand":[],"product_cat":[15,17],"product_tag":[445,403,396],"class_list":{"0":"post-2291","1":"product","2":"type-product","3":"status-publish","4":"has-post-thumbnail","6":"product_cat-uhmwpe-hdpe-sheets-plates","7":"product_cat-uhmwpe-sheets","8":"product_tag-plastic-sheet","9":"product_tag-polyethylene","10":"product_tag-uhmwpe","12":"first","13":"instock","14":"shipping-taxable","15":"product-type-simple"},"_links":{"self":[{"href":"https:\/\/uhmwpemanufacture.com\/fr\/wp-json\/wp\/v2\/product\/2291","targetHints":{"allow":["GET"]}}],"collection":[{"href":"https:\/\/uhmwpemanufacture.com\/fr\/wp-json\/wp\/v2\/product"}],"about":[{"href":"https:\/\/uhmwpemanufacture.com\/fr\/wp-json\/wp\/v2\/types\/product"}],"wp:featuredmedia":[{"embeddable":true,"href":"https:\/\/uhmwpemanufacture.com\/fr\/wp-json\/wp\/v2\/media\/2295"}],"wp:attachment":[{"href":"https:\/\/uhmwpemanufacture.com\/fr\/wp-json\/wp\/v2\/media?parent=2291"}],"wp:term":[{"taxonomy":"product_brand","embeddable":true,"href":"https:\/\/uhmwpemanufacture.com\/fr\/wp-json\/wp\/v2\/product_brand?post=2291"},{"taxonomy":"product_cat","embeddable":true,"href":"https:\/\/uhmwpemanufacture.com\/fr\/wp-json\/wp\/v2\/product_cat?post=2291"},{"taxonomy":"product_tag","embeddable":true,"href":"https:\/\/uhmwpemanufacture.com\/fr\/wp-json\/wp\/v2\/product_tag?post=2291"}],"curies":[{"name":"wp","href":"https:\/\/api.w.org\/{rel}","templated":true}]}}