{"id":2296,"date":"2025-10-11T07:16:44","date_gmt":"2025-10-11T07:16:44","guid":{"rendered":"https:\/\/uhmwpemanufacture.com\/?post_type=product&#038;p=2296"},"modified":"2025-10-11T07:16:44","modified_gmt":"2025-10-11T07:16:44","slug":"amphi-mat-eco-friendly-road-ground-protection-mat-wholesaler","status":"publish","type":"product","link":"https:\/\/uhmwpemanufacture.com\/fr\/amphi-mat-eco-friendly-road-ground-protection-mat-wholesaler\/","title":{"rendered":"Amphi Mat Tapis de protection des sols routiers \u00e9cologiques Grossiste"},"content":{"rendered":"<h2 id=\"amphi-mat-eco-friendly-road-ground-security-mat\">Amphi Mat Tapis de s\u00e9curit\u00e9 routi\u00e8re \u00e9cologique<\/h2>\n<p>L'Amphi Mat est une option de s\u00e9curit\u00e9 au sol robuste et respectueuse de l'environnement, con\u00e7ue pour les voies d'acc\u00e8s temporaires, les rev\u00eatements de sol pour les \u00e9v\u00e9nements et la stabilisation des sites de construction. Fabriqu\u00e9s \u00e0 partir de mat\u00e9riaux recycl\u00e9s, ces rev\u00eatements de sol prot\u00e8gent les terrains sensibles des outils lourds, de la circulation des v\u00e9hicules et des pi\u00e9tons. Leur motif en plaques de diamant offre une superbe adh\u00e9rence, r\u00e9duisant les risques de glissade et renfor\u00e7ant la s\u00e9curit\u00e9 dans diff\u00e9rentes conditions m\u00e9t\u00e9orologiques.<\/p>\n<p>Dot\u00e9s de poign\u00e9es pratiques, ces tapis sont tr\u00e8s faciles \u00e0 installer, \u00e0 relier et \u00e0 r\u00e9organiser, ce qui les rend optimaux pour les t\u00e2ches de courte ou de longue dur\u00e9e. Ils r\u00e9partissent efficacement le poids, \u00e9vitant ainsi la formation d'orni\u00e8res, le compactage et l'endommagement des pelouses ou des sols souples. En tant que revendeur, nous proposons des rev\u00eatements de sol robustes et durables pour la d\u00e9fense des sols, qui sont essentiels pour tout travail n\u00e9cessitant une conservation fiable de la surface et un acc\u00e8s \u00e0 celle-ci.<\/p>","protected":false},"excerpt":{"rendered":"<p>Le tapis Amphi Mat offre une protection robuste et \u00e9cologique des sols. Id\u00e9al pour les routes temporaires et les sols d'\u00e9v\u00e9nements, son motif en plaques de diamant assure la traction tout en prot\u00e9geant les surfaces d'un trafic intense. Faciles \u00e0 installer et fabriqu\u00e9s \u00e0 partir de mat\u00e9riaux recycl\u00e9s, ces tapis sont parfaits pour la construction et les \u00e9v\u00e9nements en plein air.<\/p>","protected":false},"featured_media":2298,"template":"","meta":{"_gspb_post_css":""},"product_brand":[],"product_cat":[24,28,25],"product_tag":[447,159,446],"class_list":{"0":"post-2296","1":"product","2":"type-product","3":"status-publish","4":"has-post-thumbnail","6":"product_cat-ground-protection-road-mats","7":"product_cat-amphi-mats","8":"product_cat-quick-mats","9":"product_tag-eco-friendly-mat","10":"product_tag-ground-protection-mat","11":"product_tag-road-mat","13":"first","14":"instock","15":"shipping-taxable","16":"product-type-simple"},"_links":{"self":[{"href":"https:\/\/uhmwpemanufacture.com\/fr\/wp-json\/wp\/v2\/product\/2296","targetHints":{"allow":["GET"]}}],"collection":[{"href":"https:\/\/uhmwpemanufacture.com\/fr\/wp-json\/wp\/v2\/product"}],"about":[{"href":"https:\/\/uhmwpemanufacture.com\/fr\/wp-json\/wp\/v2\/types\/product"}],"wp:featuredmedia":[{"embeddable":true,"href":"https:\/\/uhmwpemanufacture.com\/fr\/wp-json\/wp\/v2\/media\/2298"}],"wp:attachment":[{"href":"https:\/\/uhmwpemanufacture.com\/fr\/wp-json\/wp\/v2\/media?parent=2296"}],"wp:term":[{"taxonomy":"product_brand","embeddable":true,"href":"https:\/\/uhmwpemanufacture.com\/fr\/wp-json\/wp\/v2\/product_brand?post=2296"},{"taxonomy":"product_cat","embeddable":true,"href":"https:\/\/uhmwpemanufacture.com\/fr\/wp-json\/wp\/v2\/product_cat?post=2296"},{"taxonomy":"product_tag","embeddable":true,"href":"https:\/\/uhmwpemanufacture.com\/fr\/wp-json\/wp\/v2\/product_tag?post=2296"}],"curies":[{"name":"wp","href":"https:\/\/api.w.org\/{rel}","templated":true}]}}