{"id":2299,"date":"2025-10-11T07:22:42","date_gmt":"2025-10-11T07:22:42","guid":{"rendered":"https:\/\/uhmwpemanufacture.com\/?post_type=product&#038;p=2299"},"modified":"2025-10-11T07:22:42","modified_gmt":"2025-10-11T07:22:42","slug":"custom-high-quality-coal-bunker-limit-plate-manufacturer-2","status":"publish","type":"product","link":"https:\/\/uhmwpemanufacture.com\/fr\/custom-high-quality-coal-bunker-limit-plate-manufacturer-2\/","title":{"rendered":"Plaque de limite de soute \u00e0 charbon de haute qualit\u00e9 fabriqu\u00e9e sur mesure"},"content":{"rendered":"<h2 id=\"customized-top-quality-coal-shelter-restriction-plate\">Plaque de restriction de l'abri \u00e0 charbon personnalis\u00e9e de qualit\u00e9 sup\u00e9rieure<\/h2>\n<p>Nos plaques de restriction personnalis\u00e9es de haute qualit\u00e9 pour les soutes \u00e0 charbon sont essentielles pour assurer la durabilit\u00e9 et la fiabilit\u00e9 des syst\u00e8mes de gestion du charbon. Fabriqu\u00e9es en acier robuste, comme le montre l'image, ces plaques sont con\u00e7ues pour r\u00e9sister \u00e0 la nature abrasive du charbon et aux conditions exigeantes qui r\u00e8gnent dans les soutes \u00e0 charbon. Elles jouent un r\u00f4le crucial dans la gestion de la circulation et la limitation de la capacit\u00e9 du charbon, en emp\u00eachant les d\u00e9bordements et en garantissant la s\u00e9curit\u00e9 du fonctionnement.<\/p>\n<p>En tant que fabricant d\u00e9vou\u00e9, nous nous concentrons sur la production de plaques de restriction adapt\u00e9es aux exigences des t\u00e2ches d\u00e9taill\u00e9es, garantissant un ajustement optimal et une efficacit\u00e9 optimale. Notre engagement en faveur de la haute qualit\u00e9 signifie que chaque plaque offre une r\u00e9sistance \u00e0 l'usure et une honn\u00eatet\u00e9 structurelle exceptionnelles, contribuant ainsi \u00e0 la long\u00e9vit\u00e9 et \u00e0 la fiabilit\u00e9 de votre espace de stockage du charbon et de votre infrastructure de communication. Ces plaques sont un \u00e9l\u00e9ment essentiel du maintien de proc\u00e9dures transparentes et s\u00fbres dans les centrales \u00e9lectriques, les centres miniers et d'autres industries lourdes.<\/p>","protected":false},"excerpt":{"rendered":"<p>Nos plaques de limitation de tr\u00e9mie \u00e0 charbon en acier sont con\u00e7ues pour durer dans des environnements difficiles. Con\u00e7ues pour contr\u00f4ler le flux de charbon et \u00e9viter les d\u00e9bordements, elles garantissent la s\u00e9curit\u00e9 et l'efficacit\u00e9 des syst\u00e8mes de manutention du charbon. En tant que fabricants, nous fournissons des plaques r\u00e9sistantes \u00e0 l'usure et de haute qualit\u00e9, adapt\u00e9es \u00e0 vos besoins industriels sp\u00e9cifiques.<\/p>","protected":false},"featured_media":2300,"template":"","meta":{"_gspb_post_css":""},"product_brand":[],"product_cat":[15,22],"product_tag":[337,449,448],"class_list":{"0":"post-2299","1":"product","2":"type-product","3":"status-publish","4":"has-post-thumbnail","6":"product_cat-uhmwpe-hdpe-sheets-plates","7":"product_cat-coal-bunker-limit-plates","8":"product_tag-coal-bunker-plate","9":"product_tag-industrial-plate","10":"product_tag-steel-plate","12":"first","13":"instock","14":"shipping-taxable","15":"product-type-simple"},"_links":{"self":[{"href":"https:\/\/uhmwpemanufacture.com\/fr\/wp-json\/wp\/v2\/product\/2299","targetHints":{"allow":["GET"]}}],"collection":[{"href":"https:\/\/uhmwpemanufacture.com\/fr\/wp-json\/wp\/v2\/product"}],"about":[{"href":"https:\/\/uhmwpemanufacture.com\/fr\/wp-json\/wp\/v2\/types\/product"}],"wp:featuredmedia":[{"embeddable":true,"href":"https:\/\/uhmwpemanufacture.com\/fr\/wp-json\/wp\/v2\/media\/2300"}],"wp:attachment":[{"href":"https:\/\/uhmwpemanufacture.com\/fr\/wp-json\/wp\/v2\/media?parent=2299"}],"wp:term":[{"taxonomy":"product_brand","embeddable":true,"href":"https:\/\/uhmwpemanufacture.com\/fr\/wp-json\/wp\/v2\/product_brand?post=2299"},{"taxonomy":"product_cat","embeddable":true,"href":"https:\/\/uhmwpemanufacture.com\/fr\/wp-json\/wp\/v2\/product_cat?post=2299"},{"taxonomy":"product_tag","embeddable":true,"href":"https:\/\/uhmwpemanufacture.com\/fr\/wp-json\/wp\/v2\/product_tag?post=2299"}],"curies":[{"name":"wp","href":"https:\/\/api.w.org\/{rel}","templated":true}]}}