{"id":2306,"date":"2025-10-11T07:29:36","date_gmt":"2025-10-11T07:29:36","guid":{"rendered":"https:\/\/uhmwpemanufacture.com\/?post_type=product&#038;p=2306"},"modified":"2025-10-11T07:29:36","modified_gmt":"2025-10-11T07:29:36","slug":"crane-mats-polyethylene-stabilizer-outrigger-pads-supplier","status":"publish","type":"product","link":"https:\/\/uhmwpemanufacture.com\/fr\/crane-mats-polyethylene-stabilizer-outrigger-pads-supplier\/","title":{"rendered":"Tapis de grue Poly\u00e9thyl\u00e8ne Stabilizer Outrigger Pads Supplier"},"content":{"rendered":"<h2 id=\"crane-mats-polyethylene-stabilizer-outrigger-pads\">Tapis de grue Poly\u00e9thyl\u00e8ne Stabilizer Outrigger Pads<\/h2>\n<p>Nos tapis de grue et nos coussins stabilisateurs en poly\u00e9thyl\u00e8ne sont essentiels pour am\u00e9liorer la s\u00e9curit\u00e9 et la s\u00fbret\u00e9 lors des op\u00e9rations de levage de charges lourdes. Comme le montre l'image, ces tapis sont plac\u00e9s sous les pieds des grues et autres machines lourdes afin de r\u00e9partir les charges importantes sur une plus grande surface. Ils \u00e9vitent ainsi de s'enfoncer dans un sol mou, prot\u00e8gent les surfaces d\u00e9licates et constituent une base stable pour les appareils.<\/p>\n<p>Fabriqu\u00e9s en poly\u00e9thyl\u00e8ne haute densit\u00e9 (PEHD), ces tampons sont exceptionnellement r\u00e9silients, l\u00e9gers et r\u00e9sistants \u00e0 l'eau, aux produits chimiques et aux temp\u00e9ratures \u00e9lev\u00e9es. Contrairement aux rev\u00eatements de sol en bois traditionnels, ils ne pourrissent pas, ne se fendent pas et n'absorbent pas l'humidit\u00e9, ce qui garantit une dur\u00e9e de vie beaucoup plus longue et des performances constantes. Avec des gestions incorpor\u00e9es pour un transport et un positionnement simples, nos coussins sont la solution appropri\u00e9e pour assurer des proc\u00e9dures s\u00fbres et efficaces pour les grues et l'\u00e9quipement lourd sur diff\u00e9rentes surfaces et march\u00e9s. En tant que fournisseur de confiance, nous fournissons des tampons de stabilisateurs durables et fiables.<\/p>","protected":false},"excerpt":{"rendered":"<p>Nos patins en poly\u00e9thyl\u00e8ne assurent une stabilit\u00e9 essentielle pour les grues et les \u00e9quipements lourds. Ces tapis l\u00e9gers et durables r\u00e9partissent les charges, emp\u00eachent l'enfoncement et prot\u00e8gent les surfaces. R\u00e9sistants \u00e0 l'eau et aux produits chimiques, ils garantissent des op\u00e9rations s\u00fbres et efficaces sur divers terrains. Indispensables pour la construction et le levage de charges lourdes.<\/p>","protected":false},"featured_media":2310,"template":"","meta":{"_gspb_post_css":""},"product_brand":[],"product_cat":[15,20],"product_tag":[261,256,86],"class_list":{"0":"post-2306","1":"product","2":"type-product","3":"status-publish","4":"has-post-thumbnail","6":"product_cat-uhmwpe-hdpe-sheets-plates","7":"product_cat-crane-outrigger-pads","8":"product_tag-crane-mats","9":"product_tag-outrigger-pads","10":"product_tag-polyethylene-pads","12":"first","13":"instock","14":"shipping-taxable","15":"product-type-simple"},"_links":{"self":[{"href":"https:\/\/uhmwpemanufacture.com\/fr\/wp-json\/wp\/v2\/product\/2306","targetHints":{"allow":["GET"]}}],"collection":[{"href":"https:\/\/uhmwpemanufacture.com\/fr\/wp-json\/wp\/v2\/product"}],"about":[{"href":"https:\/\/uhmwpemanufacture.com\/fr\/wp-json\/wp\/v2\/types\/product"}],"wp:featuredmedia":[{"embeddable":true,"href":"https:\/\/uhmwpemanufacture.com\/fr\/wp-json\/wp\/v2\/media\/2310"}],"wp:attachment":[{"href":"https:\/\/uhmwpemanufacture.com\/fr\/wp-json\/wp\/v2\/media?parent=2306"}],"wp:term":[{"taxonomy":"product_brand","embeddable":true,"href":"https:\/\/uhmwpemanufacture.com\/fr\/wp-json\/wp\/v2\/product_brand?post=2306"},{"taxonomy":"product_cat","embeddable":true,"href":"https:\/\/uhmwpemanufacture.com\/fr\/wp-json\/wp\/v2\/product_cat?post=2306"},{"taxonomy":"product_tag","embeddable":true,"href":"https:\/\/uhmwpemanufacture.com\/fr\/wp-json\/wp\/v2\/product_tag?post=2306"}],"curies":[{"name":"wp","href":"https:\/\/api.w.org\/{rel}","templated":true}]}}