{"id":2311,"date":"2025-10-11T07:32:32","date_gmt":"2025-10-11T07:32:32","guid":{"rendered":"https:\/\/uhmwpemanufacture.com\/?post_type=product&#038;p=2311"},"modified":"2025-10-11T07:32:32","modified_gmt":"2025-10-11T07:32:32","slug":"high-quality-custom-smooth-surface-pe-floorball-dasher-boards","status":"publish","type":"product","link":"https:\/\/uhmwpemanufacture.com\/fr\/high-quality-custom-smooth-surface-pe-floorball-dasher-boards\/","title":{"rendered":"Planches de jeu en PE \u00e0 surface lisse de haute qualit\u00e9 et sur mesure"},"content":{"rendered":"<h2 id=\"premium-quality-custom-made-smooth-surface-pe-floorball-dasher-boards\">Planches de jeu en PE \u00e0 surface lisse de premi\u00e8re qualit\u00e9, fabriqu\u00e9es sur mesure<\/h2>\n<p>Nos panneaux d'arr\u00eat de jeu en PE (poly\u00e9thyl\u00e8ne), tels qu'illustr\u00e9s sur la photo, sont con\u00e7us pour offrir un cadre de jeu de qualit\u00e9 sup\u00e9rieure aux amateurs de floorball. Ces panneaux blancs \u00e9l\u00e9gants offrent une surface incroyablement lisse, garantissant que la balle se d\u00e9place sans effort le long du p\u00e9rim\u00e8tre de la patinoire, am\u00e9liorant ainsi la vitesse et la fluidit\u00e9 du jeu.<\/p>\n<p>Fabriqu\u00e9es en poly\u00e9thyl\u00e8ne de longue dur\u00e9e, ces planches de dasher sont extr\u00eamement durables, r\u00e9sistantes aux chocs et con\u00e7ues pour r\u00e9sister aux exigences consid\u00e9rables d'un jeu abordable. Leur conception personnalis\u00e9e permet d'adapter les mesures et les dispositions \u00e0 tout secteur de floorball int\u00e9rieur ou ext\u00e9rieur. Faciles \u00e0 nettoyer et \u00e0 entretenir, ces panneaux conservent leur belle apparence et leur int\u00e9grit\u00e9 architecturale pendant de longues p\u00e9riodes. Parfaits pour les clubs, les coll\u00e8ges et les centres sp\u00e9cialis\u00e9s, nos panneaux d'affichage en PE pour le floorball offrent une limite sans risque, coh\u00e9rente et esth\u00e9tiquement attrayante pour une action de floorball int\u00e9ressante.<\/p>","protected":false},"excerpt":{"rendered":"<p>Nos panneaux d'entra\u00eenement de floorball en PE offrent une surface lisse et durable pour une glisse optimale de la balle. Fabriqu\u00e9es en poly\u00e9thyl\u00e8ne de haute qualit\u00e9, elles sont r\u00e9sistantes aux chocs et faciles \u00e0 entretenir. Parfaits pour cr\u00e9er des patinoires de floorball de qualit\u00e9 professionnelle, ces panneaux garantissent une exp\u00e9rience de jeu s\u00fbre et rapide.<\/p>","protected":false},"featured_media":2314,"template":"","meta":{"_gspb_post_css":""},"product_brand":[],"product_cat":[29,33],"product_tag":[450,451,385],"class_list":{"0":"post-2311","1":"product","2":"type-product","3":"status-publish","4":"has-post-thumbnail","6":"product_cat-ice-rink-products","7":"product_cat-floor-ball-dasher-boards","8":"product_tag-floorball-boards","9":"product_tag-pe-dasher-boards","10":"product_tag-sports-equipment","12":"first","13":"instock","14":"shipping-taxable","15":"product-type-simple"},"_links":{"self":[{"href":"https:\/\/uhmwpemanufacture.com\/fr\/wp-json\/wp\/v2\/product\/2311","targetHints":{"allow":["GET"]}}],"collection":[{"href":"https:\/\/uhmwpemanufacture.com\/fr\/wp-json\/wp\/v2\/product"}],"about":[{"href":"https:\/\/uhmwpemanufacture.com\/fr\/wp-json\/wp\/v2\/types\/product"}],"wp:featuredmedia":[{"embeddable":true,"href":"https:\/\/uhmwpemanufacture.com\/fr\/wp-json\/wp\/v2\/media\/2314"}],"wp:attachment":[{"href":"https:\/\/uhmwpemanufacture.com\/fr\/wp-json\/wp\/v2\/media?parent=2311"}],"wp:term":[{"taxonomy":"product_brand","embeddable":true,"href":"https:\/\/uhmwpemanufacture.com\/fr\/wp-json\/wp\/v2\/product_brand?post=2311"},{"taxonomy":"product_cat","embeddable":true,"href":"https:\/\/uhmwpemanufacture.com\/fr\/wp-json\/wp\/v2\/product_cat?post=2311"},{"taxonomy":"product_tag","embeddable":true,"href":"https:\/\/uhmwpemanufacture.com\/fr\/wp-json\/wp\/v2\/product_tag?post=2311"}],"curies":[{"name":"wp","href":"https:\/\/api.w.org\/{rel}","templated":true}]}}