{"id":2318,"date":"2025-10-11T07:36:11","date_gmt":"2025-10-11T07:36:11","guid":{"rendered":"https:\/\/uhmwpemanufacture.com\/?post_type=product&#038;p=2318"},"modified":"2025-10-11T07:36:11","modified_gmt":"2025-10-11T07:36:11","slug":"hard-plastic-sheets-hockey-practice-shooting-pads-vendor","status":"publish","type":"product","link":"https:\/\/uhmwpemanufacture.com\/fr\/hard-plastic-sheets-hockey-practice-shooting-pads-vendor\/","title":{"rendered":"Feuilles en plastique dur Hockey Practice Shooting Pads Vendor"},"content":{"rendered":"<h2 id=\"hard-plastic-sheets-hockey-technique-capturing-pads\">Feuilles de plastique dur Tampons de capture de technique de hockey<\/h2>\n<p>Nos feuilles de plastique r\u00e9sistant sont con\u00e7ues pour servir de tampons de capture de m\u00e9thodes de hockey de haute qualit\u00e9, id\u00e9ales pour les joueurs qui cherchent \u00e0 am\u00e9liorer leur maniement de la crosse, leurs passes et leurs tirs. Comme on peut le voir sur la photo, ces feuilles blanches robustes offrent une surface lisse, semblable \u00e0 celle de la glace, qui permet aux palets de glisser facilement, reproduisant ainsi les probl\u00e8mes de la glace r\u00e9elle pour un entra\u00eenement hors glace efficace.<\/p>\n<p>Fabriqu\u00e9s \u00e0 partir de produits plastiques robustes, ces coussins de tir sont con\u00e7us pour r\u00e9sister aux influences r\u00e9p\u00e9t\u00e9es des palets et des b\u00e2tons sans se briser ni s'affaiblir. Leur construction rigide garantit une zone d'entra\u00eenement s\u00fbre et coh\u00e9rente, que ce soit dans un garage, un sous-sol ou une cour. En tant que vendeur sp\u00e9cialis\u00e9, nous fournissons ces coussins polyvalents et r\u00e9sistants qui sont faciles \u00e0 nettoyer, \u00e0 transporter et \u00e0 installer, offrant une excellente solution pour une m\u00e9thode de hockey tout au long de l'ann\u00e9e. Boostez votre jeu avec une surface d'entra\u00eenement hors glace r\u00e9put\u00e9e et durable.<\/p>","protected":false},"excerpt":{"rendered":"<p>Nos feuilles de plastique dur sont des coussins de tir de hockey de premi\u00e8re qualit\u00e9. Elles offrent une surface semblable \u00e0 la glace pour un entra\u00eenement hors glace tout au long de l'ann\u00e9e, am\u00e9liorant le maniement de la crosse, les passes et les tirs. Durables et r\u00e9sistantes aux chocs, ces plaques offrent une surface d'entra\u00eenement homog\u00e8ne. Indispensables pour les joueurs de hockey en herbe.<\/p>","protected":false},"featured_media":2324,"template":"","meta":{"_gspb_post_css":""},"product_brand":[],"product_cat":[29,31],"product_tag":[410,452,445],"class_list":{"0":"post-2318","1":"product","2":"type-product","3":"status-publish","4":"has-post-thumbnail","6":"product_cat-ice-rink-products","7":"product_cat-hockey-practice-shooting-pads","8":"product_tag-hockey-practice","9":"product_tag-ockey-shooting-pad","10":"product_tag-plastic-sheet","12":"first","13":"instock","14":"shipping-taxable","15":"product-type-simple"},"_links":{"self":[{"href":"https:\/\/uhmwpemanufacture.com\/fr\/wp-json\/wp\/v2\/product\/2318","targetHints":{"allow":["GET"]}}],"collection":[{"href":"https:\/\/uhmwpemanufacture.com\/fr\/wp-json\/wp\/v2\/product"}],"about":[{"href":"https:\/\/uhmwpemanufacture.com\/fr\/wp-json\/wp\/v2\/types\/product"}],"wp:featuredmedia":[{"embeddable":true,"href":"https:\/\/uhmwpemanufacture.com\/fr\/wp-json\/wp\/v2\/media\/2324"}],"wp:attachment":[{"href":"https:\/\/uhmwpemanufacture.com\/fr\/wp-json\/wp\/v2\/media?parent=2318"}],"wp:term":[{"taxonomy":"product_brand","embeddable":true,"href":"https:\/\/uhmwpemanufacture.com\/fr\/wp-json\/wp\/v2\/product_brand?post=2318"},{"taxonomy":"product_cat","embeddable":true,"href":"https:\/\/uhmwpemanufacture.com\/fr\/wp-json\/wp\/v2\/product_cat?post=2318"},{"taxonomy":"product_tag","embeddable":true,"href":"https:\/\/uhmwpemanufacture.com\/fr\/wp-json\/wp\/v2\/product_tag?post=2318"}],"curies":[{"name":"wp","href":"https:\/\/api.w.org\/{rel}","templated":true}]}}