{"id":895,"date":"2025-09-27T03:56:27","date_gmt":"2025-09-27T03:56:27","guid":{"rendered":"https:\/\/uhmwpemanufacture.com\/?post_type=product&#038;p=895"},"modified":"2025-09-27T03:56:27","modified_gmt":"2025-09-27T03:56:27","slug":"crane-outrigger-pads-uhmwpe-stabilizer-plates-supplier-china","status":"publish","type":"product","link":"https:\/\/uhmwpemanufacture.com\/fr\/crane-outrigger-pads-uhmwpe-stabilizer-plates-supplier-china\/","title":{"rendered":"Plaques de stabilisation UHMWPE pour grues Fournisseur Chine"},"content":{"rendered":"<h2>Plaques de stabilisation de grue UHMWPE Vendeur Chine<\/h2>\n<p>Les coussinets en UHMWPE, \u00e0 la fois l\u00e9gers et tr\u00e8s r\u00e9sistants, r\u00e9partissent les lots de v\u00e9rins pour prot\u00e9ger le sol et emp\u00eacher l'enfoncement. Non conducteur, r\u00e9sistant \u00e0 la corrosion et aux intemp\u00e9ries. Surface textur\u00e9e et antid\u00e9rapante avec des bords biseaut\u00e9s et des gestions de l'apport pour un placement s\u00fbr. Id\u00e9al pour les grues, les ascenseurs a\u00e9riens et les stabilisateurs de v\u00e9hicules sur le gravier, le gazon ou l'asphalte. Tailles de 300 \u00e0 1200 mm, densit\u00e9 de 20 \u00e0 100 mm, nuances personnalis\u00e9es disponibles. Fabriqu\u00e9 en Chine, avec une solution de d\u00e9coupe rapide et une exp\u00e9dition rapide.<\/p>","protected":false},"excerpt":{"rendered":"<p>Les coussins des stabilisateurs de grue en UHMWPE r\u00e9partissent les charges des v\u00e9rins afin de prot\u00e9ger le sol et d'\u00e9viter l'enfoncement. L\u00e9gers, non conducteurs, r\u00e9sistants \u00e0 la corrosion. Surface antid\u00e9rapante, bords biseaut\u00e9s, poign\u00e9es de transport. Dimensions 300-1200 mm, \u00e9paisseur 20-100 mm, coupe sur mesure. Id\u00e9al pour les grues et les ascenseurs. Fournisseur chinois.<\/p>","protected":false},"featured_media":898,"template":"","meta":{"_gspb_post_css":""},"product_brand":[],"product_cat":[15,20],"product_tag":[58,64,63],"class_list":{"0":"post-895","1":"product","2":"type-product","3":"status-publish","4":"has-post-thumbnail","6":"product_cat-uhmwpe-hdpe-sheets-plates","7":"product_cat-crane-outrigger-pads","8":"product_tag-china-supplier","9":"product_tag-crane-stabilizer-plates","10":"product_tag-uhmwpe-outrigger-pads","12":"first","13":"instock","14":"shipping-taxable","15":"product-type-simple"},"_links":{"self":[{"href":"https:\/\/uhmwpemanufacture.com\/fr\/wp-json\/wp\/v2\/product\/895","targetHints":{"allow":["GET"]}}],"collection":[{"href":"https:\/\/uhmwpemanufacture.com\/fr\/wp-json\/wp\/v2\/product"}],"about":[{"href":"https:\/\/uhmwpemanufacture.com\/fr\/wp-json\/wp\/v2\/types\/product"}],"wp:featuredmedia":[{"embeddable":true,"href":"https:\/\/uhmwpemanufacture.com\/fr\/wp-json\/wp\/v2\/media\/898"}],"wp:attachment":[{"href":"https:\/\/uhmwpemanufacture.com\/fr\/wp-json\/wp\/v2\/media?parent=895"}],"wp:term":[{"taxonomy":"product_brand","embeddable":true,"href":"https:\/\/uhmwpemanufacture.com\/fr\/wp-json\/wp\/v2\/product_brand?post=895"},{"taxonomy":"product_cat","embeddable":true,"href":"https:\/\/uhmwpemanufacture.com\/fr\/wp-json\/wp\/v2\/product_cat?post=895"},{"taxonomy":"product_tag","embeddable":true,"href":"https:\/\/uhmwpemanufacture.com\/fr\/wp-json\/wp\/v2\/product_tag?post=895"}],"curies":[{"name":"wp","href":"https:\/\/api.w.org\/{rel}","templated":true}]}}