{"id":903,"date":"2025-09-27T04:04:29","date_gmt":"2025-09-27T04:04:29","guid":{"rendered":"https:\/\/uhmwpemanufacture.com\/?post_type=product&#038;p=903"},"modified":"2025-09-28T07:51:44","modified_gmt":"2025-09-28T07:51:44","slug":"cribbing-blocks-heavy-duty-composite-stacking-supplier-china","status":"publish","type":"product","link":"https:\/\/uhmwpemanufacture.com\/fr\/cribbing-blocks-heavy-duty-composite-stacking-supplier-china\/","title":{"rendered":"Cribbing Blocks Heavy Duty Composite Stacking Supplier China"},"content":{"rendered":"<h2 data-start=\"0\" data-end=\"63\">Cribbing Blocks Heavy Duty Composite Stacking Supplier China<\/h2>\n<p data-start=\"65\" data-end=\"500\" data-is-last-node=\"\" data-is-only-node=\"\">Blocs de criblage en composite \u00e0 haute r\u00e9sistance avec face pyramidale imbriqu\u00e9e pour un empilage s\u00fbr sous les stabilisateurs et les v\u00e9rins. Non-conducteurs, r\u00e9sistants \u00e0 l'eau et aux produits chimiques, ils ne pourrissent pas et ne se fendent pas comme le bois. Cordes de transport moul\u00e9es pour une mise en place et une r\u00e9cup\u00e9ration rapides. Utilisez des piles simples, 2\u00d72 ou 3\u00d73 pour prendre de la hauteur en toute s\u00e9curit\u00e9. Dimensions de 300\u00d7300\u00d790 mm et sur mesure. Compatibles avec les coussins d'ancrage. Fabriqu\u00e9 en Chine avec des charges nominales claires et un service de d\u00e9coupe rapide.<\/p>","protected":false},"excerpt":{"rendered":"<p>Blocs de criblage en composite tr\u00e8s r\u00e9sistants avec faces pyramidales imbriqu\u00e9es pour un empilage stable sous les stabilisateurs et les v\u00e9rins. Non-conducteurs, r\u00e9sistants \u00e0 l'eau et aux produits chimiques, ils ne pourrissent pas. Poign\u00e9es en corde pour une mise en place rapide. Plusieurs tailles et capacit\u00e9s de charge. Utilisez des piles simples, 2\u00d72 ou 3\u00d73. Fournisseur chinois.<\/p>","protected":false},"featured_media":906,"template":"","meta":{"_gspb_post_css":""},"product_brand":[],"product_cat":[15,21],"product_tag":[58,66,65],"class_list":{"0":"post-903","1":"product","2":"type-product","3":"status-publish","4":"has-post-thumbnail","6":"product_cat-uhmwpe-hdpe-sheets-plates","7":"product_cat-uhmwpe-fender-pads","8":"product_tag-china-supplier","9":"product_tag-composite-stacking","10":"product_tag-cribbing-blocks","12":"first","13":"instock","14":"shipping-taxable","15":"product-type-simple"},"_links":{"self":[{"href":"https:\/\/uhmwpemanufacture.com\/fr\/wp-json\/wp\/v2\/product\/903","targetHints":{"allow":["GET"]}}],"collection":[{"href":"https:\/\/uhmwpemanufacture.com\/fr\/wp-json\/wp\/v2\/product"}],"about":[{"href":"https:\/\/uhmwpemanufacture.com\/fr\/wp-json\/wp\/v2\/types\/product"}],"wp:featuredmedia":[{"embeddable":true,"href":"https:\/\/uhmwpemanufacture.com\/fr\/wp-json\/wp\/v2\/media\/906"}],"wp:attachment":[{"href":"https:\/\/uhmwpemanufacture.com\/fr\/wp-json\/wp\/v2\/media?parent=903"}],"wp:term":[{"taxonomy":"product_brand","embeddable":true,"href":"https:\/\/uhmwpemanufacture.com\/fr\/wp-json\/wp\/v2\/product_brand?post=903"},{"taxonomy":"product_cat","embeddable":true,"href":"https:\/\/uhmwpemanufacture.com\/fr\/wp-json\/wp\/v2\/product_cat?post=903"},{"taxonomy":"product_tag","embeddable":true,"href":"https:\/\/uhmwpemanufacture.com\/fr\/wp-json\/wp\/v2\/product_tag?post=903"}],"curies":[{"name":"wp","href":"https:\/\/api.w.org\/{rel}","templated":true}]}}