{"id":910,"date":"2025-09-27T06:03:20","date_gmt":"2025-09-27T06:03:20","guid":{"rendered":"https:\/\/uhmwpemanufacture.com\/?post_type=product&#038;p=910"},"modified":"2025-09-27T06:03:20","modified_gmt":"2025-09-27T06:03:20","slug":"coal-bunker-lining-plate-uhmwpe-wear-panels-supplier-china","status":"publish","type":"product","link":"https:\/\/uhmwpemanufacture.com\/fr\/coal-bunker-lining-plate-uhmwpe-wear-panels-supplier-china\/","title":{"rendered":"Plaque de rev\u00eatement de soute \u00e0 charbon Panneaux d'usure en UHMWPE Fournisseur Chine"},"content":{"rendered":"<h2>Plaque de rev\u00eatement cellulaire pour soutes \u00e0 charbon Distributeur de panneaux d'usure en UHMWPE Chine<\/h2>\n<p>Les panneaux en UHMWPE \u00e9vitent les liaisons et les probl\u00e8mes dans les abris \u00e0 charbon et les goulottes. La surface antiadh\u00e9sive \u00e0 faible frottement permet aux fines et au charbon humide de glisser proprement ; elle r\u00e9siste \u00e0 l'abrasion et aux influences, \u00e0 la corrosion et est silencieuse en service. Fournies sous forme de plaques de niveau ou de plaques pr\u00e9-perc\u00e9es pour un montage ult\u00e9rieur par boulonnage. Dimensions 1000 \u00d7 2000 et 1220 \u00d7 2440 mm, \u00e9paisseur 6- 100 mm, coupe sur mesure. Les options comprennent l'antistatique, l'ignifugation et l'anti-UV. Usinage CNC et distribution rapide.<\/p>","protected":false},"excerpt":{"rendered":"<p>Les panneaux d'usure en UHMWPE pour les tr\u00e9mies et les goulottes \u00e0 charbon maintiennent le flux de mat\u00e9riau et arr\u00eatent les ponts. Faible frottement, r\u00e9sistance \u00e0 l'abrasion et aux chocs, r\u00e9sistance \u00e0 la corrosion, silencieux. Fournis sous forme de plaques plates ou pr\u00e9-perc\u00e9es, coup\u00e9es sur mesure. Dimensions 1000\u00d72000\/1220\u00d72440 mm, \u00e9paisseur 6-100 mm. Options antistatiques, FR. Fournisseur chinois.<\/p>","protected":false},"featured_media":915,"template":"","meta":{"_gspb_post_css":""},"product_brand":[],"product_cat":[15,22],"product_tag":[58,67,68],"class_list":{"0":"post-910","1":"product","2":"type-product","3":"status-publish","4":"has-post-thumbnail","6":"product_cat-uhmwpe-hdpe-sheets-plates","7":"product_cat-coal-bunker-limit-plates","8":"product_tag-china-supplier","9":"product_tag-coal-bunker-lining","10":"product_tag-uhmwpe-wear-panels","12":"first","13":"instock","14":"shipping-taxable","15":"product-type-simple"},"_links":{"self":[{"href":"https:\/\/uhmwpemanufacture.com\/fr\/wp-json\/wp\/v2\/product\/910","targetHints":{"allow":["GET"]}}],"collection":[{"href":"https:\/\/uhmwpemanufacture.com\/fr\/wp-json\/wp\/v2\/product"}],"about":[{"href":"https:\/\/uhmwpemanufacture.com\/fr\/wp-json\/wp\/v2\/types\/product"}],"wp:featuredmedia":[{"embeddable":true,"href":"https:\/\/uhmwpemanufacture.com\/fr\/wp-json\/wp\/v2\/media\/915"}],"wp:attachment":[{"href":"https:\/\/uhmwpemanufacture.com\/fr\/wp-json\/wp\/v2\/media?parent=910"}],"wp:term":[{"taxonomy":"product_brand","embeddable":true,"href":"https:\/\/uhmwpemanufacture.com\/fr\/wp-json\/wp\/v2\/product_brand?post=910"},{"taxonomy":"product_cat","embeddable":true,"href":"https:\/\/uhmwpemanufacture.com\/fr\/wp-json\/wp\/v2\/product_cat?post=910"},{"taxonomy":"product_tag","embeddable":true,"href":"https:\/\/uhmwpemanufacture.com\/fr\/wp-json\/wp\/v2\/product_tag?post=910"}],"curies":[{"name":"wp","href":"https:\/\/api.w.org\/{rel}","templated":true}]}}