{"id":935,"date":"2025-09-27T09:00:28","date_gmt":"2025-09-27T09:00:28","guid":{"rendered":"https:\/\/uhmwpemanufacture.com\/?post_type=product&#038;p=935"},"modified":"2025-09-27T09:00:28","modified_gmt":"2025-09-27T09:00:28","slug":"base-mat-heavy-duty-ground-protection-road-mat-supplier","status":"publish","type":"product","link":"https:\/\/uhmwpemanufacture.com\/fr\/base-mat-heavy-duty-ground-protection-road-mat-supplier\/","title":{"rendered":"Base Mat Heavy-Duty Ground Protection Road Mat Supplier"},"content":{"rendered":"<h2>Tapis de base robuste Vue d'ensemble<\/h2>\n<p>Les rev\u00eatements de sol r\u00e9silients en HDPE avec marche rubis produisent des routes et des aires de travail \u00e9ph\u00e9m\u00e8res sur l'herbe, le sable ou le b\u00e9ton. Les panneaux sont reli\u00e9s \u00e0 des ports en acier pour cr\u00e9er des surfaces stables pour les chariots \u00e9l\u00e9vateurs, les camions et les grues, prot\u00e9geant la pelouse et augmentant l'adh\u00e9rence. R\u00e9utilisables, non absorbants et faciles \u00e0 nettoyer. Disponibles en noir ou en jaune haute visibilit\u00e9. Convient aux chantiers de construction, aux \u00e9v\u00e9nements dans les ar\u00e8nes, \u00e0 l'accessibilit\u00e9 des services publics, \u00e0 l'am\u00e9nagement paysager et aux travaux dans les champs p\u00e9trolif\u00e8res.<\/p>","protected":false},"excerpt":{"rendered":"<p>Les tapis de base HDPE robustes avec bande de roulement en diamant forment des routes temporaires et des aires de travail. Des connecteurs en acier verrouillent les panneaux pour permettre le transport de chariots \u00e9l\u00e9vateurs, de camions et de grues tout en prot\u00e9geant le gazon, l'asphalte ou le b\u00e9ton. Antid\u00e9rapants, non absorbants, faciles \u00e0 nettoyer et r\u00e9utilisables. Disponibles en noir ou en jaune haute visibilit\u00e9.<\/p>","protected":false},"featured_media":936,"template":"","meta":{"_gspb_post_css":""},"product_brand":[],"product_cat":[24,26],"product_tag":[75,72,76],"class_list":{"0":"post-935","1":"product","2":"type-product","3":"status-publish","4":"has-post-thumbnail","6":"product_cat-ground-protection-road-mats","7":"product_cat-base-mats","8":"product_tag-base-mat","9":"product_tag-ground-protection-mats","10":"product_tag-temporary-road-mats","12":"first","13":"instock","14":"shipping-taxable","15":"product-type-simple"},"_links":{"self":[{"href":"https:\/\/uhmwpemanufacture.com\/fr\/wp-json\/wp\/v2\/product\/935","targetHints":{"allow":["GET"]}}],"collection":[{"href":"https:\/\/uhmwpemanufacture.com\/fr\/wp-json\/wp\/v2\/product"}],"about":[{"href":"https:\/\/uhmwpemanufacture.com\/fr\/wp-json\/wp\/v2\/types\/product"}],"wp:featuredmedia":[{"embeddable":true,"href":"https:\/\/uhmwpemanufacture.com\/fr\/wp-json\/wp\/v2\/media\/936"}],"wp:attachment":[{"href":"https:\/\/uhmwpemanufacture.com\/fr\/wp-json\/wp\/v2\/media?parent=935"}],"wp:term":[{"taxonomy":"product_brand","embeddable":true,"href":"https:\/\/uhmwpemanufacture.com\/fr\/wp-json\/wp\/v2\/product_brand?post=935"},{"taxonomy":"product_cat","embeddable":true,"href":"https:\/\/uhmwpemanufacture.com\/fr\/wp-json\/wp\/v2\/product_cat?post=935"},{"taxonomy":"product_tag","embeddable":true,"href":"https:\/\/uhmwpemanufacture.com\/fr\/wp-json\/wp\/v2\/product_tag?post=935"}],"curies":[{"name":"wp","href":"https:\/\/api.w.org\/{rel}","templated":true}]}}