{"id":949,"date":"2025-09-27T09:18:38","date_gmt":"2025-09-27T09:18:38","guid":{"rendered":"https:\/\/uhmwpemanufacture.com\/?post_type=product&#038;p=949"},"modified":"2025-09-27T09:18:38","modified_gmt":"2025-09-27T09:18:38","slug":"amphi-mat-heavy-duty-ground-protection-road-mat-supplier","status":"publish","type":"product","link":"https:\/\/uhmwpemanufacture.com\/fr\/amphi-mat-heavy-duty-ground-protection-road-mat-supplier\/","title":{"rendered":"Amphi Mat Tapis de protection du sol \u00e0 usage intensif Fournisseur de tapis routiers"},"content":{"rendered":"<h2>Amphi Mat S\u00e9curit\u00e9 au sol<\/h2>\n<p>Les rev\u00eatements de sol Amphi Mat pour la protection des sols sont fabriqu\u00e9s en PEHD tr\u00e8s r\u00e9sistant avec une bande de roulement en rubis pour l'adh\u00e9rence et la s\u00e9curit\u00e9. Ils constituent des voies d'acc\u00e8s s\u00fbres et \u00e0 usage multiple \u00e0 court terme et des syst\u00e8mes pour les machines, prot\u00e9geant le sol, la pelouse ou le b\u00e9ton. L\u00e9gers mais solides, ces rev\u00eatements de sol sont faciles \u00e0 monter, se relient solidement \u00e0 la toile et r\u00e9sistent \u00e0 des tonnes. Ils sont parfaits pour la construction, les \u00e9v\u00e9nements ext\u00e9rieurs, l'am\u00e9nagement paysager et les t\u00e2ches industrielles.<\/p>","protected":false},"excerpt":{"rendered":"<p>Les tapis de protection du sol Amphi Mat sont con\u00e7us pour cr\u00e9er des routes et des plates-formes de travail temporaires stables. Fabriqu\u00e9s en PEHD durable avec une bande de roulement en diamant, ils supportent les machines lourdes, prot\u00e8gent le sol, le gazon et le b\u00e9ton, et sont r\u00e9utilisables, faciles \u00e0 installer et r\u00e9sistants aux intemp\u00e9ries pour de multiples projets.<\/p>","protected":false},"featured_media":950,"template":"","meta":{"_gspb_post_css":""},"product_brand":[],"product_cat":[24,28],"product_tag":[78,72,79],"class_list":{"0":"post-949","1":"product","2":"type-product","3":"status-publish","4":"has-post-thumbnail","6":"product_cat-ground-protection-road-mats","7":"product_cat-amphi-mats","8":"product_tag-amphi-mat","9":"product_tag-ground-protection-mats","10":"product_tag-heavy-duty-road-mats","12":"first","13":"instock","14":"shipping-taxable","15":"product-type-simple"},"_links":{"self":[{"href":"https:\/\/uhmwpemanufacture.com\/fr\/wp-json\/wp\/v2\/product\/949","targetHints":{"allow":["GET"]}}],"collection":[{"href":"https:\/\/uhmwpemanufacture.com\/fr\/wp-json\/wp\/v2\/product"}],"about":[{"href":"https:\/\/uhmwpemanufacture.com\/fr\/wp-json\/wp\/v2\/types\/product"}],"wp:featuredmedia":[{"embeddable":true,"href":"https:\/\/uhmwpemanufacture.com\/fr\/wp-json\/wp\/v2\/media\/950"}],"wp:attachment":[{"href":"https:\/\/uhmwpemanufacture.com\/fr\/wp-json\/wp\/v2\/media?parent=949"}],"wp:term":[{"taxonomy":"product_brand","embeddable":true,"href":"https:\/\/uhmwpemanufacture.com\/fr\/wp-json\/wp\/v2\/product_brand?post=949"},{"taxonomy":"product_cat","embeddable":true,"href":"https:\/\/uhmwpemanufacture.com\/fr\/wp-json\/wp\/v2\/product_cat?post=949"},{"taxonomy":"product_tag","embeddable":true,"href":"https:\/\/uhmwpemanufacture.com\/fr\/wp-json\/wp\/v2\/product_tag?post=949"}],"curies":[{"name":"wp","href":"https:\/\/api.w.org\/{rel}","templated":true}]}}