{"id":966,"date":"2025-09-27T09:36:31","date_gmt":"2025-09-27T09:36:31","guid":{"rendered":"https:\/\/uhmwpemanufacture.com\/?post_type=product&#038;p=966"},"modified":"2025-09-27T09:36:31","modified_gmt":"2025-09-27T09:36:31","slug":"hockey-practice-shooting-pads-durable-polyethylene-supplier","status":"publish","type":"product","link":"https:\/\/uhmwpemanufacture.com\/fr\/hockey-practice-shooting-pads-durable-polyethylene-supplier\/","title":{"rendered":"Hockey Practice Shooting Pads Durable Polyethylene Supplier"},"content":{"rendered":"<h2>Pads de capture de la m\u00e9thode de hockey<\/h2>\n<p>Nos pads de capture de technique de hockey sont fabriqu\u00e9s \u00e0 partir d'un poly\u00e9thyl\u00e8ne durable de premi\u00e8re qualit\u00e9 pour une surface lisse et raisonnable semblable \u00e0 la glace. Con\u00e7us pour l'entra\u00eenement en int\u00e9rieur ou en ext\u00e9rieur, ils permettent aux joueurs de s'exercer au tir, \u00e0 la passe et au maniement de la crosse tout au long de l'ann\u00e9e. R\u00e9sistants \u00e0 l'usure, aux fissures et aux intemp\u00e9ries, ils garantissent une efficacit\u00e9 r\u00e9guli\u00e8re et une longue dur\u00e9e de vie. L\u00e9gers et tr\u00e8s faciles \u00e0 transporter, ils sont id\u00e9aux pour l'entra\u00eenement \u00e0 domicile, les institutions de hockey et les centres d'entra\u00eenement sp\u00e9cialis\u00e9s, aidant les athl\u00e8tes professionnels \u00e0 am\u00e9liorer leurs capacit\u00e9s de mani\u00e8re efficace.<\/p>","protected":false},"excerpt":{"rendered":"<p>Les coussins de tir pour l'entra\u00eenement au hockey sont fabriqu\u00e9s en poly\u00e9thyl\u00e8ne durable, offrant une surface lisse, semblable \u00e0 la glace, pour un entra\u00eenement tout au long de l'ann\u00e9e. Parfaits pour l'entra\u00eenement au tir, \u00e0 la passe et au maniement de la crosse, ils r\u00e9sistent \u00e0 l'usure et aux intemp\u00e9ries. L\u00e9gers, faciles \u00e0 installer, ils sont id\u00e9aux pour les joueurs de tous niveaux qui souhaitent am\u00e9liorer leurs comp\u00e9tences.<\/p>","protected":false},"featured_media":967,"template":"","meta":{"_gspb_post_css":""},"product_brand":[],"product_cat":[29,30],"product_tag":[84,86,85],"class_list":{"0":"post-966","1":"product","2":"type-product","3":"status-publish","4":"has-post-thumbnail","6":"product_cat-ice-rink-products","7":"product_cat-hockey-ice-rink-dasher-boards","8":"product_tag-hockey-shooting-pads","9":"product_tag-polyethylene-pads","10":"product_tag-training-shooting-boards","12":"first","13":"instock","14":"shipping-taxable","15":"product-type-simple"},"_links":{"self":[{"href":"https:\/\/uhmwpemanufacture.com\/fr\/wp-json\/wp\/v2\/product\/966","targetHints":{"allow":["GET"]}}],"collection":[{"href":"https:\/\/uhmwpemanufacture.com\/fr\/wp-json\/wp\/v2\/product"}],"about":[{"href":"https:\/\/uhmwpemanufacture.com\/fr\/wp-json\/wp\/v2\/types\/product"}],"wp:featuredmedia":[{"embeddable":true,"href":"https:\/\/uhmwpemanufacture.com\/fr\/wp-json\/wp\/v2\/media\/967"}],"wp:attachment":[{"href":"https:\/\/uhmwpemanufacture.com\/fr\/wp-json\/wp\/v2\/media?parent=966"}],"wp:term":[{"taxonomy":"product_brand","embeddable":true,"href":"https:\/\/uhmwpemanufacture.com\/fr\/wp-json\/wp\/v2\/product_brand?post=966"},{"taxonomy":"product_cat","embeddable":true,"href":"https:\/\/uhmwpemanufacture.com\/fr\/wp-json\/wp\/v2\/product_cat?post=966"},{"taxonomy":"product_tag","embeddable":true,"href":"https:\/\/uhmwpemanufacture.com\/fr\/wp-json\/wp\/v2\/product_tag?post=966"}],"curies":[{"name":"wp","href":"https:\/\/api.w.org\/{rel}","templated":true}]}}