{"id":970,"date":"2025-09-27T09:52:42","date_gmt":"2025-09-27T09:52:42","guid":{"rendered":"https:\/\/uhmwpemanufacture.com\/?post_type=product&#038;p=970"},"modified":"2025-09-27T09:52:42","modified_gmt":"2025-09-27T09:52:42","slug":"ice-synthetic-panel-high-quality-skating-surface-supplier","status":"publish","type":"product","link":"https:\/\/uhmwpemanufacture.com\/fr\/ice-synthetic-panel-high-quality-skating-surface-supplier\/","title":{"rendered":"Panneau synth\u00e9tique pour la glace Fournisseur de surfaces de patinage de haute qualit\u00e9"},"content":{"rendered":"<h2>Panneau synth\u00e9tique pour glace Fournisseur de surface de patinage de haute qualit\u00e9<\/h2>\n<p>Nos panneaux synth\u00e9tiques pour la glace sont fabriqu\u00e9s \u00e0 partir de poly\u00e9thyl\u00e8ne co\u00fbteux, offrant une surface de patinage lisse et durable pour l'entra\u00eenement et les \u00e9v\u00e9nements tout au long de l'ann\u00e9e. Cr\u00e9\u00e9s pour ressembler \u00e0 de la vraie glace, ces panneaux garantissent une glisse exceptionnelle pour le hockey, le patinage artistique et les loisirs. Faciles \u00e0 installer et \u00e0 entretenir, ils conviennent parfaitement aux ar\u00e8nes int\u00e9rieures, aux patinoires ext\u00e9rieures et aux configurations portables. Leur grande r\u00e9sistance \u00e0 l'usure et aux chocs offre une efficacit\u00e9 durable tout en r\u00e9duisant les co\u00fbts d'entretien. Parfaits pour les centres d'entra\u00eenement, les centres sportifs et les amateurs de patinage, ces panneaux procurent une exp\u00e9rience digne de confiance, semblable \u00e0 la glace, sans r\u00e9frig\u00e9ration, ce qui constitue une solution \u00e0 la fois respectueuse de l'environnement et abordable.<\/p>","protected":false},"excerpt":{"rendered":"<article class=\"text-token-text-primary w-full focus:outline-none scroll-mt-[calc(var(--header-height)+min(200px,max(70px,20svh)))]\" dir=\"auto\" tabindex=\"-1\" data-turn-id=\"request-WEB:994ccca5-ea79-445f-851c-ad03f161d53e-26\" data-testid=\"conversation-turn-54\" data-scroll-anchor=\"true\" data-turn=\"assistant\">\n<div class=\"text-base my-auto mx-auto pb-10 [--thread-content-margin:--spacing(4)] thread-sm:[--thread-content-margin:--spacing(6)] thread-lg:[--thread-content-margin:--spacing(16)] px-(--thread-content-margin)\">\n<div class=\"[--thread-content-max-width:40rem] thread-lg:[--thread-content-max-width:48rem] mx-auto max-w-(--thread-content-max-width) flex-1 group\/turn-messages focus-visible:outline-hidden relative flex w-full min-w-0 flex-col agent-turn\" tabindex=\"-1\">\n<div class=\"flex max-w-full flex-col grow\">\n<div class=\"min-h-8 text-message relative flex w-full flex-col items-end gap-2 text-start break-words whitespace-normal [.text-message+&amp;]:mt-5\" dir=\"auto\" data-message-author-role=\"assistant\" data-message-id=\"fdd7369b-5595-4b7b-86b5-3e946394eb24\" data-message-model-slug=\"gpt-5-instant\">\n<div class=\"flex w-full flex-col gap-1 empty:hidden first:pt-[3px]\">\n<div class=\"markdown prose dark:prose-invert w-full break-words light markdown-new-styling\">\n<p data-start=\"0\" data-end=\"295\" data-is-last-node=\"\" data-is-only-node=\"\">Ice synthetic panels made from durable polyethylene provide a smooth, long-lasting skating surface for training and recreational use. Ideal for indoor or outdoor rinks, these panels deliver consistent glide, easy installation, and low maintenance, ensuring a reliable ice alternative year-round.<\/p>\n<\/div>\n<\/div>\n<\/div>\n<\/div>\n<div class=\"z-0 flex min-h-[46px] justify-start\"><\/div>\n<div class=\"mt-3 w-full empty:hidden\">\n<div class=\"text-center\"><\/div>\n<\/div>\n<\/div>\n<\/div>\n<\/article>\n<div class=\"pointer-events-none h-px w-px\" aria-hidden=\"true\" data-edge=\"true\"><\/div>\n","protected":false},"featured_media":972,"template":"","meta":{"_gspb_post_css":""},"product_brand":[],"product_cat":[29,32],"product_tag":[87,89,88],"class_list":{"0":"post-970","1":"product","2":"type-product","3":"status-publish","4":"has-post-thumbnail","6":"product_cat-ice-rink-products","7":"product_cat-ice-synthetic-panels","8":"product_tag-ice-synthetic-panels","9":"product_tag-polyethylene-panels","10":"product_tag-skating-surface-supplier","12":"first","13":"instock","14":"shipping-taxable","15":"product-type-simple"},"_links":{"self":[{"href":"https:\/\/uhmwpemanufacture.com\/fr\/wp-json\/wp\/v2\/product\/970","targetHints":{"allow":["GET"]}}],"collection":[{"href":"https:\/\/uhmwpemanufacture.com\/fr\/wp-json\/wp\/v2\/product"}],"about":[{"href":"https:\/\/uhmwpemanufacture.com\/fr\/wp-json\/wp\/v2\/types\/product"}],"wp:featuredmedia":[{"embeddable":true,"href":"https:\/\/uhmwpemanufacture.com\/fr\/wp-json\/wp\/v2\/media\/972"}],"wp:attachment":[{"href":"https:\/\/uhmwpemanufacture.com\/fr\/wp-json\/wp\/v2\/media?parent=970"}],"wp:term":[{"taxonomy":"product_brand","embeddable":true,"href":"https:\/\/uhmwpemanufacture.com\/fr\/wp-json\/wp\/v2\/product_brand?post=970"},{"taxonomy":"product_cat","embeddable":true,"href":"https:\/\/uhmwpemanufacture.com\/fr\/wp-json\/wp\/v2\/product_cat?post=970"},{"taxonomy":"product_tag","embeddable":true,"href":"https:\/\/uhmwpemanufacture.com\/fr\/wp-json\/wp\/v2\/product_tag?post=970"}],"curies":[{"name":"wp","href":"https:\/\/api.w.org\/{rel}","templated":true}]}}