{"id":975,"date":"2025-09-27T09:57:08","date_gmt":"2025-09-27T09:57:08","guid":{"rendered":"https:\/\/uhmwpemanufacture.com\/?post_type=product&#038;p=975"},"modified":"2025-09-27T09:57:08","modified_gmt":"2025-09-27T09:57:08","slug":"floor-ball-dasher-boards-high-quality-polyethylene-supplier","status":"publish","type":"product","link":"https:\/\/uhmwpemanufacture.com\/fr\/floor-ball-dasher-boards-high-quality-polyethylene-supplier\/","title":{"rendered":"Planches d'entra\u00eenement de balle au sol Fournisseur de poly\u00e9thyl\u00e8ne de haute qualit\u00e9"},"content":{"rendered":"<h2>Planches de jeu de balle au sol Vendeur de poly\u00e9thyl\u00e8ne de haute qualit\u00e9<\/h2>\n<p>Nos panneaux d'arr\u00eat de jeu sont fabriqu\u00e9s en poly\u00e9thyl\u00e8ne de premi\u00e8re qualit\u00e9, ce qui garantit leur durabilit\u00e9, des surfaces lisses et une excellente r\u00e9sistance aux effets. Con\u00e7ues pour les installations sportives sp\u00e9cialis\u00e9es et de loisirs, ces plaques constituent un syst\u00e8me de bordure s\u00fbr et r\u00e9put\u00e9 pour les terrains de football. L'armature en poly\u00e9thyl\u00e8ne les rend l\u00e9g\u00e8res mais r\u00e9sistantes, offrant une efficacit\u00e9 r\u00e9siliente avec un minimum d'entretien. Faciles \u00e0 installer et r\u00e9sistants aux intemp\u00e9ries, ils conviennent aussi bien \u00e0 l'int\u00e9rieur qu'\u00e0 l'ext\u00e9rieur. Gr\u00e2ce \u00e0 une fabrication de haute qualit\u00e9 et de haute pr\u00e9cision, ces panneaux dasher offrent une exp\u00e9rience de jeu sup\u00e9rieure aux athl\u00e8tes tout en pr\u00e9servant les normes de s\u00e9curit\u00e9 et de robustesse.<\/p>","protected":false},"excerpt":{"rendered":"<p>Les panneaux d'affichage des balles au sol fabriqu\u00e9s en poly\u00e9thyl\u00e8ne de haute qualit\u00e9 offrent une forte r\u00e9sistance aux chocs, des surfaces lisses et des performances durables. Id\u00e9ales pour les stades, elles sont faciles \u00e0 installer, n\u00e9cessitent peu d'entretien et conviennent aussi bien aux terrains int\u00e9rieurs qu'ext\u00e9rieurs, garantissant ainsi s\u00e9curit\u00e9 et durabilit\u00e9.<\/p>","protected":false},"featured_media":976,"template":"","meta":{"_gspb_post_css":""},"product_brand":[],"product_cat":[29,33],"product_tag":[90,91,92],"class_list":{"0":"post-975","1":"product","2":"type-product","3":"status-publish","4":"has-post-thumbnail","6":"product_cat-ice-rink-products","7":"product_cat-floor-ball-dasher-boards","8":"product_tag-floor-ball-boards","9":"product_tag-polyethylene-dasher-boards","10":"product_tag-sports-arena-supplier","12":"first","13":"instock","14":"shipping-taxable","15":"product-type-simple"},"_links":{"self":[{"href":"https:\/\/uhmwpemanufacture.com\/fr\/wp-json\/wp\/v2\/product\/975","targetHints":{"allow":["GET"]}}],"collection":[{"href":"https:\/\/uhmwpemanufacture.com\/fr\/wp-json\/wp\/v2\/product"}],"about":[{"href":"https:\/\/uhmwpemanufacture.com\/fr\/wp-json\/wp\/v2\/types\/product"}],"wp:featuredmedia":[{"embeddable":true,"href":"https:\/\/uhmwpemanufacture.com\/fr\/wp-json\/wp\/v2\/media\/976"}],"wp:attachment":[{"href":"https:\/\/uhmwpemanufacture.com\/fr\/wp-json\/wp\/v2\/media?parent=975"}],"wp:term":[{"taxonomy":"product_brand","embeddable":true,"href":"https:\/\/uhmwpemanufacture.com\/fr\/wp-json\/wp\/v2\/product_brand?post=975"},{"taxonomy":"product_cat","embeddable":true,"href":"https:\/\/uhmwpemanufacture.com\/fr\/wp-json\/wp\/v2\/product_cat?post=975"},{"taxonomy":"product_tag","embeddable":true,"href":"https:\/\/uhmwpemanufacture.com\/fr\/wp-json\/wp\/v2\/product_tag?post=975"}],"curies":[{"name":"wp","href":"https:\/\/api.w.org\/{rel}","templated":true}]}}