{"id":979,"date":"2025-09-27T10:09:14","date_gmt":"2025-09-27T10:09:14","guid":{"rendered":"https:\/\/uhmwpemanufacture.com\/?post_type=product&#038;p=979"},"modified":"2025-09-27T10:09:14","modified_gmt":"2025-09-27T10:09:14","slug":"engineering-plastic-sheets-custom-machined-parts-supplier","status":"publish","type":"product","link":"https:\/\/uhmwpemanufacture.com\/fr\/engineering-plastic-sheets-custom-machined-parts-supplier\/","title":{"rendered":"Engineering Plastic Sheets Custom Machined Parts Supplier"},"content":{"rendered":"<h2>Plaques plastiques techniques Distributeur de composants usin\u00e9s sur mesure<\/h2>\n<p>Nos feuilles de plastique technique sont usin\u00e9es avec pr\u00e9cision pour former des composants robustes et l\u00e9gers con\u00e7us pour des applications commerciales de haute performance. Qu'il s'agisse d'\u00e9quipements, de poulies et de rouleaux ou de renforts, de douilles et d'entretoises sur mesure, ces \u00e9l\u00e9ments offrent une excellente r\u00e9sistance \u00e0 l'usure, une s\u00e9curit\u00e9 chimique et une r\u00e9duction des frottements. Gr\u00e2ce \u00e0 nos capacit\u00e9s d'usinage innovantes, nous fournissons des composants de formes, de dimensions et de couleurs diff\u00e9rentes pour r\u00e9pondre \u00e0 vos exigences sp\u00e9cifiques en mati\u00e8re d'agencement et de performances. Adapt\u00e9es aux march\u00e9s de l'automobile, des machines, de la manutention des aliments et de l'emballage des produits, nos pi\u00e8ces plastiques personnalis\u00e9es garantissent l'efficacit\u00e9 et l'int\u00e9grit\u00e9 de chaque projet.<\/p>\n<p>Attributs cl\u00e9s<\/p>\n<p>Haute r\u00e9sistance \u00e0 l'usure et aux effets<\/p>\n<p>Conception l\u00e9g\u00e8re et flexible<\/p>\n<p>Formes et dimensions personnalis\u00e9es facilement disponibles<\/p>\n<p>Id\u00e9al pour une utilisation commerciale et industrielle<\/p>","protected":false},"excerpt":{"rendered":"<p>Nos feuilles de plastique technique sont usin\u00e9es avec pr\u00e9cision pour former des pi\u00e8ces personnalis\u00e9es r\u00e9pondant \u00e0 divers besoins industriels. Disponibles en plusieurs couleurs et formes, ces composants durables garantissent la solidit\u00e9, la r\u00e9sistance \u00e0 l'usure et des performances fiables pour les machines, les \u00e9quipements et les applications de fabrication.<\/p>","protected":false},"featured_media":986,"template":"","meta":{"_gspb_post_css":""},"product_brand":[],"product_cat":[34],"product_tag":[94,93,95],"class_list":{"0":"post-979","1":"product","2":"type-product","3":"status-publish","4":"has-post-thumbnail","6":"product_cat-mg-engineering-plastic-sheets","7":"product_tag-custom-machined-parts","8":"product_tag-engineering-plastic-sheets","9":"product_tag-industrial-plastic-components","11":"first","12":"instock","13":"shipping-taxable","14":"product-type-simple"},"_links":{"self":[{"href":"https:\/\/uhmwpemanufacture.com\/fr\/wp-json\/wp\/v2\/product\/979","targetHints":{"allow":["GET"]}}],"collection":[{"href":"https:\/\/uhmwpemanufacture.com\/fr\/wp-json\/wp\/v2\/product"}],"about":[{"href":"https:\/\/uhmwpemanufacture.com\/fr\/wp-json\/wp\/v2\/types\/product"}],"wp:featuredmedia":[{"embeddable":true,"href":"https:\/\/uhmwpemanufacture.com\/fr\/wp-json\/wp\/v2\/media\/986"}],"wp:attachment":[{"href":"https:\/\/uhmwpemanufacture.com\/fr\/wp-json\/wp\/v2\/media?parent=979"}],"wp:term":[{"taxonomy":"product_brand","embeddable":true,"href":"https:\/\/uhmwpemanufacture.com\/fr\/wp-json\/wp\/v2\/product_brand?post=979"},{"taxonomy":"product_cat","embeddable":true,"href":"https:\/\/uhmwpemanufacture.com\/fr\/wp-json\/wp\/v2\/product_cat?post=979"},{"taxonomy":"product_tag","embeddable":true,"href":"https:\/\/uhmwpemanufacture.com\/fr\/wp-json\/wp\/v2\/product_tag?post=979"}],"curies":[{"name":"wp","href":"https:\/\/api.w.org\/{rel}","templated":true}]}}