{"id":989,"date":"2025-09-27T10:16:52","date_gmt":"2025-09-27T10:16:52","guid":{"rendered":"https:\/\/uhmwpemanufacture.com\/?post_type=product&#038;p=989"},"modified":"2025-09-27T10:16:53","modified_gmt":"2025-09-27T10:16:53","slug":"cnc-machinery-parts-precision-plastic-components-supplier","status":"publish","type":"product","link":"https:\/\/uhmwpemanufacture.com\/fr\/cnc-machinery-parts-precision-plastic-components-supplier\/","title":{"rendered":"Pi\u00e8ces de machines CNC Composants plastiques de pr\u00e9cision Fournisseur"},"content":{"rendered":"<h2>Composants d'\u00e9quipement CNC Distributeur de pi\u00e8ces plastiques de pr\u00e9cision<\/h2>\n<p>Les composants de nos machines CNC sont fabriqu\u00e9s \u00e0 partir de plastiques de haute performance, ce qui garantit leur durabilit\u00e9, leur pr\u00e9cision et leur longue dur\u00e9e de vie. Les produits pr\u00e9sent\u00e9s sont des \u00e9quipements, des rouleaux, des bagues, des guides et des \u00e9l\u00e9ments de forme personnalis\u00e9e qui conviennent parfaitement \u00e0 diverses utilisations industrielles. Ces pi\u00e8ces sont con\u00e7ues pour offrir un faible frottement, une grande r\u00e9sistance \u00e0 l'usure et une capacit\u00e9 de charge exceptionnelle, ce qui les rend optimales pour les syst\u00e8mes de convoyage, les \u00e9quipements d'emballage de produits et les machines d'automatisation. Disponible en diff\u00e9rentes teintes et formes, chaque pi\u00e8ce peut \u00eatre personnalis\u00e9e en fonction de vos sp\u00e9cifications particuli\u00e8res, ce qui garantit une int\u00e9gration parfaite dans vos syst\u00e8mes.<\/p>\n<p>Pourquoi nous choisir ?<\/p>\n<p>Composants en plastique fabriqu\u00e9s avec pr\u00e9cision pour les \u00e9quipements CNC<\/p>\n<p>Insensible \u00e0 l'abrasion, aux chocs et aux produits chimiques<\/p>\n<p>Option l\u00e9g\u00e8re mais solide par rapport aux composants m\u00e9talliques<\/p>\n<p>Usinage sur mesure pour les mod\u00e8les sp\u00e9ciaux<\/p>","protected":false},"excerpt":{"rendered":"<p>Pi\u00e8ces pour machines CNC fabriqu\u00e9es \u00e0 partir de plastiques techniques durables, notamment des engrenages, des bagues, des rouleaux et des composants sur mesure. Con\u00e7ues pour la pr\u00e9cision, la r\u00e9sistance \u00e0 l'usure et la fluidit\u00e9 des performances dans les syst\u00e8mes de convoyage, d'emballage et d'automatisation, elles offrent des solutions fiables et personnalisables.<\/p>","protected":false},"featured_media":990,"template":"","meta":{"_gspb_post_css":""},"product_brand":[],"product_cat":[35],"product_tag":[96,97,98],"class_list":{"0":"post-989","1":"product","2":"type-product","3":"status-publish","4":"has-post-thumbnail","6":"product_cat-pp-pe-products","7":"product_tag-cnc-parts","8":"product_tag-plastic-components","9":"product_tag-precision-machining","11":"first","12":"instock","13":"shipping-taxable","14":"product-type-simple"},"_links":{"self":[{"href":"https:\/\/uhmwpemanufacture.com\/fr\/wp-json\/wp\/v2\/product\/989","targetHints":{"allow":["GET"]}}],"collection":[{"href":"https:\/\/uhmwpemanufacture.com\/fr\/wp-json\/wp\/v2\/product"}],"about":[{"href":"https:\/\/uhmwpemanufacture.com\/fr\/wp-json\/wp\/v2\/types\/product"}],"wp:featuredmedia":[{"embeddable":true,"href":"https:\/\/uhmwpemanufacture.com\/fr\/wp-json\/wp\/v2\/media\/990"}],"wp:attachment":[{"href":"https:\/\/uhmwpemanufacture.com\/fr\/wp-json\/wp\/v2\/media?parent=989"}],"wp:term":[{"taxonomy":"product_brand","embeddable":true,"href":"https:\/\/uhmwpemanufacture.com\/fr\/wp-json\/wp\/v2\/product_brand?post=989"},{"taxonomy":"product_cat","embeddable":true,"href":"https:\/\/uhmwpemanufacture.com\/fr\/wp-json\/wp\/v2\/product_cat?post=989"},{"taxonomy":"product_tag","embeddable":true,"href":"https:\/\/uhmwpemanufacture.com\/fr\/wp-json\/wp\/v2\/product_tag?post=989"}],"curies":[{"name":"wp","href":"https:\/\/api.w.org\/{rel}","templated":true}]}}