{"id":996,"date":"2025-09-27T11:46:47","date_gmt":"2025-09-27T11:46:47","guid":{"rendered":"https:\/\/uhmwpemanufacture.com\/?post_type=product&#038;p=996"},"modified":"2025-09-27T11:46:47","modified_gmt":"2025-09-27T11:46:47","slug":"high-density-polyethylene-board-hdpe-plastic-sheet-vendor","status":"publish","type":"product","link":"https:\/\/uhmwpemanufacture.com\/fr\/high-density-polyethylene-board-hdpe-plastic-sheet-vendor\/","title":{"rendered":"Panneau de poly\u00e9thyl\u00e8ne haute densit\u00e9 Plastique HDPE Vendeur"},"content":{"rendered":"<h2>Panneau de poly\u00e9thyl\u00e8ne de haute \u00e9paisseur Plastique HDPE Vendeur<\/h2>\n<p>Nos feuilles de plastique PEHD sont solides, robustes et r\u00e9sistantes aux chocs, aux produits chimiques et \u00e0 l'humidit\u00e9. Con\u00e7ues pour l'industrie, la marine et le b\u00e2timent, ces plaques de poly\u00e9thyl\u00e8ne haute densit\u00e9 offrent des performances exceptionnelles dans les applications int\u00e9rieures et ext\u00e9rieures. L\u00e9gers mais r\u00e9sistants, ils sont tr\u00e8s faciles \u00e0 usiner, \u00e0 d\u00e9couper et \u00e0 fa\u00e7onner pour r\u00e9pondre \u00e0 des besoins sp\u00e9cifiques. Disponibles dans de nombreuses teintes telles que le blanc, le bleu et le noir, ces feuilles de PEHD sont largement utilis\u00e9es pour les rev\u00eatements, les panneaux de r\u00e9duction, les barri\u00e8res de protection et la fabrication. Leurs propri\u00e9t\u00e9s r\u00e9sidentielles ou commerciales non toxiques et respectueuses de l'environnement les rendent inoffensives pour le contact avec les aliments et l'utilisation \u00e0 long terme dans des atmosph\u00e8res populaires.<\/p>","protected":false},"excerpt":{"rendered":"<p>Les panneaux en poly\u00e9thyl\u00e8ne haute densit\u00e9 offrent durabilit\u00e9, r\u00e9sistance aux chocs et polyvalence pour l'industrie, la marine et la construction. Ces feuilles de plastique HDPE sont faciles \u00e0 usiner, r\u00e9sistantes \u00e0 l'humidit\u00e9 et disponibles en plusieurs couleurs, ce qui les rend id\u00e9ales pour les rev\u00eatements, les barri\u00e8res et la fabrication sur mesure.<\/p>","protected":false},"featured_media":999,"template":"","meta":{"_gspb_post_css":""},"product_brand":[],"product_cat":[15,19],"product_tag":[99,101,100],"class_list":{"0":"post-996","1":"product","2":"type-product","3":"status-publish","4":"has-post-thumbnail","6":"product_cat-uhmwpe-hdpe-sheets-plates","7":"product_cat-lead-boron-polyethylene-plates","8":"product_tag-hdpe-board","9":"product_tag-plastic-sheet-supplie","10":"product_tag-polyethylene-sheet","12":"first","13":"instock","14":"shipping-taxable","15":"product-type-simple"},"_links":{"self":[{"href":"https:\/\/uhmwpemanufacture.com\/fr\/wp-json\/wp\/v2\/product\/996","targetHints":{"allow":["GET"]}}],"collection":[{"href":"https:\/\/uhmwpemanufacture.com\/fr\/wp-json\/wp\/v2\/product"}],"about":[{"href":"https:\/\/uhmwpemanufacture.com\/fr\/wp-json\/wp\/v2\/types\/product"}],"wp:featuredmedia":[{"embeddable":true,"href":"https:\/\/uhmwpemanufacture.com\/fr\/wp-json\/wp\/v2\/media\/999"}],"wp:attachment":[{"href":"https:\/\/uhmwpemanufacture.com\/fr\/wp-json\/wp\/v2\/media?parent=996"}],"wp:term":[{"taxonomy":"product_brand","embeddable":true,"href":"https:\/\/uhmwpemanufacture.com\/fr\/wp-json\/wp\/v2\/product_brand?post=996"},{"taxonomy":"product_cat","embeddable":true,"href":"https:\/\/uhmwpemanufacture.com\/fr\/wp-json\/wp\/v2\/product_cat?post=996"},{"taxonomy":"product_tag","embeddable":true,"href":"https:\/\/uhmwpemanufacture.com\/fr\/wp-json\/wp\/v2\/product_tag?post=996"}],"curies":[{"name":"wp","href":"https:\/\/api.w.org\/{rel}","templated":true}]}}