{"id":1017,"date":"2025-09-28T01:37:24","date_gmt":"2025-09-28T01:37:24","guid":{"rendered":"https:\/\/uhmwpemanufacture.com\/?post_type=product&#038;p=1017"},"modified":"2025-09-28T01:37:24","modified_gmt":"2025-09-28T01:37:24","slug":"corrosion-resistant-coal-hopper-liner-plate-manufacturers","status":"publish","type":"product","link":"https:\/\/uhmwpemanufacture.com\/it\/corrosion-resistant-coal-hopper-liner-plate-manufacturers\/","title":{"rendered":"Piastra di rivestimento della tramoggia del carbone resistente alla corrosione Produttori"},"content":{"rendered":"<h2>Piatto di rivestimento della tramoggia del carbone resistente alla corrosione<\/h2>\n<p>Le nostre piastre di rivestimento per tramogge di carbone resistenti al deterioramento sono state sviluppate per proteggere tramogge, scivoli e bidoni dall'usura, dagli impatti e dalla corrosione chimica in atmosfere difficili. Realizzate con prodotti ad alta resistenza, queste piastre aumentano la durata dei dispositivi, riducono al minimo i tempi di inattivit\u00e0 e abbassano i prezzi di manutenzione. La superficie liscia riduce l'incollamento dei prodotti, assicurando un flusso affidabile di carbone e prodotti di massa. Perfette per le centrali nucleari, le miniere e i settori pi\u00f9 pesanti, queste piastre di rivestimento sono disponibili in varie dimensioni e densit\u00e0 per soddisfare i requisiti delle attivit\u00e0 specifiche. In qualit\u00e0 di produttori affidabili, forniamo servizi duraturi e resistenti per la sicurezza industriale.<\/p>","protected":false},"excerpt":{"rendered":"<p>Le piastre di rivestimento delle tramogge per carbone resistenti alla corrosione offrono una protezione duratura contro l'usura, gli urti e i danni chimici. Con una superficie liscia per un flusso migliore, prolungano la vita delle apparecchiature, riducono i tempi di fermo e migliorano l'efficienza nelle miniere, nelle centrali elettriche e nelle industrie di movimentazione dei materiali sfusi.<\/p>","protected":false},"featured_media":1020,"template":"","meta":{"_gspb_post_css":""},"product_brand":[],"product_cat":[15,22],"product_tag":[108,109,110],"class_list":{"0":"post-1017","1":"product","2":"type-product","3":"status-publish","4":"has-post-thumbnail","6":"product_cat-uhmwpe-hdpe-sheets-plates","7":"product_cat-coal-bunker-limit-plates","8":"product_tag-coal-hopper-liner","9":"product_tag-corrosion-resistant-plate","10":"product_tag-wear-resistant-liner","12":"first","13":"instock","14":"shipping-taxable","15":"product-type-simple"},"_links":{"self":[{"href":"https:\/\/uhmwpemanufacture.com\/it\/wp-json\/wp\/v2\/product\/1017","targetHints":{"allow":["GET"]}}],"collection":[{"href":"https:\/\/uhmwpemanufacture.com\/it\/wp-json\/wp\/v2\/product"}],"about":[{"href":"https:\/\/uhmwpemanufacture.com\/it\/wp-json\/wp\/v2\/types\/product"}],"wp:featuredmedia":[{"embeddable":true,"href":"https:\/\/uhmwpemanufacture.com\/it\/wp-json\/wp\/v2\/media\/1020"}],"wp:attachment":[{"href":"https:\/\/uhmwpemanufacture.com\/it\/wp-json\/wp\/v2\/media?parent=1017"}],"wp:term":[{"taxonomy":"product_brand","embeddable":true,"href":"https:\/\/uhmwpemanufacture.com\/it\/wp-json\/wp\/v2\/product_brand?post=1017"},{"taxonomy":"product_cat","embeddable":true,"href":"https:\/\/uhmwpemanufacture.com\/it\/wp-json\/wp\/v2\/product_cat?post=1017"},{"taxonomy":"product_tag","embeddable":true,"href":"https:\/\/uhmwpemanufacture.com\/it\/wp-json\/wp\/v2\/product_tag?post=1017"}],"curies":[{"name":"wp","href":"https:\/\/api.w.org\/{rel}","templated":true}]}}