{"id":1025,"date":"2025-09-28T01:41:13","date_gmt":"2025-09-28T01:41:13","guid":{"rendered":"https:\/\/uhmwpemanufacture.com\/?post_type=product&#038;p=1025"},"modified":"2025-09-28T01:41:13","modified_gmt":"2025-09-28T01:41:13","slug":"custom-hdpe-sheets-high-strength-low-moisture-absorption","status":"publish","type":"product","link":"https:\/\/uhmwpemanufacture.com\/it\/custom-hdpe-sheets-high-strength-low-moisture-absorption\/","title":{"rendered":"Strati HDPE personalizzati ad alta resistenza e basso assorbimento di umidit\u00e0"},"content":{"rendered":"<h2>Strati HDPE personalizzati per applicazioni industriali<\/h2>\n<p>Le nostre lastre HDPE su misura sono realizzate con un'elevata resistenza e un'eccezionale robustezza, che le rendono adatte a un'ampia gamma di utilizzi industriali e industriali. Caratterizzate da un basso assorbimento di umidit\u00e0, queste lastre resistono alla flessione, al rigonfiamento e alla distruzione, anche in condizioni di umidit\u00e0 o di umidit\u00e0. La loro superficie liscia garantisce una facile pulizia e un'eccellente resistenza agli agenti chimici, all'influenza e all'abrasione. Adatte per la riduzione di pannelli, rivestimenti, strutture marine e componenti di macchinari, le lastre HDPE offrono prestazioni durature. Prontamente disponibili in dimensioni, spessori e tonalit\u00e0 personalizzabili, forniscono servizi adattabili per diverse applicazioni in cui integrit\u00e0 e sicurezza sono essenziali.<\/p>","protected":false},"excerpt":{"rendered":"<p style=\"text-align: left;\">Le lastre HDPE personalizzate offrono elevata resistenza, durata e basso assorbimento di umidit\u00e0, rendendole resistenti alla deformazione e ai danni chimici. Ideali per rivestimenti, uso marino, taglieri e parti industriali, questi fogli offrono prestazioni durature con dimensioni, spessori e colori personalizzabili.<\/p>","protected":false},"featured_media":1031,"template":"","meta":{"_gspb_post_css":""},"product_brand":[],"product_cat":[15,18],"product_tag":[111,59,112],"class_list":{"0":"post-1025","1":"product","2":"type-product","3":"status-publish","4":"has-post-thumbnail","6":"product_cat-uhmwpe-hdpe-sheets-plates","7":"product_cat-hdpe-sheets","8":"product_tag-custom-plastic-sheet","9":"product_tag-hdpe-sheet","10":"product_tag-industrial-plastic-material","12":"first","13":"instock","14":"shipping-taxable","15":"product-type-simple"},"_links":{"self":[{"href":"https:\/\/uhmwpemanufacture.com\/it\/wp-json\/wp\/v2\/product\/1025","targetHints":{"allow":["GET"]}}],"collection":[{"href":"https:\/\/uhmwpemanufacture.com\/it\/wp-json\/wp\/v2\/product"}],"about":[{"href":"https:\/\/uhmwpemanufacture.com\/it\/wp-json\/wp\/v2\/types\/product"}],"wp:featuredmedia":[{"embeddable":true,"href":"https:\/\/uhmwpemanufacture.com\/it\/wp-json\/wp\/v2\/media\/1031"}],"wp:attachment":[{"href":"https:\/\/uhmwpemanufacture.com\/it\/wp-json\/wp\/v2\/media?parent=1025"}],"wp:term":[{"taxonomy":"product_brand","embeddable":true,"href":"https:\/\/uhmwpemanufacture.com\/it\/wp-json\/wp\/v2\/product_brand?post=1025"},{"taxonomy":"product_cat","embeddable":true,"href":"https:\/\/uhmwpemanufacture.com\/it\/wp-json\/wp\/v2\/product_cat?post=1025"},{"taxonomy":"product_tag","embeddable":true,"href":"https:\/\/uhmwpemanufacture.com\/it\/wp-json\/wp\/v2\/product_tag?post=1025"}],"curies":[{"name":"wp","href":"https:\/\/api.w.org\/{rel}","templated":true}]}}