{"id":1043,"date":"2025-09-28T02:23:52","date_gmt":"2025-09-28T02:23:52","guid":{"rendered":"https:\/\/uhmwpemanufacture.com\/?post_type=product&#038;p=1043"},"modified":"2025-09-28T02:23:52","modified_gmt":"2025-09-28T02:23:52","slug":"uhmwpe-sheet-custom-cutting-cnc-packaging-included-vendor","status":"publish","type":"product","link":"https:\/\/uhmwpemanufacture.com\/it\/uhmwpe-sheet-custom-cutting-cnc-packaging-included-vendor\/","title":{"rendered":"Imballaggio su ordinazione del CNC di taglio dello strato di UHMWPE incluso venditore"},"content":{"rendered":"<h2>Strato UHMWPE con servizi personalizzati di riduzione e CNC<\/h2>\n<p>Le nostre lastre UHMWPE sono realizzate per garantire una durata superiore, resistenza agli urti e attrito ridotto, rendendole adatte alle applicazioni industriali. Grazie alla disponibilit\u00e0 di servizi di taglio CNC personalizzati, queste lastre possono essere formate con precisione per soddisfare le vostre esigenze di lavoro, che si tratti di parti di attrezzature, rivestimenti o opzioni di imballaggio dei prodotti. Il prodotto vanta un'eccellente resistenza chimica, protezione dall'umidit\u00e0 e lunga durata, anche in ambienti difficili. Disponibili in diverse tonalit\u00e0 e dimensioni, questi fogli di UHMWPE sono forniti con un imballaggio incluso per una consegna sicura. In qualit\u00e0 di fornitore affidabile, garantiamo prodotti di alta qualit\u00e0 su misura per i settori della progettazione, dell'edilizia e della produzione.<\/p>","protected":false},"excerpt":{"rendered":"<p>Le lastre UHMWPE sono caratterizzate da elevata durata, basso attrito e resistenza agli urti, ideali per l'uso industriale. Grazie al taglio personalizzato CNC e all'imballaggio sicuro, queste lastre vengono fornite in vari colori e dimensioni, offrendo prestazioni affidabili per parti di macchinari, rivestimenti e necessit\u00e0 di costruzione.<\/p>","protected":false},"featured_media":1045,"template":"","meta":{"_gspb_post_css":""},"product_brand":[],"product_cat":[15,17],"product_tag":[116,117,56],"class_list":{"0":"post-1043","1":"product","2":"type-product","3":"status-publish","4":"has-post-thumbnail","6":"product_cat-uhmwpe-hdpe-sheets-plates","7":"product_cat-uhmwpe-sheets","8":"product_tag-cnc-cut-plastic","9":"product_tag-industrial-plastic-sheet","10":"product_tag-uhmwpe-sheet","12":"first","13":"instock","14":"shipping-taxable","15":"product-type-simple"},"_links":{"self":[{"href":"https:\/\/uhmwpemanufacture.com\/it\/wp-json\/wp\/v2\/product\/1043","targetHints":{"allow":["GET"]}}],"collection":[{"href":"https:\/\/uhmwpemanufacture.com\/it\/wp-json\/wp\/v2\/product"}],"about":[{"href":"https:\/\/uhmwpemanufacture.com\/it\/wp-json\/wp\/v2\/types\/product"}],"wp:featuredmedia":[{"embeddable":true,"href":"https:\/\/uhmwpemanufacture.com\/it\/wp-json\/wp\/v2\/media\/1045"}],"wp:attachment":[{"href":"https:\/\/uhmwpemanufacture.com\/it\/wp-json\/wp\/v2\/media?parent=1043"}],"wp:term":[{"taxonomy":"product_brand","embeddable":true,"href":"https:\/\/uhmwpemanufacture.com\/it\/wp-json\/wp\/v2\/product_brand?post=1043"},{"taxonomy":"product_cat","embeddable":true,"href":"https:\/\/uhmwpemanufacture.com\/it\/wp-json\/wp\/v2\/product_cat?post=1043"},{"taxonomy":"product_tag","embeddable":true,"href":"https:\/\/uhmwpemanufacture.com\/it\/wp-json\/wp\/v2\/product_tag?post=1043"}],"curies":[{"name":"wp","href":"https:\/\/api.w.org\/{rel}","templated":true}]}}