{"id":1054,"date":"2025-09-28T02:40:40","date_gmt":"2025-09-28T02:40:40","guid":{"rendered":"https:\/\/uhmwpemanufacture.com\/?post_type=product&#038;p=1054"},"modified":"2025-09-28T02:40:40","modified_gmt":"2025-09-28T02:40:40","slug":"ground-protection-equipment-efficient-uhmwpe-quick-mats","status":"publish","type":"product","link":"https:\/\/uhmwpemanufacture.com\/it\/ground-protection-equipment-efficient-uhmwpe-quick-mats\/","title":{"rendered":"Attrezzature di protezione del terreno Stuoie rapide efficienti in UHMWPE"},"content":{"rendered":"<h2>Attrezzature per la difesa del suolo con tappetini rapidi in UHMWPE<\/h2>\n<p>I nostri tappeti rapidi in UHMWPE sono stati sviluppati per garantire un'efficace sicurezza del terreno, offrendo una superficie sicura e protetta per veicoli pesanti, macchinari e traffico pedonale. Realizzati in polietilene ad altissimo peso molecolare, questi rivestimenti per pavimenti sono leggeri, duraturi e immuni a influssi, acqua e sostanze chimiche. La particolare superficie garantisce un'eccellente trazione, riducendo i rischi di scivolamento, mentre la disposizione a incastro e mobile consente una rapida installazione ed eliminazione. Adatti per l'edilizia, la progettazione paesaggistica, gli eventi e le attivit\u00e0 energetiche, questi tappeti proteggono il manto erboso, il terreno e le superfici delicate. Disponibili in diverse tonalit\u00e0 e dimensioni, rappresentano un rimedio affidabile e riciclabile per l'accessibilit\u00e0 di breve durata e la stabilit\u00e0 del terreno.<\/p>","protected":false},"excerpt":{"rendered":"<p class=\"sr-only\"><span style=\"font-size: 16px;\">I tappeti rapidi UHMWPE per la protezione del terreno forniscono superfici resistenti e riutilizzabili per macchinari pesanti, veicoli ed eventi. Grazie alla struttura antiscivolo e al design leggero, garantiscono un accesso sicuro e stabile su terreni morbidi o irregolari, proteggendo al contempo il suolo e l'erba.<\/span><\/p>","protected":false},"featured_media":1057,"template":"","meta":{"_gspb_post_css":""},"product_brand":[],"product_cat":[24,25],"product_tag":[122,121,120],"class_list":{"0":"post-1054","1":"product","2":"type-product","3":"status-publish","4":"has-post-thumbnail","6":"product_cat-ground-protection-road-mats","7":"product_cat-quick-mats","8":"product_tag-access-mats","9":"product_tag-ground-protection-equipment","10":"product_tag-uhmwpe-quick-mats","12":"first","13":"instock","14":"shipping-taxable","15":"product-type-simple"},"_links":{"self":[{"href":"https:\/\/uhmwpemanufacture.com\/it\/wp-json\/wp\/v2\/product\/1054","targetHints":{"allow":["GET"]}}],"collection":[{"href":"https:\/\/uhmwpemanufacture.com\/it\/wp-json\/wp\/v2\/product"}],"about":[{"href":"https:\/\/uhmwpemanufacture.com\/it\/wp-json\/wp\/v2\/types\/product"}],"wp:featuredmedia":[{"embeddable":true,"href":"https:\/\/uhmwpemanufacture.com\/it\/wp-json\/wp\/v2\/media\/1057"}],"wp:attachment":[{"href":"https:\/\/uhmwpemanufacture.com\/it\/wp-json\/wp\/v2\/media?parent=1054"}],"wp:term":[{"taxonomy":"product_brand","embeddable":true,"href":"https:\/\/uhmwpemanufacture.com\/it\/wp-json\/wp\/v2\/product_brand?post=1054"},{"taxonomy":"product_cat","embeddable":true,"href":"https:\/\/uhmwpemanufacture.com\/it\/wp-json\/wp\/v2\/product_cat?post=1054"},{"taxonomy":"product_tag","embeddable":true,"href":"https:\/\/uhmwpemanufacture.com\/it\/wp-json\/wp\/v2\/product_tag?post=1054"}],"curies":[{"name":"wp","href":"https:\/\/api.w.org\/{rel}","templated":true}]}}