{"id":1078,"date":"2025-09-28T03:25:19","date_gmt":"2025-09-28T03:25:19","guid":{"rendered":"https:\/\/uhmwpemanufacture.com\/?post_type=product&#038;p=1078"},"modified":"2025-09-28T03:25:19","modified_gmt":"2025-09-28T03:25:19","slug":"uhmwpe-hockey-rink-dasher-board-ice-rink-guardrail-vendor","status":"publish","type":"product","link":"https:\/\/uhmwpemanufacture.com\/it\/uhmwpe-hockey-rink-dasher-board-ice-rink-guardrail-vendor\/","title":{"rendered":"UHMWPE Hockey Rink Dasher Board Pista di ghiaccio Guardrail Vendor"},"content":{"rendered":"<h2>Barre e guardrail per piste da hockey in UHMWPE<\/h2>\n<p>I nostri parapetti per piste da hockey in UHMWPE sono costruiti per fornire un'eccezionale robustezza, sicurezza e resistenza agli effetti per piste di ghiaccio specializzate e ricreative. Realizzati in polietilene ad altissimo peso molecolare, questi parapetti sono in grado di resistere a forti incidenti mantenendo una superficie liscia e non abrasiva per la sicurezza dei giocatori. La struttura leggera ma resistente consente una facile installazione, mentre le strutture in acciaio o alluminio rinforzate garantiscono una stabilit\u00e0 a lungo termine. Creati sia per gli interni che per gli esterni, questi pannelli resistono all'umidit\u00e0, ai raggi UV e ai problemi pi\u00f9 gravi. In qualit\u00e0 di fornitore affidabile, forniamo lavagne e guardrail di altissimo livello, personalizzati per garantire un'efficienza affidabile sul ghiaccio.<\/p>","protected":false},"excerpt":{"rendered":"<p>Le pedane per pista da hockey in UHMWPE offrono un'elevata resistenza agli urti, durata e sicurezza per i giocatori. Progettati per piste interne ed esterne, sono caratterizzati da superfici lisce, telai robusti e facilit\u00e0 di installazione per prestazioni durature della pista di ghiaccio.<\/p>","protected":false},"featured_media":1083,"template":"","meta":{"_gspb_post_css":""},"product_brand":[],"product_cat":[15],"product_tag":[81,129,130],"class_list":{"0":"post-1078","1":"product","2":"type-product","3":"status-publish","4":"has-post-thumbnail","6":"product_cat-uhmwpe-hdpe-sheets-plates","7":"product_tag-hockey-dasher-boards","8":"product_tag-ice-rink-guardrail","9":"product_tag-uhmwpe-rink-boards","11":"first","12":"instock","13":"shipping-taxable","14":"product-type-simple"},"_links":{"self":[{"href":"https:\/\/uhmwpemanufacture.com\/it\/wp-json\/wp\/v2\/product\/1078","targetHints":{"allow":["GET"]}}],"collection":[{"href":"https:\/\/uhmwpemanufacture.com\/it\/wp-json\/wp\/v2\/product"}],"about":[{"href":"https:\/\/uhmwpemanufacture.com\/it\/wp-json\/wp\/v2\/types\/product"}],"wp:featuredmedia":[{"embeddable":true,"href":"https:\/\/uhmwpemanufacture.com\/it\/wp-json\/wp\/v2\/media\/1083"}],"wp:attachment":[{"href":"https:\/\/uhmwpemanufacture.com\/it\/wp-json\/wp\/v2\/media?parent=1078"}],"wp:term":[{"taxonomy":"product_brand","embeddable":true,"href":"https:\/\/uhmwpemanufacture.com\/it\/wp-json\/wp\/v2\/product_brand?post=1078"},{"taxonomy":"product_cat","embeddable":true,"href":"https:\/\/uhmwpemanufacture.com\/it\/wp-json\/wp\/v2\/product_cat?post=1078"},{"taxonomy":"product_tag","embeddable":true,"href":"https:\/\/uhmwpemanufacture.com\/it\/wp-json\/wp\/v2\/product_tag?post=1078"}],"curies":[{"name":"wp","href":"https:\/\/api.w.org\/{rel}","templated":true}]}}