{"id":1098,"date":"2025-09-28T03:49:38","date_gmt":"2025-09-28T03:49:38","guid":{"rendered":"https:\/\/uhmwpemanufacture.com\/?post_type=product&#038;p=1098"},"modified":"2025-09-28T03:49:38","modified_gmt":"2025-09-28T03:49:38","slug":"custom-hdpe-ice-rink-hockey-dasher-board-plastic-wholesaler","status":"publish","type":"product","link":"https:\/\/uhmwpemanufacture.com\/it\/custom-hdpe-ice-rink-hockey-dasher-board-plastic-wholesaler\/","title":{"rendered":"Personalizzato HDPE pista di ghiaccio Hockey Dasher Board plastica grossista"},"content":{"rendered":"<h2>Schede personalizzate per hockey su pista di ghiaccio in HDPE<\/h2>\n<p>Le nostre pedane da hockey personalizzate in HDPE per piste di ghiaccio sono costruite per piste professionali e di intrattenimento e offrono resistenza, robustezza e sicurezza dei giocatori. Realizzati in polietilene ad alta densit\u00e0 con struttura rinforzata, questi pannelli sono in grado di resistere agli impatti pi\u00f9 violenti mantenendo una superficie liscia e non abrasiva. Le tonalit\u00e0 brillanti e le marcature chiare garantiscono la presenza, mentre lo stile modulare consente una rapida installazione e una facile sostituzione. Resistenti all'umidit\u00e0, ai raggi UV e agli sbalzi di temperatura, queste lavagne sono in grado di funzionare con precisione sia all'interno che all'esterno. In qualit\u00e0 di rivenditore di fiducia, forniamo pannelli di alta qualit\u00e0 e personalizzabili per soddisfare le diverse esigenze delle piste di tutto il mondo.<\/p>","protected":false},"excerpt":{"rendered":"<p>Le pedane da hockey su pista in HDPE personalizzate offrono resistenza, durata e sicurezza ai giocatori. Grazie alle superfici lisce e ai telai rinforzati, sono ideali sia per le piste interne che per quelle esterne, offrendo prestazioni durature e una facile installazione.<\/p>","protected":false},"featured_media":1101,"template":"","meta":{"_gspb_post_css":""},"product_brand":[],"product_cat":[29,33],"product_tag":[134,136,135],"class_list":{"0":"post-1098","1":"product","2":"type-product","3":"status-publish","4":"has-post-thumbnail","6":"product_cat-ice-rink-products","7":"product_cat-floor-ball-dasher-boards","8":"product_tag-hdpe-dasher-boards","9":"product_tag-hockey-rink-wholesaler","10":"product_tag-ice-rink-boards","12":"first","13":"instock","14":"shipping-taxable","15":"product-type-simple"},"_links":{"self":[{"href":"https:\/\/uhmwpemanufacture.com\/it\/wp-json\/wp\/v2\/product\/1098","targetHints":{"allow":["GET"]}}],"collection":[{"href":"https:\/\/uhmwpemanufacture.com\/it\/wp-json\/wp\/v2\/product"}],"about":[{"href":"https:\/\/uhmwpemanufacture.com\/it\/wp-json\/wp\/v2\/types\/product"}],"wp:featuredmedia":[{"embeddable":true,"href":"https:\/\/uhmwpemanufacture.com\/it\/wp-json\/wp\/v2\/media\/1101"}],"wp:attachment":[{"href":"https:\/\/uhmwpemanufacture.com\/it\/wp-json\/wp\/v2\/media?parent=1098"}],"wp:term":[{"taxonomy":"product_brand","embeddable":true,"href":"https:\/\/uhmwpemanufacture.com\/it\/wp-json\/wp\/v2\/product_brand?post=1098"},{"taxonomy":"product_cat","embeddable":true,"href":"https:\/\/uhmwpemanufacture.com\/it\/wp-json\/wp\/v2\/product_cat?post=1098"},{"taxonomy":"product_tag","embeddable":true,"href":"https:\/\/uhmwpemanufacture.com\/it\/wp-json\/wp\/v2\/product_tag?post=1098"}],"curies":[{"name":"wp","href":"https:\/\/api.w.org\/{rel}","templated":true}]}}