{"id":1126,"date":"2025-09-28T06:03:34","date_gmt":"2025-09-28T06:03:34","guid":{"rendered":"https:\/\/uhmwpemanufacture.com\/?post_type=product&#038;p=1126"},"modified":"2025-09-28T06:03:34","modified_gmt":"2025-09-28T06:03:34","slug":"custom-anti-slip-wear-resistant-uhmwpe-amphimats-vendor","status":"publish","type":"product","link":"https:\/\/uhmwpemanufacture.com\/it\/custom-anti-slip-wear-resistant-uhmwpe-amphimats-vendor\/","title":{"rendered":"Anfimati su ordinazione di Uhmwpe resistenti all'usura antisdrucciolevole Vendor"},"content":{"rendered":"<h2>Su misura antiscivolo messo su immunitario UHMWPE Anfimati fornitore<\/h2>\n<p>Questi anfimati personalizzati in UHMWPE sono stati sviluppati per garantire la massima resilienza e sicurezza, offrendo una notevole resistenza all'usura e una lunga durata. Sviluppati con una superficie antiscivolo, offrono un supporto affidabile al suolo per attrezzature pesanti, automobili e mezzi di accesso di breve durata, anche in ambienti difficili. La loro struttura leggera ma solida li rende molto facili da trasportare e installare, assicurando un'efficiente configurazione del sito web. Perfetti per i siti di costruzione, gli eventi all'aperto e i progetti di utilit\u00e0, questi rivestimenti per pavimenti proteggono il terreno dai danni e mantengono condizioni di lavoro sicure. In qualit\u00e0 di fornitore affidabile, forniamo soluzioni di qualit\u00e0 personalizzate in base alle vostre esigenze.<\/p>","protected":false},"excerpt":{"rendered":"<p>Gli anfimati personalizzati in UHMWPE con design antiscivolo assicurano resistenza all'usura e stabilit\u00e0 alle attrezzature pesanti. Facili da installare, proteggono le superfici del terreno in progetti di costruzione, eventi e servizi, offrendo prestazioni affidabili a lungo termine.<\/p>","protected":false},"featured_media":1127,"template":"","meta":{"_gspb_post_css":""},"product_brand":[],"product_cat":[24,28],"product_tag":[72,142,143],"class_list":{"0":"post-1126","1":"product","2":"type-product","3":"status-publish","4":"has-post-thumbnail","6":"product_cat-ground-protection-road-mats","7":"product_cat-amphi-mats","8":"product_tag-ground-protection-mats","9":"product_tag-uhmwpe-amphimats","10":"product_tag-wear-resistant-mats","12":"first","13":"instock","14":"shipping-taxable","15":"product-type-simple"},"_links":{"self":[{"href":"https:\/\/uhmwpemanufacture.com\/it\/wp-json\/wp\/v2\/product\/1126","targetHints":{"allow":["GET"]}}],"collection":[{"href":"https:\/\/uhmwpemanufacture.com\/it\/wp-json\/wp\/v2\/product"}],"about":[{"href":"https:\/\/uhmwpemanufacture.com\/it\/wp-json\/wp\/v2\/types\/product"}],"wp:featuredmedia":[{"embeddable":true,"href":"https:\/\/uhmwpemanufacture.com\/it\/wp-json\/wp\/v2\/media\/1127"}],"wp:attachment":[{"href":"https:\/\/uhmwpemanufacture.com\/it\/wp-json\/wp\/v2\/media?parent=1126"}],"wp:term":[{"taxonomy":"product_brand","embeddable":true,"href":"https:\/\/uhmwpemanufacture.com\/it\/wp-json\/wp\/v2\/product_brand?post=1126"},{"taxonomy":"product_cat","embeddable":true,"href":"https:\/\/uhmwpemanufacture.com\/it\/wp-json\/wp\/v2\/product_cat?post=1126"},{"taxonomy":"product_tag","embeddable":true,"href":"https:\/\/uhmwpemanufacture.com\/it\/wp-json\/wp\/v2\/product_tag?post=1126"}],"curies":[{"name":"wp","href":"https:\/\/api.w.org\/{rel}","templated":true}]}}