{"id":1154,"date":"2025-09-28T06:26:46","date_gmt":"2025-09-28T06:26:46","guid":{"rendered":"https:\/\/uhmwpemanufacture.com\/?post_type=product&#038;p=1154"},"modified":"2025-09-28T06:26:46","modified_gmt":"2025-09-28T06:26:46","slug":"uhmwpe-coal-bunker-lining-plate-injection-molded-parts-dealer","status":"publish","type":"product","link":"https:\/\/uhmwpemanufacture.com\/it\/uhmwpe-coal-bunker-lining-plate-injection-molded-parts-dealer\/","title":{"rendered":"UHMWPE carbone bunker rivestimento piatto iniezione parti stampate rivenditore"},"content":{"rendered":"<h2>UHMWPE carbone Bunker piastra di rivestimento cellulare iniezione costruito componenti Fornitore<\/h2>\n<p>Le nostre piastre di rivestimento per ripari di carbone in UHMWPE sono state sviluppate per l'efficienza nell'industria mineraria. Grazie all'elevata resistenza all'usura, all'autolubrificazione e all'eccezionale resistenza agli urti, evitano le ostruzioni del materiale e riducono i tempi di inattivit\u00e0 per la manutenzione. Stampate a iniezione per la massima precisione, queste piastre sono molto facili da montare e offrono una protezione eccellente contro l'abrasione e la corrosione. Ideali per bunker di carbone, scivoli, silos e tramogge, prolungano la vita degli utensili e assicurano una gestione pi\u00f9 fluida dei materiali di massa. Fiduciosi nelle procedure industriali, questi rivestimenti garantiscono longevit\u00e0 ed efficienza negli ambienti pi\u00f9 difficili, rendendoli un rimedio necessario per le applicazioni di estrazione e lavorazione.<\/p>","protected":false},"excerpt":{"rendered":"<p>Le piastre di rivestimento per bunker di carbone in UHMWPE offrono un'elevata resistenza all'usura, agli urti e all'autolubrificazione. Ideali per scivoli, silos e bunker, assicurano una movimentazione fluida dei materiali sfusi, riducono gli intasamenti e prolungano la vita utile delle apparecchiature grazie alla facilit\u00e0 di installazione e alla durata.<\/p>","protected":false},"featured_media":1157,"template":"","meta":{"_gspb_post_css":""},"product_brand":[],"product_cat":[15,22],"product_tag":[149,148,147],"class_list":{"0":"post-1154","1":"product","2":"type-product","3":"status-publish","4":"has-post-thumbnail","6":"product_cat-uhmwpe-hdpe-sheets-plates","7":"product_cat-coal-bunker-limit-plates","8":"product_tag-chute-lining-plate","9":"product_tag-injection-molded-parts","10":"product_tag-uhmwpe-coal-bunker-liner","12":"first","13":"instock","14":"shipping-taxable","15":"product-type-simple"},"_links":{"self":[{"href":"https:\/\/uhmwpemanufacture.com\/it\/wp-json\/wp\/v2\/product\/1154","targetHints":{"allow":["GET"]}}],"collection":[{"href":"https:\/\/uhmwpemanufacture.com\/it\/wp-json\/wp\/v2\/product"}],"about":[{"href":"https:\/\/uhmwpemanufacture.com\/it\/wp-json\/wp\/v2\/types\/product"}],"wp:featuredmedia":[{"embeddable":true,"href":"https:\/\/uhmwpemanufacture.com\/it\/wp-json\/wp\/v2\/media\/1157"}],"wp:attachment":[{"href":"https:\/\/uhmwpemanufacture.com\/it\/wp-json\/wp\/v2\/media?parent=1154"}],"wp:term":[{"taxonomy":"product_brand","embeddable":true,"href":"https:\/\/uhmwpemanufacture.com\/it\/wp-json\/wp\/v2\/product_brand?post=1154"},{"taxonomy":"product_cat","embeddable":true,"href":"https:\/\/uhmwpemanufacture.com\/it\/wp-json\/wp\/v2\/product_cat?post=1154"},{"taxonomy":"product_tag","embeddable":true,"href":"https:\/\/uhmwpemanufacture.com\/it\/wp-json\/wp\/v2\/product_tag?post=1154"}],"curies":[{"name":"wp","href":"https:\/\/api.w.org\/{rel}","templated":true}]}}