{"id":1175,"date":"2025-09-28T06:42:45","date_gmt":"2025-09-28T06:42:45","guid":{"rendered":"https:\/\/uhmwpemanufacture.com\/?post_type=product&#038;p=1175"},"modified":"2025-09-28T06:42:45","modified_gmt":"2025-09-28T06:42:45","slug":"resistant-uhmwpe-plate-natural-peek-board-plastic-exporter","status":"publish","type":"product","link":"https:\/\/uhmwpemanufacture.com\/it\/resistant-uhmwpe-plate-natural-peek-board-plastic-exporter\/","title":{"rendered":"Resistente Uhmwpe piastra naturale PEEK bordo plastica esportatore"},"content":{"rendered":"<h2>Immune Uhmwpe Piastra naturale PEEK Board Mercante di plastica<\/h2>\n<p>Le nostre resistenti lastre in UHMWPE e i nostri prodotti in PEEK naturale offrono una resilienza e un'efficienza fenomenali in un'ampia gamma di applicazioni. Realizzati per resistere a influenze elevate, usura pesante e ambienti esigenti, questi materiali plastici di design offrono un'eccellente resistenza agli agenti chimici, allo sfregamento e all'umidit\u00e0. Grazie all'eccellente lavorabilit\u00e0 e stabilit\u00e0, sono ottimali per i componenti industriali, i componenti meccanici e i raccordi di precisione. Disponibili in lastre, pali e forme personalizzate, soddisfano le diverse esigenze di settori come quello automobilistico, minerario, aerospaziale e alimentare. La qualit\u00e0 affidabile e la lunga durata li rendono una scelta affidabile per i rappresentanti mondiali.<\/p>\n<h2>Attributi del trucco<\/h2>\n<p>Elevata resistenza all'usura e agli urti<\/p>\n<p>Eccezionale stabilit\u00e0 chimica<\/p>\n<p>Lavorabilit\u00e0 e adattabilit\u00e0 superiori<\/p>\n<p>Immune all'umidit\u00e0 e alla corrosione<\/p>\n<p>Disponibile in numerose forme e dimensioni<\/p>","protected":false},"excerpt":{"rendered":"<p>Le resistenti lastre in UHMWPE e le lastre in PEEK naturale garantiscono un'eccezionale forza, resistenza all'usura e stabilit\u00e0 chimica. Perfetti per i componenti industriali, i macchinari e l'ingegneria, questi materiali plastici offrono una lunga durata e prestazioni affidabili nelle applicazioni pi\u00f9 complesse.<\/p>","protected":false},"featured_media":1178,"template":"","meta":{"_gspb_post_css":""},"product_brand":[],"product_cat":[15,17],"product_tag":[157,156,155],"class_list":{"0":"post-1175","1":"product","2":"type-product","3":"status-publish","4":"has-post-thumbnail","6":"product_cat-uhmwpe-hdpe-sheets-plates","7":"product_cat-uhmwpe-sheets","8":"product_tag-engineering-plastics","9":"product_tag-peek-board","10":"product_tag-uhmwpe-plate","12":"first","13":"instock","14":"shipping-taxable","15":"product-type-simple"},"_links":{"self":[{"href":"https:\/\/uhmwpemanufacture.com\/it\/wp-json\/wp\/v2\/product\/1175","targetHints":{"allow":["GET"]}}],"collection":[{"href":"https:\/\/uhmwpemanufacture.com\/it\/wp-json\/wp\/v2\/product"}],"about":[{"href":"https:\/\/uhmwpemanufacture.com\/it\/wp-json\/wp\/v2\/types\/product"}],"wp:featuredmedia":[{"embeddable":true,"href":"https:\/\/uhmwpemanufacture.com\/it\/wp-json\/wp\/v2\/media\/1178"}],"wp:attachment":[{"href":"https:\/\/uhmwpemanufacture.com\/it\/wp-json\/wp\/v2\/media?parent=1175"}],"wp:term":[{"taxonomy":"product_brand","embeddable":true,"href":"https:\/\/uhmwpemanufacture.com\/it\/wp-json\/wp\/v2\/product_brand?post=1175"},{"taxonomy":"product_cat","embeddable":true,"href":"https:\/\/uhmwpemanufacture.com\/it\/wp-json\/wp\/v2\/product_cat?post=1175"},{"taxonomy":"product_tag","embeddable":true,"href":"https:\/\/uhmwpemanufacture.com\/it\/wp-json\/wp\/v2\/product_tag?post=1175"}],"curies":[{"name":"wp","href":"https:\/\/api.w.org\/{rel}","templated":true}]}}